{"id":244,"date":"2026-03-31T09:23:08","date_gmt":"2026-03-31T09:23:08","guid":{"rendered":"https:\/\/ktech7.k-tech-services.com\/info655\/?page_id=244"},"modified":"2026-04-13T05:36:41","modified_gmt":"2026-04-13T05:36:41","slug":"cam-nhan-hoc-vien","status":"publish","type":"page","link":"https:\/\/ktech7.k-tech-services.com\/info655\/cam-nhan-hoc-vien\/","title":{"rendered":"C\u1ea3m nh\u1eadn h\u1ecdc vi\u00ean"},"content":{"rendered":"\t<section class=\"section\" id=\"section_1461046313\">\n\t\t<div class=\"bg section-bg fill bg-fill  bg-loaded\" >\n\n\t\t\t\n\t\t\t\n\t\t\t\n\n\t\t<\/div>\n\n\t\t\n\n\t\t<div class=\"section-content relative\">\n\t\t\t\n<h1 class=\"font-helvet custom-title text-uppercase text-center\">H\u1eccC VI\u00caN N\u00d3I G\u00cc V\u1ec0 Panda<\/h1>\n<div class=\"row\"  id=\"row-775727421\">\n\n\t<div id=\"col-1555928104\" class=\"col medium-8 small-12 large-8\"  >\n\t\t\t\t<div class=\"col-inner\"  >\n\t\t\t\n\t\t\t\n<div class=\"row\"  id=\"row-2050810119\">\n\n\t<div id=\"col-1786487747\" class=\"col box_review small-12 large-12\"  >\n\t\t\t\t<div class=\"col-inner\"  >\n\t\t\t\n\t\t\t\n\n\t\t<div class=\"icon-box featured-box icon-box-left text-left\"  >\n\t\t\t\t\t<div class=\"icon-box-img\" style=\"width: 140px\">\n\t\t\t\t<div class=\"icon\">\n\t\t\t\t\t<div class=\"icon-inner\" >\n\t\t\t\t\t\t<img loading=\"lazy\" decoding=\"async\" width=\"225\" height=\"300\" src=\"https:\/\/ktech7.k-tech-services.com\/info655\/wp-content\/uploads\/2026\/04\/ban-my-1-225x300.jpg\" class=\"attachment-medium size-medium\" alt=\"\" srcset=\"https:\/\/ktech7.k-tech-services.com\/info655\/wp-content\/uploads\/2026\/04\/ban-my-1-225x300.jpg 225w, https:\/\/ktech7.k-tech-services.com\/info655\/wp-content\/uploads\/2026\/04\/ban-my-1-768x1024.jpg 768w, https:\/\/ktech7.k-tech-services.com\/info655\/wp-content\/uploads\/2026\/04\/ban-my-1-1152x1536.jpg 1152w, https:\/\/ktech7.k-tech-services.com\/info655\/wp-content\/uploads\/2026\/04\/ban-my-1-1536x2048.jpg 1536w, https:\/\/ktech7.k-tech-services.com\/info655\/wp-content\/uploads\/2026\/04\/ban-my-1-scaled.jpg 1920w\" sizes=\"auto, (max-width: 225px) 100vw, 225px\" \/>\t\t\t\t\t<\/div>\n\t\t\t\t<\/div>\n\t\t\t<\/div>\n\t\t\t\t<div class=\"icon-box-text last-reset\">\n\t\t\t\t\t\t\t\t\t\n<h3>B\u1ea1n My<\/h3>\n\t\t<\/div>\n\t<\/div>\n\t\n\t\n<p><span style=\"font-weight: 400;\">N\u00f3i th\u1eadt l\u00e0 l\u00fac \u0111\u1ea7u m\u00ecnh s\u1ee3 ti\u1ebfng Trung kh\u00f3 l\u1eafm, m\u00e0 v\u00f4 \u0111\u00e2y th\u1ea7y c\u00f4 ch\u1ec9 m\u1eb9o nh\u1edb ch\u1eef H\u00e1n d\u1ec5 c\u1ef1c. Gi\u1edd m\u00ecnh \u0111\u00e3 t\u1ef1 tin n\u00f3i m\u1ea5y c\u00e2u c\u01a1 b\u1ea3n r\u1ed3i. H\u1ecdc ph\u00ed \u1ed5n m\u00e0 ch\u1ea5t l\u01b0\u1ee3ng th\u00ec qu\u00e1 l\u00e0 &#8216;okela&#8217; lu\u00f4n<\/span><\/p>\n\t\t<\/div>\n\t\t\t\t\t<\/div>\n\n\t\n\n\t<div id=\"col-1881266067\" class=\"col box_review small-12 large-12\"  >\n\t\t\t\t<div class=\"col-inner\"  >\n\t\t\t\n\t\t\t\n\n\t\t<div class=\"icon-box featured-box icon-box-left text-left\"  >\n\t\t\t\t\t<div class=\"icon-box-img\" style=\"width: 140px\">\n\t\t\t\t<div class=\"icon\">\n\t\t\t\t\t<div class=\"icon-inner\" >\n\t\t\t\t\t\t<img loading=\"lazy\" decoding=\"async\" width=\"207\" height=\"300\" src=\"https:\/\/ktech7.k-tech-services.com\/info655\/wp-content\/uploads\/2026\/04\/ban-nguyen-207x300.jpg\" class=\"attachment-medium size-medium\" alt=\"\" srcset=\"https:\/\/ktech7.k-tech-services.com\/info655\/wp-content\/uploads\/2026\/04\/ban-nguyen-207x300.jpg 207w, https:\/\/ktech7.k-tech-services.com\/info655\/wp-content\/uploads\/2026\/04\/ban-nguyen-708x1024.jpg 708w, https:\/\/ktech7.k-tech-services.com\/info655\/wp-content\/uploads\/2026\/04\/ban-nguyen-768x1112.jpg 768w, https:\/\/ktech7.k-tech-services.com\/info655\/wp-content\/uploads\/2026\/04\/ban-nguyen-1061x1536.jpg 1061w, https:\/\/ktech7.k-tech-services.com\/info655\/wp-content\/uploads\/2026\/04\/ban-nguyen-1415x2048.jpg 1415w, https:\/\/ktech7.k-tech-services.com\/info655\/wp-content\/uploads\/2026\/04\/ban-nguyen.jpg 1614w\" sizes=\"auto, (max-width: 207px) 100vw, 207px\" \/>\t\t\t\t\t<\/div>\n\t\t\t\t<\/div>\n\t\t\t<\/div>\n\t\t\t\t<div class=\"icon-box-text last-reset\">\n\t\t\t\t\t\t\t\t\t\n<h3><strong>B\u1ea1n Nguy\u00ean<\/strong><\/h3>\n\t\t<\/div>\n\t<\/div>\n\t\n\t\n<p><span style=\"font-weight: 400;\">H\u1ecdc \u1edf \u0111\u00e2y bao vui lu\u00f4n m\u1ecdi ng\u01b0\u1eddi \u01a1i! Gi\u00e1o vi\u00ean si\u00eau d\u1ec5 th\u01b0\u01a1ng m\u00e0 d\u1ea1y c\u1ef1c k\u1ef9, l\u1edbp l\u00fac n\u00e0o c\u0169ng c\u01b0\u1eddi th\u1ea3 ga n\u00ean ti\u1ebfp thu b\u00e0i nhanh l\u1eafm. Ai s\u1ee3 h\u1ecdc ti\u1ebfng Trung b\u1ecb kh\u00f4 khan th\u00ec c\u1ee9 gh\u00e9 \u0111\u00e2y, \u0111\u1ea3m b\u1ea3o nghi\u1ec7n lu\u00f4n<\/span><\/p>\n\t\t<\/div>\n\t\t\t\t\t<\/div>\n\n\t\n\n\t<div id=\"col-1705312029\" class=\"col box_review small-12 large-12\"  >\n\t\t\t\t<div class=\"col-inner\"  >\n\t\t\t\n\t\t\t\n\n\t\t<div class=\"icon-box featured-box icon-box-left text-left\"  >\n\t\t\t\t\t<div class=\"icon-box-img\" style=\"width: 140px\">\n\t\t\t\t<div class=\"icon\">\n\t\t\t\t\t<div class=\"icon-inner\" >\n\t\t\t\t\t\t<img loading=\"lazy\" decoding=\"async\" width=\"225\" height=\"300\" src=\"https:\/\/ktech7.k-tech-services.com\/info655\/wp-content\/uploads\/2026\/04\/ban-hoang-225x300.jpg\" class=\"attachment-medium size-medium\" alt=\"\" srcset=\"https:\/\/ktech7.k-tech-services.com\/info655\/wp-content\/uploads\/2026\/04\/ban-hoang-225x300.jpg 225w, https:\/\/ktech7.k-tech-services.com\/info655\/wp-content\/uploads\/2026\/04\/ban-hoang-768x1024.jpg 768w, https:\/\/ktech7.k-tech-services.com\/info655\/wp-content\/uploads\/2026\/04\/ban-hoang-1152x1536.jpg 1152w, https:\/\/ktech7.k-tech-services.com\/info655\/wp-content\/uploads\/2026\/04\/ban-hoang-1536x2048.jpg 1536w, https:\/\/ktech7.k-tech-services.com\/info655\/wp-content\/uploads\/2026\/04\/ban-hoang-scaled.jpg 1920w\" sizes=\"auto, (max-width: 225px) 100vw, 225px\" \/>\t\t\t\t\t<\/div>\n\t\t\t\t<\/div>\n\t\t\t<\/div>\n\t\t\t\t<div class=\"icon-box-text last-reset\">\n\t\t\t\t\t\t\t\t\t\n<h3>B\u1ea1n Ho\u00e0ng<\/h3>\n\t\t<\/div>\n\t<\/div>\n\t\n\t\n<p><span style=\"font-weight: 400;\">Th\u1ef1c s\u1ef1 m\u00ecnh r\u1ea5t \u1ea5n t\u01b0\u1ee3ng v\u1edbi \u0111\u1ed9i ng\u0169 gi\u00e1o vi\u00ean t\u1ea1i \u0111\u00e2y, \u0111\u1eb7c bi\u1ec7t l\u00e0 c\u00e1c th\u1ea7y c\u00f4 ng\u01b0\u1eddi b\u1ea3n x\u1ee9. Th\u1ea7y c\u00f4 ph\u00e1t \u00e2m c\u1ef1c k\u1ef3 chu\u1ea9n, r\u00f5 r\u00e0ng, gi\u00fap m\u1ed9t \u0111\u1ee9a v\u1ed1n y\u1ebfu k\u1ef9 n\u0103ng nghe nh\u01b0 m\u00ecnh c\u1ea3m th\u1ea5y t\u1ef1 tin h\u01a1n h\u1eb3n. \u0110i\u1ec1u m\u00ecnh c\u1ea3m k\u00edch nh\u1ea5t l\u00e0 s\u1ef1 nhi\u1ec7t t\u00ecnh, th\u1ea7y c\u00f4 lu\u00f4n quan t\u00e2m v\u00e0 h\u1ed7 tr\u1ee3 h\u1ecdc vi\u00ean s\u00e1t sao, gi\u1ea3ng b\u00e0i r\u1ea5t d\u1ec5 hi\u1ec3u v\u00e0 hay l\u1ed3ng gh\u00e9p v\u0103n h\u00f3a v\u00e0o \u0111\u1ec3 b\u00e0i h\u1ecdc kh\u00f4ng b\u1ecb kh\u00f4 khan<\/span><\/p>\n\t\t<\/div>\n\t\t\t\t\t<\/div>\n\n\t\n\n\t<div id=\"col-1721054573\" class=\"col box_review small-12 large-12\"  >\n\t\t\t\t<div class=\"col-inner\"  >\n\t\t\t\n\t\t\t\n\n\t\t<div class=\"icon-box featured-box icon-box-left text-left\"  >\n\t\t\t\t\t<div class=\"icon-box-img\" style=\"width: 140px\">\n\t\t\t\t<div class=\"icon\">\n\t\t\t\t\t<div class=\"icon-inner\" >\n\t\t\t\t\t\t<img loading=\"lazy\" decoding=\"async\" width=\"225\" height=\"300\" src=\"https:\/\/ktech7.k-tech-services.com\/info655\/wp-content\/uploads\/2026\/04\/ban-minh-225x300.jpg\" class=\"attachment-medium size-medium\" alt=\"\" srcset=\"https:\/\/ktech7.k-tech-services.com\/info655\/wp-content\/uploads\/2026\/04\/ban-minh-225x300.jpg 225w, https:\/\/ktech7.k-tech-services.com\/info655\/wp-content\/uploads\/2026\/04\/ban-minh-768x1024.jpg 768w, https:\/\/ktech7.k-tech-services.com\/info655\/wp-content\/uploads\/2026\/04\/ban-minh-1152x1536.jpg 1152w, https:\/\/ktech7.k-tech-services.com\/info655\/wp-content\/uploads\/2026\/04\/ban-minh-1536x2048.jpg 1536w, https:\/\/ktech7.k-tech-services.com\/info655\/wp-content\/uploads\/2026\/04\/ban-minh-scaled.jpg 1920w\" sizes=\"auto, (max-width: 225px) 100vw, 225px\" \/>\t\t\t\t\t<\/div>\n\t\t\t\t<\/div>\n\t\t\t<\/div>\n\t\t\t\t<div class=\"icon-box-text last-reset\">\n\t\t\t\t\t\t\t\t\t\n<h3>B\u1ea1n Minh<\/h3>\n\t\t<\/div>\n\t<\/div>\n\t\n\t\n<p><span style=\"font-weight: 400;\">L\u1edbp h\u1ecdc si\u00eau tho\u1ea3i m\u00e1i, kh\u00f4ng b\u1ecb nh\u1ed3i nh\u00e9t l\u00fd thuy\u1ebft su\u00f4ng. M\u00ecnh th\u00edch c\u00e1ch th\u1ea7y c\u00f4 l\u1ed3ng gh\u00e9p v\u0103n h\u00f3a v\u00e0o b\u00e0i gi\u1ea3ng, nghe cu\u1ed1n l\u1eafm. H\u1ecdc xong bu\u1ed5i n\u00e0o l\u00e0 nh\u1edb b\u00e0i lu\u00f4n bu\u1ed5i \u0111\u00f3, \u0111\u1ee1 ph\u1ea3i v\u1ec1 nh\u00e0 h\u1ecdc v\u1eb9t<\/span><\/p>\n\t\t<\/div>\n\t\t\t\t\t<\/div>\n\n\t\n<\/div>\n\t\t<\/div>\n\t\t\t\t\t<\/div>\n\n\t\n\n\t<div id=\"col-435906991\" class=\"col medium-4 small-12 large-4\"  >\n\t\t\t\t<div class=\"col-inner\"  >\n\t\t\t\n\t\t\t\n\n<div class=\"wpcf7 no-js\" id=\"wpcf7-f9-o1\" lang=\"en-US\" dir=\"ltr\" data-wpcf7-id=\"9\">\n<div class=\"screen-reader-response\"><p role=\"status\" aria-live=\"polite\" aria-atomic=\"true\"><\/p> <ul><\/ul><\/div>\n<form action=\"\/info655\/wp-json\/wp\/v2\/pages\/244#wpcf7-f9-o1\" method=\"post\" class=\"wpcf7-form init\" aria-label=\"Contact form\" novalidate=\"novalidate\" data-status=\"init\">\n<fieldset class=\"hidden-fields-container\"><input type=\"hidden\" name=\"_wpcf7\" value=\"9\" \/><input type=\"hidden\" name=\"_wpcf7_version\" value=\"6.1.4\" \/><input type=\"hidden\" name=\"_wpcf7_locale\" value=\"en_US\" \/><input type=\"hidden\" name=\"_wpcf7_unit_tag\" value=\"wpcf7-f9-o1\" \/><input type=\"hidden\" name=\"_wpcf7_container_post\" value=\"0\" \/><input type=\"hidden\" name=\"_wpcf7_posted_data_hash\" value=\"\" \/>\n<\/fieldset>\n<div class=\"registration-form-container\">   \n<span class=\"wpcf7-form-control-wrap\" data-name=\"your-name\"><input size=\"40\" maxlength=\"400\" class=\"wpcf7-form-control wpcf7-text wpcf7-validates-as-required\" autocomplete=\"name\" aria-required=\"true\" aria-invalid=\"false\" placeholder=\"H\u1ecd v\u00e0 t\u00ean\" value=\"\" type=\"text\" name=\"your-name\" \/><\/span> \n<span class=\"wpcf7-form-control-wrap\" data-name=\"tel-919\"><input size=\"40\" maxlength=\"400\" class=\"wpcf7-form-control wpcf7-tel wpcf7-text wpcf7-validates-as-tel\" aria-invalid=\"false\" placeholder=\"S\u1ed1 \u0111i\u1ec7n tho\u1ea1i\" value=\"\" type=\"tel\" name=\"tel-919\" \/><\/span>\n    <span class=\"wpcf7-form-control-wrap\" data-name=\"your-email\"><input size=\"40\" maxlength=\"400\" class=\"wpcf7-form-control wpcf7-email wpcf7-validates-as-required wpcf7-text wpcf7-validates-as-email\" autocomplete=\"email\" aria-required=\"true\" aria-invalid=\"false\" placeholder=\"Email\" value=\"\" type=\"email\" name=\"your-email\" \/><\/span>\n\n<span class=\"wpcf7-form-control-wrap\" data-name=\"select-814\"><select class=\"wpcf7-form-control wpcf7-select\" aria-invalid=\"false\" name=\"select-814\"><option value=\"Thi ch\u1ee9ng ch\u1ec9\">Thi ch\u1ee9ng ch\u1ec9<\/option><option value=\"Du h\u1ecdc\">Du h\u1ecdc<\/option><option value=\"Ph\u1ee5c v\u1ee5 c\u00f4ng vi\u1ec7c\">Ph\u1ee5c v\u1ee5 c\u00f4ng vi\u1ec7c<\/option><\/select><\/span>\n\n<input class=\"wpcf7-form-control wpcf7-submit has-spinner\" type=\"submit\" value=\"\u0110\u0103ng k\u00fd t\u01b0 v\u1ea5n\" \/>\n <\/div><div class=\"wpcf7-response-output\" aria-hidden=\"true\"><\/div>\n<\/form>\n<\/div>\n\n\t<div id=\"gap-6940703\" class=\"gap-element clearfix\" style=\"display:block; height:auto;\">\n\t\t\n<style>\n#gap-6940703 {\n  padding-top: 30px;\n}\n<\/style>\n\t<\/div>\n\t\n<ul class=\"sidebar-wrapper ul-reset widgets-framed\"><aside id=\"flatsome_recent_posts-2\" class=\"widget flatsome_recent_posts\">\t\t<span class=\"widget-title \"><span>B\u00e0i \u0111\u0103ng g\u1ea7n \u0111\u00e2y<\/span><\/span><div class=\"is-divider small\"><\/div>\t\t<ul>\t\t\n\t\t\n\t\t<li class=\"recent-blog-posts-li\">\n\t\t\t<div class=\"flex-row recent-blog-posts align-top pt-half pb-half\">\n\t\t\t\t<div class=\"flex-col mr-half\">\n\t\t\t\t\t<div class=\"badge post-date  badge-outline\">\n\t\t\t\t\t\t\t<div class=\"badge-inner bg-fill\" style=\"background: url(https:\/\/ktech7.k-tech-services.com\/info655\/wp-content\/uploads\/2026\/04\/tap-the-150x150.jpg); border:0;\">\n                                \t\t\t\t\t\t\t<\/div>\n\t\t\t\t\t<\/div>\n\t\t\t\t<\/div>\n\t\t\t\t<div class=\"flex-col flex-grow\">\n\t\t\t\t\t  <a href=\"https:\/\/ktech7.k-tech-services.com\/info655\/hoat-dong\/\" title=\"TALKSHOW \u0110\u1ed8C QUY\u1ec0N: CHINH PH\u1ee4C NH\u00c0 TUY\u1ec2N D\u1ee4NG TRUNG QU\u1ed0C\">TALKSHOW \u0110\u1ed8C QUY\u1ec0N: CHINH PH\u1ee4C NH\u00c0 TUY\u1ec2N D\u1ee4NG TRUNG QU\u1ed0C<\/a>\n\t\t\t\t   \t  <span class=\"post_comments op-7 block is-xsmall\"><a href=\"https:\/\/ktech7.k-tech-services.com\/info655\/hoat-dong\/#respond\"><\/a><\/span>\n\t\t\t\t<\/div>\n\t\t\t<\/div>\n\t\t<\/li>\n\t\t\n\t\t\n\t\t<li class=\"recent-blog-posts-li\">\n\t\t\t<div class=\"flex-row recent-blog-posts align-top pt-half pb-half\">\n\t\t\t\t<div class=\"flex-col mr-half\">\n\t\t\t\t\t<div class=\"badge post-date  badge-outline\">\n\t\t\t\t\t\t\t<div class=\"badge-inner bg-fill\" style=\"background: url(https:\/\/ktech7.k-tech-services.com\/info655\/wp-content\/uploads\/2025\/12\/khuon-vien-dai-hoc-son-dong-2-768x512-1-150x150.jpg); border:0;\">\n                                \t\t\t\t\t\t\t<\/div>\n\t\t\t\t\t<\/div>\n\t\t\t\t<\/div>\n\t\t\t\t<div class=\"flex-col flex-grow\">\n\t\t\t\t\t  <a href=\"https:\/\/ktech7.k-tech-services.com\/info655\/lich-thi-hsk-2026-moi-nhat-thoi-gian-dang-ky-ngay-thi-va-nhung-luu-y-quan-trong\/\" title=\"L\u1ecbch thi HSK 2026 m\u1edbi nh\u1ea5t: Th\u1eddi gian \u0111\u0103ng k\u00fd, ng\u00e0y thi v\u00e0 nh\u1eefng l\u01b0u \u00fd quan tr\u1ecdng\">L\u1ecbch thi HSK 2026 m\u1edbi nh\u1ea5t: Th\u1eddi gian \u0111\u0103ng k\u00fd, ng\u00e0y thi v\u00e0 nh\u1eefng l\u01b0u \u00fd quan tr\u1ecdng<\/a>\n\t\t\t\t   \t  <span class=\"post_comments op-7 block is-xsmall\"><a href=\"https:\/\/ktech7.k-tech-services.com\/info655\/lich-thi-hsk-2026-moi-nhat-thoi-gian-dang-ky-ngay-thi-va-nhung-luu-y-quan-trong\/#respond\"><\/a><\/span>\n\t\t\t\t<\/div>\n\t\t\t<\/div>\n\t\t<\/li>\n\t\t\n\t\t\n\t\t<li class=\"recent-blog-posts-li\">\n\t\t\t<div class=\"flex-row recent-blog-posts align-top pt-half pb-half\">\n\t\t\t\t<div class=\"flex-col mr-half\">\n\t\t\t\t\t<div class=\"badge post-date  badge-outline\">\n\t\t\t\t\t\t\t<div class=\"badge-inner bg-fill\" style=\"background: url(https:\/\/ktech7.k-tech-services.com\/info655\/wp-content\/uploads\/2025\/12\/khuon-vien-dai-hoc-son-dong-2-768x512-1-150x150.jpg); border:0;\">\n                                \t\t\t\t\t\t\t<\/div>\n\t\t\t\t\t<\/div>\n\t\t\t\t<\/div>\n\t\t\t\t<div class=\"flex-col flex-grow\">\n\t\t\t\t\t  <a href=\"https:\/\/ktech7.k-tech-services.com\/info655\/top-cac-truong-dai-hoc-hang-dau-trung-quoc-du-hoc-sinh-viet-nam-nen-can-nhac-nam-2026-2\/\" title=\"Top c\u00e1c tr\u01b0\u1eddng \u0111\u1ea1i h\u1ecdc h\u00e0ng \u0111\u1ea7u Trung Qu\u1ed1c du h\u1ecdc sinh Vi\u1ec7t Nam n\u00ean c\u00e2n nh\u1eafc n\u0103m 2026\">Top c\u00e1c tr\u01b0\u1eddng \u0111\u1ea1i h\u1ecdc h\u00e0ng \u0111\u1ea7u Trung Qu\u1ed1c du h\u1ecdc sinh Vi\u1ec7t Nam n\u00ean c\u00e2n nh\u1eafc n\u0103m 2026<\/a>\n\t\t\t\t   \t  <span class=\"post_comments op-7 block is-xsmall\"><a href=\"https:\/\/ktech7.k-tech-services.com\/info655\/top-cac-truong-dai-hoc-hang-dau-trung-quoc-du-hoc-sinh-viet-nam-nen-can-nhac-nam-2026-2\/#respond\"><\/a><\/span>\n\t\t\t\t<\/div>\n\t\t\t<\/div>\n\t\t<\/li>\n\t\t\n\t\t\n\t\t<li class=\"recent-blog-posts-li\">\n\t\t\t<div class=\"flex-row recent-blog-posts align-top pt-half pb-half\">\n\t\t\t\t<div class=\"flex-col mr-half\">\n\t\t\t\t\t<div class=\"badge post-date  badge-outline\">\n\t\t\t\t\t\t\t<div class=\"badge-inner bg-fill\" style=\"background: url(https:\/\/ktech7.k-tech-services.com\/info655\/wp-content\/uploads\/2025\/12\/khuon-vien-dai-hoc-son-dong-2-768x512-1-150x150.jpg); border:0;\">\n                                \t\t\t\t\t\t\t<\/div>\n\t\t\t\t\t<\/div>\n\t\t\t\t<\/div>\n\t\t\t\t<div class=\"flex-col flex-grow\">\n\t\t\t\t\t  <a href=\"https:\/\/ktech7.k-tech-services.com\/info655\/hsk-3-0-se-chinh-thuc-ap-dung-toan-cau-tu-thang-7-2026-toan-bo-thay-doi-nguoi-hoc-tieng-trung-can-biet-2\/\" title=\"HSK 3.0 s\u1ebd ch\u00ednh th\u1ee9c \u00e1p d\u1ee5ng to\u00e0n c\u1ea7u t\u1eeb th\u00e1ng 7\/2026: To\u00e0n b\u1ed9 thay \u0111\u1ed5i ng\u01b0\u1eddi h\u1ecdc ti\u1ebfng Trung c\u1ea7n bi\u1ebft\">HSK 3.0 s\u1ebd ch\u00ednh th\u1ee9c \u00e1p d\u1ee5ng to\u00e0n c\u1ea7u t\u1eeb th\u00e1ng 7\/2026: To\u00e0n b\u1ed9 thay \u0111\u1ed5i ng\u01b0\u1eddi h\u1ecdc ti\u1ebfng Trung c\u1ea7n bi\u1ebft<\/a>\n\t\t\t\t   \t  <span class=\"post_comments op-7 block is-xsmall\"><a href=\"https:\/\/ktech7.k-tech-services.com\/info655\/hsk-3-0-se-chinh-thuc-ap-dung-toan-cau-tu-thang-7-2026-toan-bo-thay-doi-nguoi-hoc-tieng-trung-can-biet-2\/#respond\"><\/a><\/span>\n\t\t\t\t<\/div>\n\t\t\t<\/div>\n\t\t<\/li>\n\t\t\t\t<\/ul>\t\t<\/aside><aside id=\"tag_cloud-2\" class=\"widget widget_tag_cloud\"><span class=\"widget-title \"><span>N\u1ed9i dung li\u00ean k\u1ebft<\/span><\/span><div class=\"is-divider small\"><\/div><div class=\"tagcloud\"><a href=\"https:\/\/ktech7.k-tech-services.com\/info655\/tag\/phien-am\/\" class=\"tag-cloud-link tag-link-16 tag-link-position-1\" style=\"font-size: 8pt;\" aria-label=\"Phi\u00ean \u00e2m (1 item)\">Phi\u00ean \u00e2m<\/a><\/div>\n<\/aside><\/ul>\n\t\t<\/div>\n\t\t\t\t\t<\/div>\n\n\t\n<\/div>\n\t\t<\/div>\n\n\t\t\n<style>\n#section_1461046313 {\n  padding-top: 30px;\n  padding-bottom: 30px;\n}\n<\/style>\n\t<\/section>\n\t\n","protected":false},"excerpt":{"rendered":"","protected":false},"author":1,"featured_media":0,"parent":0,"menu_order":0,"comment_status":"closed","ping_status":"closed","template":"page-blank.php","meta":{"_acf_changed":false,"footnotes":""},"class_list":["post-244","page","type-page","status-publish","hentry"],"acf":[],"_links":{"self":[{"href":"https:\/\/ktech7.k-tech-services.com\/info655\/wp-json\/wp\/v2\/pages\/244","targetHints":{"allow":["GET"]}}],"collection":[{"href":"https:\/\/ktech7.k-tech-services.com\/info655\/wp-json\/wp\/v2\/pages"}],"about":[{"href":"https:\/\/ktech7.k-tech-services.com\/info655\/wp-json\/wp\/v2\/types\/page"}],"author":[{"embeddable":true,"href":"https:\/\/ktech7.k-tech-services.com\/info655\/wp-json\/wp\/v2\/users\/1"}],"replies":[{"embeddable":true,"href":"https:\/\/ktech7.k-tech-services.com\/info655\/wp-json\/wp\/v2\/comments?post=244"}],"version-history":[{"count":8,"href":"https:\/\/ktech7.k-tech-services.com\/info655\/wp-json\/wp\/v2\/pages\/244\/revisions"}],"predecessor-version":[{"id":399,"href":"https:\/\/ktech7.k-tech-services.com\/info655\/wp-json\/wp\/v2\/pages\/244\/revisions\/399"}],"wp:attachment":[{"href":"https:\/\/ktech7.k-tech-services.com\/info655\/wp-json\/wp\/v2\/media?parent=244"}],"curies":[{"name":"wp","href":"https:\/\/api.w.org\/{rel}","templated":true}]}}