{"id":234,"date":"2026-03-31T08:58:06","date_gmt":"2026-03-31T08:58:06","guid":{"rendered":"https:\/\/ktech7.k-tech-services.com\/info655\/?page_id=234"},"modified":"2026-03-31T09:22:19","modified_gmt":"2026-03-31T09:22:19","slug":"tai-lieu-nghe","status":"publish","type":"page","link":"https:\/\/ktech7.k-tech-services.com\/info655\/tai-lieu-nghe\/","title":{"rendered":"T\u00e0i li\u1ec7u nghe"},"content":{"rendered":"\t<section class=\"section\" id=\"section_97605003\">\n\t\t<div class=\"bg section-bg fill bg-fill  bg-loaded\" >\n\n\t\t\t\n\t\t\t\n\t\t\t\n\n\t\t<\/div>\n\n\t\t\n\n\t\t<div class=\"section-content relative\">\n\t\t\t\n<div class=\"row\"  id=\"row-432555726\">\n\n\t<div id=\"col-51851485\" class=\"col medium-8 small-12 large-8\"  >\n\t\t\t\t<div class=\"col-inner\"  >\n\t\t\t\n\t\t\t\n\n\r\n    <div class=\"file_container\">\r\n        <h2 class=\"text-center\">T\u00e0i li\u1ec7u Nghe<\/h2>\r\n        <div class=\"list_file\">\r\n                            <div class=\"item_file\">\r\n                   <div class=\"item_header\">\r\n                        <h3 class=\"item_title\">\r\n                            <i class=\"fa fa-headphones\" aria-hidden=\"true\"><\/i>\r\n                            Ti\u1ebfng Trung Thi\u1ebfu Nhi                        <\/h3>\r\n                       <div class=\"toggle_details\" data-target=\"details_file_232\">\r\n                           <span>\r\n                               Xem chi ti\u1ebft\r\n                           <\/span>\r\n                           <i class=\"fas fa-chevron-right\"><\/i>\r\n                       <\/div>\r\n                   <\/div>\r\n                    <div class=\"details_content\" id=\"details_file_232\">\r\n                        <ul>\r\n                                                            <li>\r\n                                    <span>01-1<\/span>\r\n                                    <a href=\"https:\/\/ktech7.k-tech-services.com\/info655\/wp-content\/uploads\/2026\/03\/01-1.mp3\" download class=\"download_link\">\r\n                                        T\u1ea3i v\u1ec1\r\n                                        <i class=\"fa fa-download\" aria-hidden=\"true\"><\/i>\r\n\r\n                                    <\/a>\r\n                                <\/li>\r\n                                                            <li>\r\n                                    <span>01-1<\/span>\r\n                                    <a href=\"https:\/\/ktech7.k-tech-services.com\/info655\/wp-content\/uploads\/2026\/03\/01-1.mp3\" download class=\"download_link\">\r\n                                        T\u1ea3i v\u1ec1\r\n                                        <i class=\"fa fa-download\" aria-hidden=\"true\"><\/i>\r\n\r\n                                    <\/a>\r\n                                <\/li>\r\n                                                            <li>\r\n                                    <span>01-1<\/span>\r\n                                    <a href=\"https:\/\/ktech7.k-tech-services.com\/info655\/wp-content\/uploads\/2026\/03\/01-1.mp3\" download class=\"download_link\">\r\n                                        T\u1ea3i v\u1ec1\r\n                                        <i class=\"fa fa-download\" aria-hidden=\"true\"><\/i>\r\n\r\n                                    <\/a>\r\n                                <\/li>\r\n                                                            <li>\r\n                                    <span>01-1<\/span>\r\n                                    <a href=\"https:\/\/ktech7.k-tech-services.com\/info655\/wp-content\/uploads\/2026\/03\/01-1.mp3\" download class=\"download_link\">\r\n                                        T\u1ea3i v\u1ec1\r\n                                        <i class=\"fa fa-download\" aria-hidden=\"true\"><\/i>\r\n\r\n                                    <\/a>\r\n                                <\/li>\r\n                                                    <\/ul>\r\n                    <\/div>\r\n\r\n                <\/div>\r\n                            <div class=\"item_file\">\r\n                   <div class=\"item_header\">\r\n                        <h3 class=\"item_title\">\r\n                            <i class=\"fa fa-headphones\" aria-hidden=\"true\"><\/i>\r\n                            Ti\u1ebfng Trung Online                        <\/h3>\r\n                       <div class=\"toggle_details\" data-target=\"details_file_231\">\r\n                           <span>\r\n                               Xem chi ti\u1ebft\r\n                           <\/span>\r\n                           <i class=\"fas fa-chevron-right\"><\/i>\r\n                       <\/div>\r\n                   <\/div>\r\n                    <div class=\"details_content\" id=\"details_file_231\">\r\n                        <ul>\r\n                                                            <li>\r\n                                    <span>01-1<\/span>\r\n                                    <a href=\"https:\/\/ktech7.k-tech-services.com\/info655\/wp-content\/uploads\/2026\/03\/01-1.mp3\" download class=\"download_link\">\r\n                                        T\u1ea3i v\u1ec1\r\n                                        <i class=\"fa fa-download\" aria-hidden=\"true\"><\/i>\r\n\r\n                                    <\/a>\r\n                                <\/li>\r\n                                                            <li>\r\n                                    <span>01-1<\/span>\r\n                                    <a href=\"https:\/\/ktech7.k-tech-services.com\/info655\/wp-content\/uploads\/2026\/03\/01-1.mp3\" download class=\"download_link\">\r\n                                        T\u1ea3i v\u1ec1\r\n                                        <i class=\"fa fa-download\" aria-hidden=\"true\"><\/i>\r\n\r\n                                    <\/a>\r\n                                <\/li>\r\n                                                            <li>\r\n                                    <span>01-1<\/span>\r\n                                    <a href=\"https:\/\/ktech7.k-tech-services.com\/info655\/wp-content\/uploads\/2026\/03\/01-1.mp3\" download class=\"download_link\">\r\n                                        T\u1ea3i v\u1ec1\r\n                                        <i class=\"fa fa-download\" aria-hidden=\"true\"><\/i>\r\n\r\n                                    <\/a>\r\n                                <\/li>\r\n                                                            <li>\r\n                                    <span>01-1<\/span>\r\n                                    <a href=\"https:\/\/ktech7.k-tech-services.com\/info655\/wp-content\/uploads\/2026\/03\/01-1.mp3\" download class=\"download_link\">\r\n                                        T\u1ea3i v\u1ec1\r\n                                        <i class=\"fa fa-download\" aria-hidden=\"true\"><\/i>\r\n\r\n                                    <\/a>\r\n                                <\/li>\r\n                                                            <li>\r\n                                    <span>01-1<\/span>\r\n                                    <a href=\"https:\/\/ktech7.k-tech-services.com\/info655\/wp-content\/uploads\/2026\/03\/01-1.mp3\" download class=\"download_link\">\r\n                                        T\u1ea3i v\u1ec1\r\n                                        <i class=\"fa fa-download\" aria-hidden=\"true\"><\/i>\r\n\r\n                                    <\/a>\r\n                                <\/li>\r\n                                                    <\/ul>\r\n                    <\/div>\r\n\r\n                <\/div>\r\n                            <div class=\"item_file\">\r\n                   <div class=\"item_header\">\r\n                        <h3 class=\"item_title\">\r\n                            <i class=\"fa fa-headphones\" aria-hidden=\"true\"><\/i>\r\n                            Ti\u1ebfng Trung Giao Ti\u1ebfp                        <\/h3>\r\n                       <div class=\"toggle_details\" data-target=\"details_file_230\">\r\n                           <span>\r\n                               Xem chi ti\u1ebft\r\n                           <\/span>\r\n                           <i class=\"fas fa-chevron-right\"><\/i>\r\n                       <\/div>\r\n                   <\/div>\r\n                    <div class=\"details_content\" id=\"details_file_230\">\r\n                        <ul>\r\n                                                            <li>\r\n                                    <span>01-1<\/span>\r\n                                    <a href=\"https:\/\/ktech7.k-tech-services.com\/info655\/wp-content\/uploads\/2026\/03\/01-1.mp3\" download class=\"download_link\">\r\n                                        T\u1ea3i v\u1ec1\r\n                                        <i class=\"fa fa-download\" aria-hidden=\"true\"><\/i>\r\n\r\n                                    <\/a>\r\n                                <\/li>\r\n                                                            <li>\r\n                                    <span>01-1<\/span>\r\n                                    <a href=\"https:\/\/ktech7.k-tech-services.com\/info655\/wp-content\/uploads\/2026\/03\/01-1.mp3\" download class=\"download_link\">\r\n                                        T\u1ea3i v\u1ec1\r\n                                        <i class=\"fa fa-download\" aria-hidden=\"true\"><\/i>\r\n\r\n                                    <\/a>\r\n                                <\/li>\r\n                                                            <li>\r\n                                    <span>01-1<\/span>\r\n                                    <a href=\"https:\/\/ktech7.k-tech-services.com\/info655\/wp-content\/uploads\/2026\/03\/01-1.mp3\" download class=\"download_link\">\r\n                                        T\u1ea3i v\u1ec1\r\n                                        <i class=\"fa fa-download\" aria-hidden=\"true\"><\/i>\r\n\r\n                                    <\/a>\r\n                                <\/li>\r\n                                                            <li>\r\n                                    <span>01-1<\/span>\r\n                                    <a href=\"https:\/\/ktech7.k-tech-services.com\/info655\/wp-content\/uploads\/2026\/03\/01-1.mp3\" download class=\"download_link\">\r\n                                        T\u1ea3i v\u1ec1\r\n                                        <i class=\"fa fa-download\" aria-hidden=\"true\"><\/i>\r\n\r\n                                    <\/a>\r\n                                <\/li>\r\n                                                    <\/ul>\r\n                    <\/div>\r\n\r\n                <\/div>\r\n                            <div class=\"item_file\">\r\n                   <div class=\"item_header\">\r\n                        <h3 class=\"item_title\">\r\n                            <i class=\"fa fa-headphones\" aria-hidden=\"true\"><\/i>\r\n                            Ti\u1ebfng Trung HSK                        <\/h3>\r\n                       <div class=\"toggle_details\" data-target=\"details_file_226\">\r\n                           <span>\r\n                               Xem chi ti\u1ebft\r\n                           <\/span>\r\n                           <i class=\"fas fa-chevron-right\"><\/i>\r\n                       <\/div>\r\n                   <\/div>\r\n                    <div class=\"details_content\" id=\"details_file_226\">\r\n                        <ul>\r\n                                                            <li>\r\n                                    <span>01-1<\/span>\r\n                                    <a href=\"https:\/\/ktech7.k-tech-services.com\/info655\/wp-content\/uploads\/2026\/03\/01-1.mp3\" download class=\"download_link\">\r\n                                        T\u1ea3i v\u1ec1\r\n                                        <i class=\"fa fa-download\" aria-hidden=\"true\"><\/i>\r\n\r\n                                    <\/a>\r\n                                <\/li>\r\n                                                            <li>\r\n                                    <span>01-1<\/span>\r\n                                    <a href=\"https:\/\/ktech7.k-tech-services.com\/info655\/wp-content\/uploads\/2026\/03\/01-1.mp3\" download class=\"download_link\">\r\n                                        T\u1ea3i v\u1ec1\r\n                                        <i class=\"fa fa-download\" aria-hidden=\"true\"><\/i>\r\n\r\n                                    <\/a>\r\n                                <\/li>\r\n                                                            <li>\r\n                                    <span>01-1<\/span>\r\n                                    <a href=\"https:\/\/ktech7.k-tech-services.com\/info655\/wp-content\/uploads\/2026\/03\/01-1.mp3\" download class=\"download_link\">\r\n                                        T\u1ea3i v\u1ec1\r\n                                        <i class=\"fa fa-download\" aria-hidden=\"true\"><\/i>\r\n\r\n                                    <\/a>\r\n                                <\/li>\r\n                                                            <li>\r\n                                    <span>01-1<\/span>\r\n                                    <a href=\"https:\/\/ktech7.k-tech-services.com\/info655\/wp-content\/uploads\/2026\/03\/01-1.mp3\" download class=\"download_link\">\r\n                                        T\u1ea3i v\u1ec1\r\n                                        <i class=\"fa fa-download\" aria-hidden=\"true\"><\/i>\r\n\r\n                                    <\/a>\r\n                                <\/li>\r\n                                                    <\/ul>\r\n                    <\/div>\r\n\r\n                <\/div>\r\n                    <\/div>\r\n    <\/div>\r\n\r\n    \n\n\t\t<\/div>\n\t\t\t\t\t<\/div>\n\n\t\n\n\t<div id=\"col-1163359076\" class=\"col medium-4 small-12 large-4\"  >\n\t\t\t\t<div class=\"col-inner\"  >\n\t\t\t\n\t\t\t\n\n<div class=\"wpcf7 no-js\" id=\"wpcf7-f9-o1\" lang=\"en-US\" dir=\"ltr\" data-wpcf7-id=\"9\">\n<div class=\"screen-reader-response\"><p role=\"status\" aria-live=\"polite\" aria-atomic=\"true\"><\/p> <ul><\/ul><\/div>\n<form action=\"\/info655\/wp-json\/wp\/v2\/pages\/234#wpcf7-f9-o1\" method=\"post\" class=\"wpcf7-form init\" aria-label=\"Contact form\" novalidate=\"novalidate\" data-status=\"init\">\n<fieldset class=\"hidden-fields-container\"><input type=\"hidden\" name=\"_wpcf7\" value=\"9\" \/><input type=\"hidden\" name=\"_wpcf7_version\" value=\"6.1.4\" \/><input type=\"hidden\" name=\"_wpcf7_locale\" value=\"en_US\" \/><input type=\"hidden\" name=\"_wpcf7_unit_tag\" value=\"wpcf7-f9-o1\" \/><input type=\"hidden\" name=\"_wpcf7_container_post\" value=\"0\" \/><input type=\"hidden\" name=\"_wpcf7_posted_data_hash\" value=\"\" \/>\n<\/fieldset>\n<div class=\"registration-form-container\">   \n<span class=\"wpcf7-form-control-wrap\" data-name=\"your-name\"><input size=\"40\" maxlength=\"400\" class=\"wpcf7-form-control wpcf7-text wpcf7-validates-as-required\" autocomplete=\"name\" aria-required=\"true\" aria-invalid=\"false\" placeholder=\"H\u1ecd v\u00e0 t\u00ean\" value=\"\" type=\"text\" name=\"your-name\" \/><\/span> \n<span class=\"wpcf7-form-control-wrap\" data-name=\"tel-919\"><input size=\"40\" maxlength=\"400\" class=\"wpcf7-form-control wpcf7-tel wpcf7-text wpcf7-validates-as-tel\" aria-invalid=\"false\" placeholder=\"S\u1ed1 \u0111i\u1ec7n tho\u1ea1i\" value=\"\" type=\"tel\" name=\"tel-919\" \/><\/span>\n    <span class=\"wpcf7-form-control-wrap\" data-name=\"your-email\"><input size=\"40\" maxlength=\"400\" class=\"wpcf7-form-control wpcf7-email wpcf7-validates-as-required wpcf7-text wpcf7-validates-as-email\" autocomplete=\"email\" aria-required=\"true\" aria-invalid=\"false\" placeholder=\"Email\" value=\"\" type=\"email\" name=\"your-email\" \/><\/span>\n\n<span class=\"wpcf7-form-control-wrap\" data-name=\"select-814\"><select class=\"wpcf7-form-control wpcf7-select\" aria-invalid=\"false\" name=\"select-814\"><option value=\"Thi ch\u1ee9ng ch\u1ec9\">Thi ch\u1ee9ng ch\u1ec9<\/option><option value=\"Du h\u1ecdc\">Du h\u1ecdc<\/option><option value=\"Ph\u1ee5c v\u1ee5 c\u00f4ng vi\u1ec7c\">Ph\u1ee5c v\u1ee5 c\u00f4ng vi\u1ec7c<\/option><\/select><\/span>\n\n<input class=\"wpcf7-form-control wpcf7-submit has-spinner\" type=\"submit\" value=\"\u0110\u0103ng k\u00fd t\u01b0 v\u1ea5n\" \/>\n <\/div><div class=\"wpcf7-response-output\" aria-hidden=\"true\"><\/div>\n<\/form>\n<\/div>\n\n\t<div id=\"gap-475920976\" class=\"gap-element clearfix\" style=\"display:block; height:auto;\">\n\t\t\n<style>\n#gap-475920976 {\n  padding-top: 30px;\n}\n<\/style>\n\t<\/div>\n\t\n<ul class=\"sidebar-wrapper ul-reset widgets-framed\"><aside id=\"flatsome_recent_posts-2\" class=\"widget flatsome_recent_posts\">\t\t<span class=\"widget-title \"><span>B\u00e0i \u0111\u0103ng g\u1ea7n \u0111\u00e2y<\/span><\/span><div class=\"is-divider small\"><\/div>\t\t<ul>\t\t\n\t\t\n\t\t<li class=\"recent-blog-posts-li\">\n\t\t\t<div class=\"flex-row recent-blog-posts align-top pt-half pb-half\">\n\t\t\t\t<div class=\"flex-col mr-half\">\n\t\t\t\t\t<div class=\"badge post-date  badge-outline\">\n\t\t\t\t\t\t\t<div class=\"badge-inner bg-fill\" style=\"background: url(https:\/\/ktech7.k-tech-services.com\/info655\/wp-content\/uploads\/2026\/04\/tap-the-150x150.jpg); border:0;\">\n                                \t\t\t\t\t\t\t<\/div>\n\t\t\t\t\t<\/div>\n\t\t\t\t<\/div>\n\t\t\t\t<div class=\"flex-col flex-grow\">\n\t\t\t\t\t  <a href=\"https:\/\/ktech7.k-tech-services.com\/info655\/hoat-dong\/\" title=\"TALKSHOW \u0110\u1ed8C QUY\u1ec0N: CHINH PH\u1ee4C NH\u00c0 TUY\u1ec2N D\u1ee4NG TRUNG QU\u1ed0C\">TALKSHOW \u0110\u1ed8C QUY\u1ec0N: CHINH PH\u1ee4C NH\u00c0 TUY\u1ec2N D\u1ee4NG TRUNG QU\u1ed0C<\/a>\n\t\t\t\t   \t  <span class=\"post_comments op-7 block is-xsmall\"><a href=\"https:\/\/ktech7.k-tech-services.com\/info655\/hoat-dong\/#respond\"><\/a><\/span>\n\t\t\t\t<\/div>\n\t\t\t<\/div>\n\t\t<\/li>\n\t\t\n\t\t\n\t\t<li class=\"recent-blog-posts-li\">\n\t\t\t<div class=\"flex-row recent-blog-posts align-top pt-half pb-half\">\n\t\t\t\t<div class=\"flex-col mr-half\">\n\t\t\t\t\t<div class=\"badge post-date  badge-outline\">\n\t\t\t\t\t\t\t<div class=\"badge-inner bg-fill\" style=\"background: url(https:\/\/ktech7.k-tech-services.com\/info655\/wp-content\/uploads\/2025\/12\/khuon-vien-dai-hoc-son-dong-2-768x512-1-150x150.jpg); border:0;\">\n                                \t\t\t\t\t\t\t<\/div>\n\t\t\t\t\t<\/div>\n\t\t\t\t<\/div>\n\t\t\t\t<div class=\"flex-col flex-grow\">\n\t\t\t\t\t  <a href=\"https:\/\/ktech7.k-tech-services.com\/info655\/lich-thi-hsk-2026-moi-nhat-thoi-gian-dang-ky-ngay-thi-va-nhung-luu-y-quan-trong\/\" title=\"L\u1ecbch thi HSK 2026 m\u1edbi nh\u1ea5t: Th\u1eddi gian \u0111\u0103ng k\u00fd, ng\u00e0y thi v\u00e0 nh\u1eefng l\u01b0u \u00fd quan tr\u1ecdng\">L\u1ecbch thi HSK 2026 m\u1edbi nh\u1ea5t: Th\u1eddi gian \u0111\u0103ng k\u00fd, ng\u00e0y thi v\u00e0 nh\u1eefng l\u01b0u \u00fd quan tr\u1ecdng<\/a>\n\t\t\t\t   \t  <span class=\"post_comments op-7 block is-xsmall\"><a href=\"https:\/\/ktech7.k-tech-services.com\/info655\/lich-thi-hsk-2026-moi-nhat-thoi-gian-dang-ky-ngay-thi-va-nhung-luu-y-quan-trong\/#respond\"><\/a><\/span>\n\t\t\t\t<\/div>\n\t\t\t<\/div>\n\t\t<\/li>\n\t\t\n\t\t\n\t\t<li class=\"recent-blog-posts-li\">\n\t\t\t<div class=\"flex-row recent-blog-posts align-top pt-half pb-half\">\n\t\t\t\t<div class=\"flex-col mr-half\">\n\t\t\t\t\t<div class=\"badge post-date  badge-outline\">\n\t\t\t\t\t\t\t<div class=\"badge-inner bg-fill\" style=\"background: url(https:\/\/ktech7.k-tech-services.com\/info655\/wp-content\/uploads\/2025\/12\/khuon-vien-dai-hoc-son-dong-2-768x512-1-150x150.jpg); border:0;\">\n                                \t\t\t\t\t\t\t<\/div>\n\t\t\t\t\t<\/div>\n\t\t\t\t<\/div>\n\t\t\t\t<div class=\"flex-col flex-grow\">\n\t\t\t\t\t  <a href=\"https:\/\/ktech7.k-tech-services.com\/info655\/top-cac-truong-dai-hoc-hang-dau-trung-quoc-du-hoc-sinh-viet-nam-nen-can-nhac-nam-2026-2\/\" title=\"Top c\u00e1c tr\u01b0\u1eddng \u0111\u1ea1i h\u1ecdc h\u00e0ng \u0111\u1ea7u Trung Qu\u1ed1c du h\u1ecdc sinh Vi\u1ec7t Nam n\u00ean c\u00e2n nh\u1eafc n\u0103m 2026\">Top c\u00e1c tr\u01b0\u1eddng \u0111\u1ea1i h\u1ecdc h\u00e0ng \u0111\u1ea7u Trung Qu\u1ed1c du h\u1ecdc sinh Vi\u1ec7t Nam n\u00ean c\u00e2n nh\u1eafc n\u0103m 2026<\/a>\n\t\t\t\t   \t  <span class=\"post_comments op-7 block is-xsmall\"><a href=\"https:\/\/ktech7.k-tech-services.com\/info655\/top-cac-truong-dai-hoc-hang-dau-trung-quoc-du-hoc-sinh-viet-nam-nen-can-nhac-nam-2026-2\/#respond\"><\/a><\/span>\n\t\t\t\t<\/div>\n\t\t\t<\/div>\n\t\t<\/li>\n\t\t\n\t\t\n\t\t<li class=\"recent-blog-posts-li\">\n\t\t\t<div class=\"flex-row recent-blog-posts align-top pt-half pb-half\">\n\t\t\t\t<div class=\"flex-col mr-half\">\n\t\t\t\t\t<div class=\"badge post-date  badge-outline\">\n\t\t\t\t\t\t\t<div class=\"badge-inner bg-fill\" style=\"background: url(https:\/\/ktech7.k-tech-services.com\/info655\/wp-content\/uploads\/2025\/12\/khuon-vien-dai-hoc-son-dong-2-768x512-1-150x150.jpg); border:0;\">\n                                \t\t\t\t\t\t\t<\/div>\n\t\t\t\t\t<\/div>\n\t\t\t\t<\/div>\n\t\t\t\t<div class=\"flex-col flex-grow\">\n\t\t\t\t\t  <a href=\"https:\/\/ktech7.k-tech-services.com\/info655\/hsk-3-0-se-chinh-thuc-ap-dung-toan-cau-tu-thang-7-2026-toan-bo-thay-doi-nguoi-hoc-tieng-trung-can-biet-2\/\" title=\"HSK 3.0 s\u1ebd ch\u00ednh th\u1ee9c \u00e1p d\u1ee5ng to\u00e0n c\u1ea7u t\u1eeb th\u00e1ng 7\/2026: To\u00e0n b\u1ed9 thay \u0111\u1ed5i ng\u01b0\u1eddi h\u1ecdc ti\u1ebfng Trung c\u1ea7n bi\u1ebft\">HSK 3.0 s\u1ebd ch\u00ednh th\u1ee9c \u00e1p d\u1ee5ng to\u00e0n c\u1ea7u t\u1eeb th\u00e1ng 7\/2026: To\u00e0n b\u1ed9 thay \u0111\u1ed5i ng\u01b0\u1eddi h\u1ecdc ti\u1ebfng Trung c\u1ea7n bi\u1ebft<\/a>\n\t\t\t\t   \t  <span class=\"post_comments op-7 block is-xsmall\"><a href=\"https:\/\/ktech7.k-tech-services.com\/info655\/hsk-3-0-se-chinh-thuc-ap-dung-toan-cau-tu-thang-7-2026-toan-bo-thay-doi-nguoi-hoc-tieng-trung-can-biet-2\/#respond\"><\/a><\/span>\n\t\t\t\t<\/div>\n\t\t\t<\/div>\n\t\t<\/li>\n\t\t\t\t<\/ul>\t\t<\/aside><aside id=\"tag_cloud-2\" class=\"widget widget_tag_cloud\"><span class=\"widget-title \"><span>N\u1ed9i dung li\u00ean k\u1ebft<\/span><\/span><div class=\"is-divider small\"><\/div><div class=\"tagcloud\"><a href=\"https:\/\/ktech7.k-tech-services.com\/info655\/tag\/phien-am\/\" class=\"tag-cloud-link tag-link-16 tag-link-position-1\" style=\"font-size: 8pt;\" aria-label=\"Phi\u00ean \u00e2m (1 item)\">Phi\u00ean \u00e2m<\/a><\/div>\n<\/aside><\/ul>\n\t\t<\/div>\n\t\t\t\t\t<\/div>\n\n\t\n<\/div>\n\t\t<\/div>\n\n\t\t\n<style>\n#section_97605003 {\n  padding-top: 30px;\n  padding-bottom: 30px;\n}\n<\/style>\n\t<\/section>\n\t\n","protected":false},"excerpt":{"rendered":"","protected":false},"author":1,"featured_media":0,"parent":0,"menu_order":0,"comment_status":"closed","ping_status":"closed","template":"page-blank.php","meta":{"_acf_changed":false,"footnotes":""},"class_list":["post-234","page","type-page","status-publish","hentry"],"acf":[],"_links":{"self":[{"href":"https:\/\/ktech7.k-tech-services.com\/info655\/wp-json\/wp\/v2\/pages\/234","targetHints":{"allow":["GET"]}}],"collection":[{"href":"https:\/\/ktech7.k-tech-services.com\/info655\/wp-json\/wp\/v2\/pages"}],"about":[{"href":"https:\/\/ktech7.k-tech-services.com\/info655\/wp-json\/wp\/v2\/types\/page"}],"author":[{"embeddable":true,"href":"https:\/\/ktech7.k-tech-services.com\/info655\/wp-json\/wp\/v2\/users\/1"}],"replies":[{"embeddable":true,"href":"https:\/\/ktech7.k-tech-services.com\/info655\/wp-json\/wp\/v2\/comments?post=234"}],"version-history":[{"count":4,"href":"https:\/\/ktech7.k-tech-services.com\/info655\/wp-json\/wp\/v2\/pages\/234\/revisions"}],"predecessor-version":[{"id":243,"href":"https:\/\/ktech7.k-tech-services.com\/info655\/wp-json\/wp\/v2\/pages\/234\/revisions\/243"}],"wp:attachment":[{"href":"https:\/\/ktech7.k-tech-services.com\/info655\/wp-json\/wp\/v2\/media?parent=234"}],"curies":[{"name":"wp","href":"https:\/\/api.w.org\/{rel}","templated":true}]}}