{"id":648,"date":"2025-07-15T10:22:40","date_gmt":"2025-07-15T10:22:40","guid":{"rendered":"http:\/\/localhost\/project_farm_spices\/?page_id=648"},"modified":"2025-07-31T10:03:51","modified_gmt":"2025-07-31T10:03:51","slug":"chinh-sach-bao-mat","status":"publish","type":"page","link":"https:\/\/ktech7.k-tech-services.com\/info574\/chinh-sach-bao-mat\/","title":{"rendered":"Ch\u00ednh s\u00e1ch b\u1ea3o m\u1eadt"},"content":{"rendered":"  <div id=\"page-header-1179005827\" class=\"page-header-wrapper\">\n  <div class=\"page-title dark featured-title\">\n\n        <div class=\"page-title-bg\">\n      <div class=\"title-bg fill bg-fill\"\n        data-parallax-container=\".page-title\"\n        data-parallax-background\n        data-parallax=\"-\">\n      <\/div>\n      <div class=\"title-overlay fill\"><\/div>\n    <\/div>\n    \n    <div class=\"page-title-inner container align-center text-center flex-row-col medium-flex-wrap\" >\n              <div class=\"title-wrapper flex-col\">\n          <h1 class=\"entry-title mb-0\">\n            Ch\u00ednh S\u00e1ch B\u1ea3o M\u1eadt          <\/h1>\n        <\/div>\n                    <div class=\"title-content flex-col\">\n        <div class=\"title-breadcrumbs pb-half pt-half\"><nav class=\"woocommerce-breadcrumb breadcrumbs uppercase\">Trang ch\u1ee7<\/nav><\/div>      <\/div>\n    <\/div>\n\n     \n<style>\n#page-header-1179005827 .page-title-inner {\n  min-height: 157px;\n}\n#page-header-1179005827 .title-bg {\n  background-image: url(https:\/\/ktech7.k-tech-services.com\/info574\/wp-content\/uploads\/2025\/07\/bg_banner-1.webp);\n}\n<\/style>\n  <\/div>\n    <\/div>\n  \n\n\t<section class=\"section\" id=\"section_868465224\">\n\t\t<div class=\"section-bg fill\" >\n\t\t\t\t\t\t\t\t\t\n\t\t\t\n\n\t\t<\/div>\n\n\t\t\n\n\t\t<div class=\"section-content relative\">\n\t\t\t\n\t<div id=\"text-2199198396\" class=\"text title-text\">\n\t\t\n<h3 class=\"uppercase\">ch\u00ednh s\u00e1ch B\u1ea3o m\u1eadt<\/h3>\n\t\t\n<style>\n#text-2199198396 {\n  text-align: center;\n  color: rgb(96, 151, 138);\n}\n#text-2199198396 > * {\n  color: rgb(96, 151, 138);\n}\n<\/style>\n\t<\/div>\n\t\n<div class=\"row\"  id=\"row-2056942822\">\n\n\t<div id=\"col-2113082510\" class=\"col medium-9 small-12 large-9\"  >\n\t\t\t\t<div class=\"col-inner box-shadow-2\"  >\n\t\t\t\n\t\t\t\n\t<div id=\"text-3631759257\" class=\"text\">\n\t\t\n<p>C\u1ea3m \u01a1n b\u1ea1n \u0111\u00e3 truy c\u1eadp v\u00e0o trang website \u0111\u01b0\u1ee3c v\u1eadn h\u00e0nh b\u1edfi C\u00f4ng ty TNHH XNK Viet Farm Global. Ch\u00fang t\u00f4i t\u00f4n tr\u1ecdng v\u00e0 cam k\u1ebft s\u1ebd b\u1ea3o m\u1eadt nh\u1eefng th\u00f4ng tin mang t\u00ednh ri\u00eang t\u01b0 c\u1ee7a b\u1ea1n. Xin vui l\u00f2ng \u0111\u1ecdc b\u1ea3n Ch\u00ednh s\u00e1ch b\u1ea3o v\u1ec7 th\u00f4ng tin c\u00e1 nh\u00e2n c\u1ee7a ng\u01b0\u1eddi ti\u00eau d\u00f9ng d\u01b0\u1edbi \u0111\u00e2y \u0111\u1ec3 hi\u1ec3u h\u01a1n nh\u1eefng cam k\u1ebft m\u00e0 ch\u00fang t\u00f4i th\u1ef1c hi\u1ec7n nh\u1eb1m t\u00f4n tr\u1ecdng v\u00e0 b\u1ea3o v\u1ec7 quy\u1ec1n l\u1ee3i c\u1ee7a ng\u01b0\u1eddi truy c\u1eadp.<\/p>\n<h3 class=\"thin-font\"><strong>1. Cam k\u1ebft c\u1ee7a ch\u00fang t\u00f4i v\u1ec1 b\u1ea3o m\u1eadt th\u00f4ng tin<\/strong><\/h3>\n<ul>\n<li>Ch\u00fang t\u00f4i t\u00f4n tr\u1ecdng quy\u1ec1n ri\u00eang t\u01b0 c\u1ee7a Qu\u00fd kh\u00e1ch c\u0169ng nh\u01b0 c\u00e1c l\u1ef1a ch\u1ecdn c\u1ee7a Qu\u00fd kh\u00e1ch.<\/li>\n<li>Ch\u00fang t\u00f4i b\u1ea3o \u0111\u1ea3m r\u1eb1ng s\u1ef1 b\u1ea3o m\u1eadt v\u00e0 an to\u00e0n lu\u00f4n \u0111i \u0111\u00f4i trong m\u1ecdi c\u00f4ng vi\u1ec7c ch\u00fang t\u00f4i th\u1ef1c hi\u1ec7n.<\/li>\n<li>Ch\u00fang t\u00f4i kh\u00f4ng g\u1eedi cho Qu\u00fd kh\u00e1ch c\u00e1c th\u01b0 t\u1eeb ti\u1ebfp th\u1ecb, tr\u1eeb tr\u01b0\u1eddng h\u1ee3p Qu\u00fd kh\u00e1ch y\u00eau c\u1ea7u ch\u00fang t\u00f4i g\u1eedi c\u00e1c th\u00f4ng tin \u0111\u00f3. T\u1ea1i b\u1ea5t k\u1ef3 th\u1eddi \u0111i\u1ec3m n\u00e0o, Qu\u00fd kh\u00e1ch \u0111\u1ec1u c\u00f3 th\u1ec3 thay \u0111\u1ed5i \u00fd \u0111\u1ecbnh c\u1ee7a m\u00ecnh v\u1ec1 vi\u1ec7c n\u00e0y b\u1eb1ng c\u00e1ch li\u00ean h\u1ec7 tr\u1ef1c ti\u1ebfp v\u1edbi ch\u00fang t\u00f4i qua email:\u00a0dieuphupepper@gmail.com<\/li>\n<li>Ch\u00fang t\u00f4i kh\u00f4ng bao gi\u1edd ch\u00e0o m\u1eddi ho\u1eb7c b\u00e1n c\u00e1c th\u00f4ng tin c\u1ee7a Qu\u00fd kh\u00e1ch.<\/li>\n<li>Ch\u00fang t\u00f4i cam k\u1ebft gi\u1eef an to\u00e0n v\u00e0 b\u1ea3o m\u1eadt cho c\u00e1c th\u00f4ng tin c\u1ee7a Qu\u00fd kh\u00e1ch, bao g\u1ed3m c\u1ea3 cam k\u1ebft ch\u1ec9 giao d\u1ecbch v\u1edbi c\u00e1c \u0111\u1ed1i t\u00e1c \u0111\u00e1ng tin c\u1eady.<\/li>\n<li>Ch\u00fang t\u00f4i cam k\u1ebft s\u1ebd c\u00f4ng khai v\u00e0 minh b\u1ea1ch v\u1ec1 c\u00e1ch th\u1ee9c s\u1eed d\u1ee5ng c\u00e1c th\u00f4ng tin c\u1ee7a Qu\u00fd kh\u00e1ch.<\/li>\n<li>Ch\u00fang t\u00f4i kh\u00f4ng s\u1eed d\u1ee5ng c\u00e1c th\u00f4ng tin c\u1ee7a Qu\u00fd kh\u00e1ch theo c\u00e1c ph\u01b0\u01a1ng th\u1ee9c ch\u01b0a th\u00f4ng b\u00e1o cho Qu\u00fd kh\u00e1ch.<\/li>\n<li>Ch\u00fang t\u00f4i t\u00f4n tr\u1ecdng c\u00e1c quy\u1ec1n c\u1ee7a Qu\u00fd kh\u00e1ch v\u00e0 lu\u00f4n c\u1ed1 g\u1eafng \u0111\u00e1p \u1ee9ng c\u00e1c y\u00eau c\u1ea7u c\u1ee7a Qu\u00fd kh\u00e1ch trong ph\u1ea1m vi nhi\u1ec1u nh\u1ea5t c\u00f3 th\u1ec3, ph\u00f9 h\u1ee3p v\u1edbi c\u00e1c tr\u00e1ch nhi\u1ec7m c\u1ee7a ch\u00fang t\u00f4i v\u1ec1 ph\u00e1p l\u00fd v\u00e0 nghi\u1ec7p v\u1ee5 ho\u1ea1t \u0111\u1ed9ng.<\/li>\n<\/ul>\n<h3 class=\"thin-font\"><strong>2. M\u1ee5c \u0111\u00edch v\u00e0 ph\u1ea1m vi thu th\u1eadp<\/strong><\/h3>\n<p>Vi\u1ec7c thu th\u1eadp d\u1eef li\u1ec7u ch\u1ee7 y\u1ebfu tr\u00ean website (n\u1ebfu c\u00f3) c\u1ee7a c\u00f4ng ty bao g\u1ed3m: h\u1ecd t\u00ean, email, \u0111i\u1ec7n tho\u1ea1i, \u0111\u1ecba ch\u1ec9 Qu\u00fd kh\u00e1ch trong m\u1ee5c li\u00ean h\u1ec7. \u0110\u00e2y l\u00e0 c\u00e1c th\u00f4ng tin m\u00e0 c\u00f4ng ty c\u1ea7n Qu\u00fd kh\u00e1ch cung c\u1ea5p b\u1eaft bu\u1ed9c khi g\u1eedi th\u00f4ng tin nh\u1edd t\u01b0 v\u1ea5n v\u1ec1 s\u1ea3n ph\u1ea9m v\u00e0 \u0111\u1ec3 c\u00f4ng ty li\u00ean h\u1ec7 x\u00e1c nh\u1eadn l\u1ea1i v\u1edbi Qu\u00fd kh\u00e1ch tr\u00ean website nh\u1eb1m \u0111\u1ea3m b\u1ea3o quy\u1ec1n l\u1ee3i cho cho ng\u01b0\u1eddi ti\u00eau d\u00f9ng.<\/p>\n<p>Qu\u00fd kh\u00e1ch s\u1ebd t\u1ef1 ch\u1ecbu tr\u00e1ch nhi\u1ec7m v\u1ec1 b\u1ea3o m\u1eadt v\u00e0 l\u01b0u gi\u1eef m\u1ecdi ho\u1ea1t \u0111\u1ed9ng s\u1eed d\u1ee5ng d\u1ecbch v\u1ee5 d\u01b0\u1edbi th\u00f4ng tin m\u00e0 m\u00ecnh cung c\u1ea5p v\u00e0 h\u1ed9p th\u01b0 \u0111i\u1ec7n t\u1eed c\u1ee7a m\u00ecnh. Ngo\u00e0i ra, Qu\u00fd kh\u00e1ch c\u00f3 tr\u00e1ch nhi\u1ec7m th\u00f4ng b\u00e1o k\u1ecbp th\u1eddi cho website c\u1ee7a c\u00f4ng ty v\u1ec1 nh\u1eefng h\u00e0nh vi s\u1eed d\u1ee5ng tr\u00e1i ph\u00e9p, l\u1ea1m d\u1ee5ng, vi ph\u1ea1m b\u1ea3o m\u1eadt, l\u01b0u gi\u1eef t\u00ean \u0111\u0103ng k\u00fd v\u00e0 m\u1eadt kh\u1ea9u c\u1ee7a b\u00ean th\u1ee9 ba \u0111\u1ec3 c\u00f3 bi\u1ec7n ph\u00e1p gi\u1ea3i quy\u1ebft ph\u00f9 h\u1ee3p.<\/p>\n<h3 class=\"thin-font\"><strong>3. Ph\u1ea1m vi s\u1eed d\u1ee5ng th\u00f4ng tin<\/strong><\/h3>\n<p>C\u00f4ng ty s\u1eed d\u1ee5ng th\u00f4ng tin Qu\u00fd kh\u00e1ch cung c\u1ea5p \u0111\u1ec3:<\/p>\n<ul>\n<li>Cung c\u1ea5p th\u00f4ng tin v\u1ec1 s\u1ea3n ph\u1ea9m \u0111\u1ebfn Qu\u00fd kh\u00e1ch n\u1ebfu c\u00f3 y\u00eau c\u1ea7u t\u1eeb Qu\u00fd kh\u00e1ch.<\/li>\n<li>G\u1eedi email ti\u1ebfp th\u1ecb, khuy\u1ebfn m\u1ea1i v\u1ec1 h\u00e0ng h\u00f3a do ch\u00fang t\u00f4i b\u00e1n khi nh\u1eadn \u0111\u01b0\u1ee3c y\u00eau c\u1ea7u t\u1eeb Qu\u00fd kh\u00e1ch.<\/li>\n<li>G\u1eedi c\u00e1c th\u00f4ng b\u00e1o v\u1ec1 c\u00e1c ho\u1ea1t \u0111\u1ed9ng c\u1ee7a website c\u00f4ng ty.<\/li>\n<li>Li\u00ean l\u1ea1c v\u00e0 gi\u1ea3i quy\u1ebft v\u1edbi Qu\u00fd kh\u00e1ch trong nh\u1eefng tr\u01b0\u1eddng h\u1ee3p \u0111\u1eb7c bi\u1ec7t.<\/li>\n<li>Kh\u00f4ng s\u1eed d\u1ee5ng th\u00f4ng tin c\u00e1 nh\u00e2n c\u1ee7a Qu\u00fd kh\u00e1ch ngo\u00e0i m\u1ee5c \u0111\u00edch x\u00e1c nh\u1eadn v\u00e0 li\u00ean h\u1ec7 c\u00f3 li\u00ean quan \u0111\u1ebfn giao d\u1ecbch t\u1ea1i c\u00f4ng ty.<\/li>\n<\/ul>\n<p>Tr\u01b0\u1eddng h\u1ee3p lo\u1ea1i tr\u1eeb: Khi c\u00f3 y\u00eau c\u1ea7u c\u1ee7a c\u01a1 quan t\u01b0 ph\u00e1p bao g\u1ed3m: Vi\u1ec7n ki\u1ec3m s\u00e1t, t\u00f2a \u00e1n, c\u01a1 quan c\u00f4ng an \u0111i\u1ec1u tra li\u00ean quan \u0111\u1ebfn h\u00e0nh vi vi ph\u1ea1m ph\u00e1p lu\u1eadt n\u00e0o \u0111\u00f3 c\u1ee7a Qu\u00fd kh\u00e1ch.<\/p>\n<h3 class=\"thin-font\"><strong>4. Th\u1eddi gian l\u01b0u tr\u1eef th\u00f4ng tin<\/strong><\/h3>\n<p>D\u1eef li\u1ec7u c\u00e1 nh\u00e2n c\u1ee7a Qu\u00fd kh\u00e1ch s\u1ebd \u0111\u01b0\u1ee3c l\u01b0u tr\u1eef cho \u0111\u1ebfn khi c\u00f3 y\u00eau c\u1ea7u ban qu\u1ea3n tr\u1ecb h\u1ee7y b\u1ecf. C\u00f2n l\u1ea1i trong m\u1ecdi tr\u01b0\u1eddng h\u1ee3p th\u00f4ng tin c\u00e1 nh\u00e2n c\u1ee7a Qu\u00fd kh\u00e1ch s\u1ebd \u0111\u01b0\u1ee3c b\u1ea3o m\u1eadt tr\u00ean m\u00e1y ch\u1ee7 c\u1ee7a c\u00f4ng ty.<\/p>\n<h3 class=\"thin-font\"><strong>5. Ch\u1ec9nh s\u1eeda d\u1eef li\u1ec7u c\u00e1 nh\u00e2n<\/strong><\/h3>\n<p>Qu\u00fd kh\u00e1ch c\u00f3 quy\u1ec1n t\u1ef1 ki\u1ec3m tra, c\u1eadp nh\u1eadt, \u0111i\u1ec1u ch\u1ec9nh ho\u1eb7c h\u1ee7y b\u1ecf th\u00f4ng tin c\u00e1 nh\u00e2n c\u1ee7a m\u00ecnh b\u1eb1ng c\u00e1ch li\u00ean h\u1ec7 v\u1edbi ban qu\u1ea3n tr\u1ecb website c\u1ee7a c\u00f4ng ty th\u1ef1c hi\u1ec7n vi\u1ec7c n\u00e0y theo email <strong>hoaphuoc1803@gmail<\/strong><strong>.com<\/strong>\u00a0ho\u1eb7c qua hotline: <strong>0937.334 .411\/ 0984.631.799\u00a0<\/strong><\/p>\n<p>Qu\u00fd kh\u00e1ch c\u00f3 quy\u1ec1n g\u1eedi khi\u1ebfu n\u1ea1i v\u1ec1 vi\u1ec7c b\u1ecb l\u1ed9 th\u00f4ng tin c\u00e1 nh\u00e2n \u0111\u1ebfn Ban qu\u1ea3n tr\u1ecb c\u1ee7a website c\u1ee7a c\u00f4ng ty. Khi ti\u1ebfp nh\u1eadn nh\u1eefng ph\u1ea3n h\u1ed3i n\u00e0y, c\u00f4ng ty s\u1ebd x\u00e1c nh\u1eadn l\u1ea1i th\u00f4ng tin, tr\u01b0\u1eddng h\u1ee3p \u0111\u00fang nh\u01b0 ph\u1ea3n \u00e1nh c\u1ee7a Qu\u00fd kh\u00e1ch t\u00f9y theo m\u1ee9c \u0111\u1ed9, c\u00f4ng ty s\u1ebd c\u00f3 nh\u1eefng bi\u1ec7n ph\u00e1p x\u1eed l\u00fd k\u1ecbp th\u1eddi.<\/p>\n\t\t\n<style>\n#text-3631759257 {\n  font-size: 1rem;\n}\n<\/style>\n\t<\/div>\n\t\n\t\t<\/div>\n\t\t\t\t\n<style>\n#col-2113082510 > .col-inner {\n  padding: 10px 10px 10px 10px;\n}\n<\/style>\n\t<\/div>\n\n\t\n\n\t<div id=\"col-284897449\" class=\"col medium-3 small-12 large-3\"  >\n\t\t\t\t<div class=\"col-inner\"  >\n\t\t\t\n\t\t\t\n<ul class=\"sidebar-wrapper ul-reset\"><aside id=\"woocommerce_products-2\" class=\"widget woocommerce widget_products\"><span class=\"widget-title \"><span>S\u1ea3n ph\u1ea9m n\u1ed5i b\u1eadt<\/span><\/span><div class=\"is-divider small\"><\/div><ul class=\"product_list_widget\"><li>\n\t\n\t<a href=\"https:\/\/ktech7.k-tech-services.com\/info574\/san-pham\/than-trang-binchotan\/\">\n\t\t<img loading=\"lazy\" decoding=\"async\" width=\"100\" height=\"100\" src=\"https:\/\/ktech7.k-tech-services.com\/info574\/wp-content\/uploads\/2026\/01\/z7407519033357_71743333ed3b4e474aed0dc634930382-100x100.jpg\" class=\"attachment-woocommerce_gallery_thumbnail size-woocommerce_gallery_thumbnail\" alt=\"Than tr\u1eafng Binchotan\" srcset=\"https:\/\/ktech7.k-tech-services.com\/info574\/wp-content\/uploads\/2026\/01\/z7407519033357_71743333ed3b4e474aed0dc634930382-100x100.jpg 100w, https:\/\/ktech7.k-tech-services.com\/info574\/wp-content\/uploads\/2026\/01\/z7407519033357_71743333ed3b4e474aed0dc634930382-150x150.jpg 150w\" sizes=\"auto, (max-width: 100px) 100vw, 100px\" \/>\t\t<span class=\"product-title\">Than tr\u1eafng Binchotan<\/span>\n\t<\/a>\n\n\t\t\t\t\n\t\n\t<\/li>\n<\/ul><\/aside><\/ul>\n\t\t<\/div>\n\t\t\t\t\t<\/div>\n\n\t\n<\/div>\n\t\t<\/div>\n\n\t\t\n<style>\n#section_868465224 {\n  padding-top: 30px;\n  padding-bottom: 30px;\n}\n<\/style>\n\t<\/section>\n\t\n","protected":false},"excerpt":{"rendered":"","protected":false},"author":1,"featured_media":0,"parent":0,"menu_order":0,"comment_status":"closed","ping_status":"closed","template":"","meta":{"_acf_changed":false,"footnotes":""},"class_list":["post-648","page","type-page","status-publish","hentry"],"acf":[],"_links":{"self":[{"href":"https:\/\/ktech7.k-tech-services.com\/info574\/wp-json\/wp\/v2\/pages\/648","targetHints":{"allow":["GET"]}}],"collection":[{"href":"https:\/\/ktech7.k-tech-services.com\/info574\/wp-json\/wp\/v2\/pages"}],"about":[{"href":"https:\/\/ktech7.k-tech-services.com\/info574\/wp-json\/wp\/v2\/types\/page"}],"author":[{"embeddable":true,"href":"https:\/\/ktech7.k-tech-services.com\/info574\/wp-json\/wp\/v2\/users\/1"}],"replies":[{"embeddable":true,"href":"https:\/\/ktech7.k-tech-services.com\/info574\/wp-json\/wp\/v2\/comments?post=648"}],"version-history":[{"count":14,"href":"https:\/\/ktech7.k-tech-services.com\/info574\/wp-json\/wp\/v2\/pages\/648\/revisions"}],"predecessor-version":[{"id":1201,"href":"https:\/\/ktech7.k-tech-services.com\/info574\/wp-json\/wp\/v2\/pages\/648\/revisions\/1201"}],"wp:attachment":[{"href":"https:\/\/ktech7.k-tech-services.com\/info574\/wp-json\/wp\/v2\/media?parent=648"}],"curies":[{"name":"wp","href":"https:\/\/api.w.org\/{rel}","templated":true}]}}