{"id":644,"date":"2025-07-15T10:20:33","date_gmt":"2025-07-15T10:20:33","guid":{"rendered":"http:\/\/localhost\/project_farm_spices\/?page_id=644"},"modified":"2025-07-31T10:03:06","modified_gmt":"2025-07-31T10:03:06","slug":"chinh-sach-giao-hang-doi-tra","status":"publish","type":"page","link":"https:\/\/ktech7.k-tech-services.com\/info574\/chinh-sach-giao-hang-doi-tra\/","title":{"rendered":"Ch\u00ednh s\u00e1ch giao h\u00e0ng, \u0111\u1ed5i tr\u1ea3"},"content":{"rendered":"  <div id=\"page-header-970123782\" class=\"page-header-wrapper\">\n  <div class=\"page-title dark featured-title\">\n\n        <div class=\"page-title-bg\">\n      <div class=\"title-bg fill bg-fill\"\n        data-parallax-container=\".page-title\"\n        data-parallax-background\n        data-parallax=\"-\">\n      <\/div>\n      <div class=\"title-overlay fill\"><\/div>\n    <\/div>\n    \n    <div class=\"page-title-inner container align-center text-center flex-row-col medium-flex-wrap\" >\n              <div class=\"title-wrapper flex-col\">\n          <h1 class=\"entry-title mb-0\">\n            Ch\u00ednh S\u00e1ch Giao H\u00e0ng, \u0110\u1ed5i Tr\u1ea3          <\/h1>\n        <\/div>\n                    <div class=\"title-content flex-col\">\n        <div class=\"title-breadcrumbs pb-half pt-half\"><nav class=\"woocommerce-breadcrumb breadcrumbs uppercase\">Trang ch\u1ee7<\/nav><\/div>      <\/div>\n    <\/div>\n\n     \n<style>\n#page-header-970123782 .page-title-inner {\n  min-height: 157px;\n}\n#page-header-970123782 .title-bg {\n  background-image: url(https:\/\/ktech7.k-tech-services.com\/info574\/wp-content\/uploads\/2025\/07\/bg_banner-1.webp);\n}\n<\/style>\n  <\/div>\n    <\/div>\n  \n\n\t<section class=\"section\" id=\"section_1380529602\">\n\t\t<div class=\"section-bg fill\" >\n\t\t\t\t\t\t\t\t\t\n\t\t\t\n\n\t\t<\/div>\n\n\t\t\n\n\t\t<div class=\"section-content relative\">\n\t\t\t\n\t<div id=\"text-3748853218\" class=\"text title-text\">\n\t\t\n<h3 class=\"uppercase\">ch\u00ednh s\u00e1ch giao, h\u00e0ng \u0111\u1ed5i tr\u1ea3<\/h3>\n\t\t\n<style>\n#text-3748853218 {\n  text-align: center;\n  color: rgb(96, 151, 138);\n}\n#text-3748853218 > * {\n  color: rgb(96, 151, 138);\n}\n<\/style>\n\t<\/div>\n\t\n<div class=\"row\"  id=\"row-1564276921\">\n\n\t<div id=\"col-1193335192\" class=\"col medium-9 small-12 large-9\"  >\n\t\t\t\t<div class=\"col-inner box-shadow-2\"  >\n\t\t\t\n\t\t\t\n\t<div id=\"text-4256817855\" class=\"text\">\n\t\t\n<p>C\u1ea3m \u01a1n b\u1ea1n \u0111\u00e3 truy c\u1eadp v\u00e0o trang website \u0111\u01b0\u1ee3c v\u1eadn h\u00e0nh b\u1edfi C\u00f4ng ty TNHH XNK Viet Farm Global. Vui l\u00f2ng t\u00ecm hi\u1ec3u \u0110i\u1ec1u ki\u1ec7n giao d\u1ecbch chung d\u01b0\u1edbi \u0111\u00e2y \u0111\u1ec3 hi\u1ec3u h\u01a1n v\u1ec1 c\u00e1c y\u1ebfu t\u1ed1 v\u1eadn h\u00e0nh v\u00e0 c\u00e1ch gi\u1ea3i quy\u1ebft trong qu\u00e1 tr\u00ecnh h\u1ee3p t\u00e1c gi\u1eefa ch\u00fang t\u00f4i v\u00e0 Qu\u00fd Kh\u00e1ch H\u00e0ng.<\/p>\n<h3 class=\"thin-font\"><strong>1. C\u00e1ch th\u1ee9c \u0111\u1eb7t h\u00e0ng online:<\/strong><\/h3>\n<p>&#8211; V\u1edbi c\u00e1c \u0111\u01a1n h\u00e0ng Nh\u00e0 Ph\u00e2n Ph\u1ed1i, T\u1ed5ng \u0110\u1ea1i l\u00fd, \u0110\u1ea1i l\u00fd, Qu\u00fd Kh\u00e1ch H\u00e0ng vui l\u00f2ng li\u00ean h\u1ec7 B\u1ed9 ph\u1eadn Kinh doanh Viet Farm Global ho\u1eb7c \u0111\u1ec3 l\u1ea1i l\u1eddi nh\u1eafn t\u1ea1i \u00f4 chat g\u00f3c d\u01b0\u1edbi b\u00ean tr\u00e1i c\u1ee7a trang web n\u00e0y Fanpage c\u1ee7a Viet Farm Global ho\u1eb7c li\u00ean h\u1ec7 qua hotline\/zalo <strong>0937.334.411\/ 0984.631.799\u00a0<\/strong> \u0111\u1ec3 \u0111\u01b0\u1ee3c h\u1ed7 tr\u1ee3 nhanh nh\u1ea5t.<\/p>\n<p>&#8211; V\u1edbi c\u00e1c \u0111\u01a1n h\u00e0ng l\u1ebb, Qu\u00fd Kh\u00e1ch h\u00e0ng vui l\u00f2ng th\u1ef1c hi\u1ec7n theo m\u1ed9t trong hai c\u00e1ch sau:<\/p>\n<p><strong>\u00a0 \u00a0 \u00a0 \u00a01. Mua h\u00e0ng t\u1ea1i website<\/strong><\/p>\n<p>Qu\u00fd kh\u00e1ch c\u00f3 th\u1ec3 d\u1ec5 d\u00e0ng mua h\u00e0ng, \u0111\u1eb7t h\u00e0ng t\u1ea1i website:\u00a0 c\u1ee7a ch\u00fang t\u00f4i ho\u1eb7c qua gian h\u00e0ng TM\u0110T ch\u00ednh th\u1ee9c c\u1ee7a c\u00f4ng ty:<\/p>\n<p><strong>SHOPEE:\u00a0<\/strong><\/p>\n<p><strong>LAZADA:\u00a0<\/strong><\/p>\n<p><strong>\u00a0 \u00a0 \u00a0 \u00a02. Mua h\u00e0ng qua Fanpage \/ Zalo Di\u1ec7u Ph\u00fa:<\/strong><\/p>\n<p>Ngo\u00e0i ra qu\u00fd kh\u00e1ch c\u00f3 th\u1ec3 nh\u1eafn tin \u0111\u1eb7t h\u00e0ng t\u1ea1i Fanpage c\u1ee7a Viet Farm Global:\u00a0 ho\u1eb7c zalo: <strong>0937.334.411<\/strong><\/p>\n<h3 class=\"thin-font\"><strong>2. Th\u1eddi gian giao h\u00e0ng:<\/strong><\/h3>\n<p>N\u00f4ng s\u1ea3n Viet Farm Global lu\u00f4n n\u1ed7 l\u1ef1c m\u1ed7i ng\u00e0y \u0111\u1ec3 c\u00f3 th\u1ec3 giao h\u00e0ng nhanh nh\u1ea5t \u0111\u1ebfn Qu\u00fd Kh\u00e1ch H\u00e0ng. D\u1ef1 ki\u1ebfn th\u1eddi gian giao h\u00e0ng nh\u01b0 sau:<\/p>\n<ul>\n<li>Khu v\u1ef1c Th\u00e0nh ph\u1ed1 H\u1ed3 Ch\u00ed Minh, B\u00ecnh D\u01b0\u01a1ng, \u0110\u1ed3ng Nai: 2 &#8211; 3 ng\u00e0y t\u00ednh t\u1eeb ng\u00e0y x\u00e1c nh\u1eadn \u0111\u01a1n h\u00e0ng.<\/li>\n<li>Khu v\u1ef1c c\u00f2n l\u1ea1i: 5 &#8211; 7 ng\u00e0y t\u00ednh t\u1eeb ng\u00e0y x\u00e1c nh\u1eadn \u0111\u01a1n h\u00e0ng.<\/li>\n<\/ul>\n<h3 class=\"thin-font\"><strong>3. Ch\u00ednh s\u00e1ch ho\u00e0n tr\u1ea3:<\/strong><\/h3>\n<p>Bao g\u1ed3m th\u1eddi h\u1ea1n ho\u00e0n tr\u1ea3, ph\u01b0\u01a1ng th\u1ee9c tr\u1ea3 ho\u1eb7c \u0111\u1ed5i h\u00e0ng \u0111\u00e3 mua, c\u00e1ch th\u1ee9c l\u1ea5y l\u1ea1i ti\u1ec1n, chi ph\u00ed cho vi\u1ec7c ho\u00e0n tr\u1ea3 n\u00e0y:<\/p>\n<p>C\u00f4ng ty ch\u1ec9 nh\u1eadn \u0111\u1ed5i h\u00e0ng trong tr\u01b0\u1eddng h\u1ee3p h\u00e0ng h\u00f3a \u0111\u01b0\u1ee3c \u0110\u1ed1i T\u00e1c ho\u1eb7c Kh\u00e1ch h\u00e0ng ph\u00e1t hi\u1ec7n ra h\u00e0ng h\u00f3a c\u00f3 v\u1ea5n \u0111\u1ec1 v\u1ec1 ch\u1ea5t l\u01b0\u1ee3ng, l\u1ed7i s\u1ea3n ph\u1ea9m.<\/p>\n<p>Qu\u00fd Kh\u00e1ch h\u00e0ng vui l\u00f2ng li\u00ean h\u1ec7 b\u1ed9 ph\u1eadn Kinh doanh \u0111\u1ec3 nh\u1eadn h\u1ed7 tr\u1ee3 theo th\u00f4ng tin sau: Ph\u00f2ng Kinh Doanh: <strong>0937.334.411<\/strong> ho\u1eb7c <strong>0984.631.799 <\/strong><\/p>\n\t\t\n<style>\n#text-4256817855 {\n  font-size: 1rem;\n}\n<\/style>\n\t<\/div>\n\t\n\t\t<\/div>\n\t\t\t\t\n<style>\n#col-1193335192 > .col-inner {\n  padding: 10px 10px 10px 10px;\n}\n<\/style>\n\t<\/div>\n\n\t\n\n\t<div id=\"col-415625379\" class=\"col medium-3 small-12 large-3\"  >\n\t\t\t\t<div class=\"col-inner\"  >\n\t\t\t\n\t\t\t\n<ul class=\"sidebar-wrapper ul-reset\"><aside id=\"woocommerce_products-2\" class=\"widget woocommerce widget_products\"><span class=\"widget-title \"><span>S\u1ea3n ph\u1ea9m n\u1ed5i b\u1eadt<\/span><\/span><div class=\"is-divider small\"><\/div><ul class=\"product_list_widget\"><li>\n\t\n\t<a href=\"https:\/\/ktech7.k-tech-services.com\/info574\/san-pham\/than-trang-binchotan\/\">\n\t\t<img loading=\"lazy\" decoding=\"async\" width=\"100\" height=\"100\" src=\"https:\/\/ktech7.k-tech-services.com\/info574\/wp-content\/uploads\/2026\/01\/z7407519033357_71743333ed3b4e474aed0dc634930382-100x100.jpg\" class=\"attachment-woocommerce_gallery_thumbnail size-woocommerce_gallery_thumbnail\" alt=\"Than tr\u1eafng Binchotan\" srcset=\"https:\/\/ktech7.k-tech-services.com\/info574\/wp-content\/uploads\/2026\/01\/z7407519033357_71743333ed3b4e474aed0dc634930382-100x100.jpg 100w, https:\/\/ktech7.k-tech-services.com\/info574\/wp-content\/uploads\/2026\/01\/z7407519033357_71743333ed3b4e474aed0dc634930382-150x150.jpg 150w\" sizes=\"auto, (max-width: 100px) 100vw, 100px\" \/>\t\t<span class=\"product-title\">Than tr\u1eafng Binchotan<\/span>\n\t<\/a>\n\n\t\t\t\t\n\t\n\t<\/li>\n<\/ul><\/aside><\/ul>\n\t\t<\/div>\n\t\t\t\t\t<\/div>\n\n\t\n<\/div>\n\t\t<\/div>\n\n\t\t\n<style>\n#section_1380529602 {\n  padding-top: 30px;\n  padding-bottom: 30px;\n}\n<\/style>\n\t<\/section>\n\t\n","protected":false},"excerpt":{"rendered":"","protected":false},"author":1,"featured_media":0,"parent":0,"menu_order":0,"comment_status":"closed","ping_status":"closed","template":"page-blank.php","meta":{"_acf_changed":false,"footnotes":""},"class_list":["post-644","page","type-page","status-publish","hentry"],"acf":[],"_links":{"self":[{"href":"https:\/\/ktech7.k-tech-services.com\/info574\/wp-json\/wp\/v2\/pages\/644","targetHints":{"allow":["GET"]}}],"collection":[{"href":"https:\/\/ktech7.k-tech-services.com\/info574\/wp-json\/wp\/v2\/pages"}],"about":[{"href":"https:\/\/ktech7.k-tech-services.com\/info574\/wp-json\/wp\/v2\/types\/page"}],"author":[{"embeddable":true,"href":"https:\/\/ktech7.k-tech-services.com\/info574\/wp-json\/wp\/v2\/users\/1"}],"replies":[{"embeddable":true,"href":"https:\/\/ktech7.k-tech-services.com\/info574\/wp-json\/wp\/v2\/comments?post=644"}],"version-history":[{"count":13,"href":"https:\/\/ktech7.k-tech-services.com\/info574\/wp-json\/wp\/v2\/pages\/644\/revisions"}],"predecessor-version":[{"id":1200,"href":"https:\/\/ktech7.k-tech-services.com\/info574\/wp-json\/wp\/v2\/pages\/644\/revisions\/1200"}],"wp:attachment":[{"href":"https:\/\/ktech7.k-tech-services.com\/info574\/wp-json\/wp\/v2\/media?parent=644"}],"curies":[{"name":"wp","href":"https:\/\/api.w.org\/{rel}","templated":true}]}}