{"id":106,"date":"2025-07-12T06:41:36","date_gmt":"2025-07-12T06:41:36","guid":{"rendered":"http:\/\/localhost\/project_farm_spices\/?page_id=106"},"modified":"2026-01-23T10:16:14","modified_gmt":"2026-01-23T10:16:14","slug":"xuat-khau","status":"publish","type":"page","link":"https:\/\/ktech7.k-tech-services.com\/info574\/xuat-khau\/","title":{"rendered":"Xu\u1ea5t kh\u1ea9u"},"content":{"rendered":"  <div id=\"page-header-1200117588\" class=\"page-header-wrapper\">\n  <div class=\"page-title dark featured-title\">\n\n        <div class=\"page-title-bg\">\n      <div class=\"title-bg fill bg-fill\"\n        data-parallax-container=\".page-title\"\n        data-parallax-background\n        data-parallax=\"-\">\n      <\/div>\n      <div class=\"title-overlay fill\"><\/div>\n    <\/div>\n    \n    <div class=\"page-title-inner container align-center text-center flex-row-col medium-flex-wrap\" >\n              <div class=\"title-wrapper flex-col\">\n          <h1 class=\"entry-title mb-0\">\n            Xu\u1ea5t Kh\u1ea9u          <\/h1>\n        <\/div>\n                    <div class=\"title-content flex-col\">\n        <div class=\"title-breadcrumbs pb-half pt-half\"><nav class=\"woocommerce-breadcrumb breadcrumbs uppercase\">Trang ch\u1ee7<\/nav><\/div>      <\/div>\n    <\/div>\n\n     \n<style>\n#page-header-1200117588 .page-title-inner {\n  min-height: 157px;\n}\n#page-header-1200117588 .title-bg {\n  background-image: url(https:\/\/ktech7.k-tech-services.com\/info574\/wp-content\/uploads\/2025\/07\/bg_banner-1.webp);\n}\n<\/style>\n  <\/div>\n    <\/div>\n  \n\n\t<section class=\"section sec_exports\" id=\"section_1317658804\">\n\t\t<div class=\"section-bg fill\" >\n\t\t\t\t\t\t\t\t\t\n\t\t\t\n\n\t\t<\/div>\n\n\t\t\n\n\t\t<div class=\"section-content relative\">\n\t\t\t\n\t<div id=\"text-1256307068\" class=\"text title-text\">\n\t\t\n<h3 class=\"uppercase\">s\u1ea3n ph\u1ea9m xu\u1ea5t kh\u1ea9u<\/h3>\n\t\t\n<style>\n#text-1256307068 {\n  text-align: center;\n  color: #4c2160;\n}\n#text-1256307068 > * {\n  color: #4c2160;\n}\n<\/style>\n\t<\/div>\n\t\n<div class=\"row row-collapse row-full-width align-center row_tieuden\"  id=\"row-663065511\">\n\n\t<div id=\"col-1651542874\" class=\"col medium-9 small-12 large-9\"  >\n\t\t\t\t<div class=\"col-inner text-left box-shadow-2\"  >\n\t\t\t\n\t\t\t\n<div class=\"row align-middle\"  id=\"row-174382874\">\n\n\t<div id=\"col-336486176\" class=\"col medium-6 small-12 large-6\"  data-animate=\"fadeInLeft\">\n\t\t\t\t<div class=\"col-inner text-left\"  >\n\t\t\t\n\t\t\t\n\t<div id=\"text-229552369\" class=\"text\">\n\t\t\n<h3>THAN TR\u1eaeNG BINCHOTAN<br \/>\n<\/h3>\n<p>Than tr\u1eafng Binchotan l\u00e0 lo\u1ea1i than cao c\u1ea5p c\u00f3 ngu\u1ed3n g\u1ed1c t\u1eeb Nh\u1eadt B\u1ea3n, \u0111\u01b0\u1ee3c s\u1ea3n xu\u1ea5t t\u1eeb g\u1ed7 c\u1ee9ng t\u1ef1 nhi\u00ean (truy\u1ec1n th\u1ed1ng l\u00e0 g\u1ed7 s\u1ed3i Ubame). Than \u0111\u01b0\u1ee3c nung \u1edf nhi\u1ec7t \u0111\u1ed9 c\u1ef1c cao (\u22481.000\u20131.200\u00b0C) v\u00e0 l\u00e0m ngu\u1ed9i nhanh b\u1eb1ng tro, t\u1ea1o n\u00ean b\u1ec1 m\u1eb7t tr\u1eafng x\u00e1m \u0111\u1eb7c tr\u01b0ng v\u00e0 k\u1ebft c\u1ea5u c\u1ef1c k\u1ef3 b\u1ec1n ch\u1eafc.<\/p>\n\t\t\n<style>\n#text-229552369 {\n  font-size: 1.15rem;\n  line-height: 1.7;\n  text-align: left;\n  color: rgb(51, 51, 51);\n}\n#text-229552369 > * {\n  color: rgb(51, 51, 51);\n}\n<\/style>\n\t<\/div>\n\t\n<div class=\"row row-collapse\"  id=\"row-615305951\">\n\n\t<div id=\"col-1851553660\" class=\"col small-12 large-12\"  >\n\t\t\t\t<div class=\"col-inner text-right\"  >\n\t\t\t\n\t\t\t\n<a href=\"\/info574\/xuat-khau\/than-trang-binchotan\" class=\"button primary box_btn_contact\"  style=\"border-radius:99px;\">\n\t\t<span>Xem th\u00eam<\/span>\n\t<\/a>\n\n\t\t<\/div>\n\t\t\t\t\t<\/div>\n\n\t\n<\/div>\n\t\t<\/div>\n\t\t\t\t\n<style>\n#col-336486176 > .col-inner {\n  padding: 0px 30px 0px 30px;\n  margin: 5px 5px 5px 5px;\n}\n<\/style>\n\t<\/div>\n\n\t\n\n\t<div id=\"col-1090173173\" class=\"col medium-6 small-12 large-6\"  data-animate=\"fadeInRight\">\n\t\t\t\t<div class=\"col-inner\"  >\n\t\t\t\n\t\t\t\n\t<div class=\"img has-hover x md-x lg-x y md-y lg-y\" id=\"image_407111931\">\n\t\t\t\t\t\t\t\t<div class=\"img-inner image-zoom dark\" >\n\t\t\t<img loading=\"lazy\" decoding=\"async\" width=\"1280\" height=\"960\" src=\"https:\/\/ktech7.k-tech-services.com\/info574\/wp-content\/uploads\/2026\/01\/z7407519033357_71743333ed3b4e474aed0dc634930382.jpg\" class=\"attachment-original size-original\" alt=\"\" srcset=\"https:\/\/ktech7.k-tech-services.com\/info574\/wp-content\/uploads\/2026\/01\/z7407519033357_71743333ed3b4e474aed0dc634930382.jpg 1280w, https:\/\/ktech7.k-tech-services.com\/info574\/wp-content\/uploads\/2026\/01\/z7407519033357_71743333ed3b4e474aed0dc634930382-300x225.jpg 300w, https:\/\/ktech7.k-tech-services.com\/info574\/wp-content\/uploads\/2026\/01\/z7407519033357_71743333ed3b4e474aed0dc634930382-1024x768.jpg 1024w, https:\/\/ktech7.k-tech-services.com\/info574\/wp-content\/uploads\/2026\/01\/z7407519033357_71743333ed3b4e474aed0dc634930382-768x576.jpg 768w, https:\/\/ktech7.k-tech-services.com\/info574\/wp-content\/uploads\/2026\/01\/z7407519033357_71743333ed3b4e474aed0dc634930382-247x185.jpg 247w, https:\/\/ktech7.k-tech-services.com\/info574\/wp-content\/uploads\/2026\/01\/z7407519033357_71743333ed3b4e474aed0dc634930382-505x379.jpg 505w\" sizes=\"auto, (max-width: 1280px) 100vw, 1280px\" \/>\t\t\t\t\t\t\n\t\t\t\t\t<\/div>\n\t\t\t\t\t\t\t\t\n<style>\n#image_407111931 {\n  width: 100%;\n}\n<\/style>\n\t<\/div>\n\t\n\t\t<\/div>\n\t\t\t\t\t<\/div>\n\n\t\n<\/div>\n\t\t<\/div>\n\t\t\t\t\n<style>\n#col-1651542874 > .col-inner {\n  padding: 10px 10px 10px 10px;\n  margin: 5px 5px 5px 5px;\n}\n<\/style>\n\t<\/div>\n\n\t\n\n<style>\n#row-663065511 > .col > .col-inner {\n  padding: 10px 10px 10px 10px;\n}\n<\/style>\n<\/div>\n<div class=\"row row-collapse row-full-width align-center row_tieutrang\"  id=\"row-389542397\">\n\n\t<div id=\"col-957387424\" class=\"col medium-9 small-12 large-9\"  >\n\t\t\t\t<div class=\"col-inner text-left box-shadow-2\"  >\n\t\t\t\n\t\t\t\n<div class=\"row row-full-width align-middle align-center\"  id=\"row-1072701313\">\n\n\t<div id=\"col-2075494153\" class=\"col medium-6 small-12 large-6\"  data-animate=\"fadeInLeft\">\n\t\t\t\t<div class=\"col-inner text-left\"  >\n\t\t\t\n\t\t\t\n\t<div class=\"img has-hover x md-x lg-x y md-y lg-y\" id=\"image_307939687\">\n\t\t\t\t\t\t\t\t<div class=\"img-inner image-zoom dark\" >\n\t\t\t<img loading=\"lazy\" decoding=\"async\" width=\"1280\" height=\"1280\" src=\"https:\/\/ktech7.k-tech-services.com\/info574\/wp-content\/uploads\/2026\/01\/z7407519053159_72504fde3b51ea70768e769726f298e8.jpg\" class=\"attachment-original size-original\" alt=\"\" srcset=\"https:\/\/ktech7.k-tech-services.com\/info574\/wp-content\/uploads\/2026\/01\/z7407519053159_72504fde3b51ea70768e769726f298e8.jpg 1280w, https:\/\/ktech7.k-tech-services.com\/info574\/wp-content\/uploads\/2026\/01\/z7407519053159_72504fde3b51ea70768e769726f298e8-300x300.jpg 300w, https:\/\/ktech7.k-tech-services.com\/info574\/wp-content\/uploads\/2026\/01\/z7407519053159_72504fde3b51ea70768e769726f298e8-1024x1024.jpg 1024w, https:\/\/ktech7.k-tech-services.com\/info574\/wp-content\/uploads\/2026\/01\/z7407519053159_72504fde3b51ea70768e769726f298e8-150x150.jpg 150w, https:\/\/ktech7.k-tech-services.com\/info574\/wp-content\/uploads\/2026\/01\/z7407519053159_72504fde3b51ea70768e769726f298e8-768x768.jpg 768w, https:\/\/ktech7.k-tech-services.com\/info574\/wp-content\/uploads\/2026\/01\/z7407519053159_72504fde3b51ea70768e769726f298e8-247x247.jpg 247w, https:\/\/ktech7.k-tech-services.com\/info574\/wp-content\/uploads\/2026\/01\/z7407519053159_72504fde3b51ea70768e769726f298e8-505x505.jpg 505w, https:\/\/ktech7.k-tech-services.com\/info574\/wp-content\/uploads\/2026\/01\/z7407519053159_72504fde3b51ea70768e769726f298e8-100x100.jpg 100w\" sizes=\"auto, (max-width: 1280px) 100vw, 1280px\" \/>\t\t\t\t\t\t\n\t\t\t\t\t<\/div>\n\t\t\t\t\t\t\t\t\n<style>\n#image_307939687 {\n  width: 100%;\n}\n<\/style>\n\t<\/div>\n\t\n\t\t<\/div>\n\t\t\t\t\n<style>\n#col-2075494153 > .col-inner {\n  padding: 10px 10px 10px 10px;\n  margin: 5px 5px 5px 5px;\n}\n<\/style>\n\t<\/div>\n\n\t\n\n\t<div id=\"col-1086703793\" class=\"col medium-6 small-12 large-6\"  data-animate=\"fadeInRight\">\n\t\t\t\t<div class=\"col-inner text-left\"  >\n\t\t\t\n\t\t\t\n\t<div id=\"text-361534822\" class=\"text\">\n\t\t\n<h3>Gi\u1ea5m g\u1ed7<\/h3>\n<p><span style=\"font-weight: 400;\">Gi\u1ea5m g\u1ed7 c\u00f3 th\u1ec3 \u0111\u01b0\u1ee3c phun tr\u1ef1c ti\u1ebfp l\u00ean l\u00e1 c\u00e2y nh\u01b0 m\u1ed9t lo\u1ea1i ph\u00e2n vi sinh. C\u00f3 t\u00e1c d\u1ee5ng th\u00fac \u0111\u1ea9y qu\u00e1 tr\u00ecnh quang h\u1ee3p, t\u0103ng t\u1ed1c \u0111\u1ed9 ph\u00e1t tri\u1ec3n c\u1ee7a l\u00e1. L\u00e0m ch\u1eadm qu\u00e1 tr\u00ecnh gi\u00e0 c\u1ee7a l\u00e1 v\u00e0 ng\u0103n ng\u1eeba c\u00e1c lo\u1ea1i b\u1ec7nh v\u00e0 c\u00f4n tr\u00f9ng g\u00e2y h\u1ea1i.<\/span><\/p>\n\t\t\n<style>\n#text-361534822 {\n  font-size: 1.15rem;\n  line-height: 1.7;\n  text-align: left;\n  color: rgb(51, 51, 51);\n}\n#text-361534822 > * {\n  color: rgb(51, 51, 51);\n}\n<\/style>\n\t<\/div>\n\t\n<a href=\"\/info574\/xuat-khau\/tieu-trang\/\" class=\"button primary box_btn_contact\"  style=\"border-radius:99px;\">\n\t\t<span>Xem th\u00eam<\/span>\n\t<\/a>\n\n\t\t<\/div>\n\t\t\t\t\n<style>\n#col-1086703793 > .col-inner {\n  padding: 0px 30px 0px 30px;\n  margin: 5px 5px 5px 5px;\n}\n<\/style>\n\t<\/div>\n\n\t\n\n<style>\n#row-1072701313 > .col > .col-inner {\n  padding: 10px 10px 10px 10px;\n}\n<\/style>\n<\/div>\n\t\t<\/div>\n\t\t\t\t\n<style>\n#col-957387424 > .col-inner {\n  padding: 10px 10px 10px 10px;\n  margin: 5px 5px 5px 5px;\n}\n<\/style>\n\t<\/div>\n\n\t\n\n<style>\n#row-389542397 > .col > .col-inner {\n  padding: 10px 10px 10px 10px;\n}\n<\/style>\n<\/div>\n\t\t<\/div>\n\n\t\t\n<style>\n#section_1317658804 {\n  padding-top: 30px;\n  padding-bottom: 30px;\n}\n<\/style>\n\t<\/section>\n\t\n","protected":false},"excerpt":{"rendered":"","protected":false},"author":1,"featured_media":0,"parent":0,"menu_order":0,"comment_status":"closed","ping_status":"closed","template":"page-blank.php","meta":{"_acf_changed":false,"footnotes":""},"class_list":["post-106","page","type-page","status-publish","hentry"],"acf":[],"_links":{"self":[{"href":"https:\/\/ktech7.k-tech-services.com\/info574\/wp-json\/wp\/v2\/pages\/106","targetHints":{"allow":["GET"]}}],"collection":[{"href":"https:\/\/ktech7.k-tech-services.com\/info574\/wp-json\/wp\/v2\/pages"}],"about":[{"href":"https:\/\/ktech7.k-tech-services.com\/info574\/wp-json\/wp\/v2\/types\/page"}],"author":[{"embeddable":true,"href":"https:\/\/ktech7.k-tech-services.com\/info574\/wp-json\/wp\/v2\/users\/1"}],"replies":[{"embeddable":true,"href":"https:\/\/ktech7.k-tech-services.com\/info574\/wp-json\/wp\/v2\/comments?post=106"}],"version-history":[{"count":85,"href":"https:\/\/ktech7.k-tech-services.com\/info574\/wp-json\/wp\/v2\/pages\/106\/revisions"}],"predecessor-version":[{"id":1366,"href":"https:\/\/ktech7.k-tech-services.com\/info574\/wp-json\/wp\/v2\/pages\/106\/revisions\/1366"}],"wp:attachment":[{"href":"https:\/\/ktech7.k-tech-services.com\/info574\/wp-json\/wp\/v2\/media?parent=106"}],"curies":[{"name":"wp","href":"https:\/\/api.w.org\/{rel}","templated":true}]}}