{"id":102,"date":"2025-07-12T06:40:59","date_gmt":"2025-07-12T06:40:59","guid":{"rendered":"http:\/\/localhost\/project_farm_spices\/?page_id=102"},"modified":"2026-01-29T07:31:03","modified_gmt":"2026-01-29T07:31:03","slug":"gioi-thieu","status":"publish","type":"page","link":"https:\/\/ktech7.k-tech-services.com\/info574\/gioi-thieu\/","title":{"rendered":"Gi\u1edbi thi\u1ec7u"},"content":{"rendered":"  <div id=\"page-header-296063543\" class=\"page-header-wrapper\">\n  <div class=\"page-title dark featured-title\">\n\n        <div class=\"page-title-bg\">\n      <div class=\"title-bg fill bg-fill\"\n        data-parallax-container=\".page-title\"\n        data-parallax-background\n        data-parallax=\"-\">\n      <\/div>\n      <div class=\"title-overlay fill\"><\/div>\n    <\/div>\n    \n    <div class=\"page-title-inner container align-center text-center flex-row-col medium-flex-wrap\" >\n              <div class=\"title-wrapper flex-col\">\n          <h1 class=\"entry-title mb-0\">\n            Gi\u1edbi Thi\u1ec7u          <\/h1>\n        <\/div>\n                    <div class=\"title-content flex-col\">\n        <div class=\"title-breadcrumbs pb-half pt-half\"><nav class=\"woocommerce-breadcrumb breadcrumbs uppercase\">Trang ch\u1ee7<\/nav><\/div>      <\/div>\n    <\/div>\n\n     \n<style>\n#page-header-296063543 .page-title-inner {\n  min-height: 157px;\n}\n#page-header-296063543 .title-bg {\n  background-image: url(https:\/\/ktech7.k-tech-services.com\/info574\/wp-content\/uploads\/2025\/07\/bg_banner-1.webp);\n}\n<\/style>\n  <\/div>\n    <\/div>\n  \n\n\t<section class=\"section sec_about_us\" id=\"section_1453513500\">\n\t\t<div class=\"section-bg fill\" >\n\t\t\t\t\t\t\t\t\t\n\t\t\t\n\n\t\t<\/div>\n\n\t\t\n\n\t\t<div class=\"section-content relative\">\n\t\t\t\n\t<div id=\"text-3994658822\" class=\"text title-text\">\n\t\t\n<h3 class=\"uppercase thin-font\"><strong>v\u1ec1 ch\u00fang t\u00f4i<\/strong><\/h3>\n\t\t\n<style>\n#text-3994658822 {\n  text-align: center;\n  color: rgb(96, 151, 138);\n}\n#text-3994658822 > * {\n  color: rgb(96, 151, 138);\n}\n<\/style>\n\t<\/div>\n\t\n<div class=\"row align-center\"  id=\"row-223474157\">\n\n\t<div id=\"col-23831572\" class=\"col medium-9 small-12 large-9\"  >\n\t\t\t\t<div class=\"col-inner text-left\"  >\n\t\t\t\n\t\t\t\n\t<div id=\"text-466073776\" class=\"text content\">\n\t\t\n<h3>1. Gi\u1edbi thi\u1ec7u c\u00f4ng ty<\/h3>\n<p>Viet Farm Global l\u00e0 doanh nghi\u1ec7p xu\u1ea5t kh\u1ea9u n\u00f4ng s\u1ea3n chuy\u00ean nghi\u1ec7p, t\u1eadp trung cung \u1ee9ng c\u00e1c s\u1ea3n ph\u1ea9m ch\u1ea5t l\u01b0\u1ee3ng cao nh\u01b0 h\u1ed3 ti\u00eau, c\u00e0 ph\u00ea, \u0111i\u1ec1u, g\u1ea1o, tr\u00e1i c\u00e2y s\u1ea5y v\u00e0 n\u00f4ng s\u1ea3n ch\u1ebf bi\u1ebfn s\u00e2u. Ch\u00fang t\u00f4i k\u1ebft n\u1ed1i tr\u1ef1c ti\u1ebfp v\u00f9ng nguy\u00ean li\u1ec7u Vi\u1ec7t Nam v\u1edbi th\u1ecb tr\u01b0\u1eddng qu\u1ed1c t\u1ebf, cam k\u1ebft ti\u00eau chu\u1ea9n ch\u1ea5t l\u01b0\u1ee3ng v\u00e0 truy xu\u1ea5t ngu\u1ed3n g\u1ed1c minh b\u1ea1ch.<\/p>\n<h3>2. S\u1ee9 m\u1ec7nh<\/h3>\n<p>\u0110\u01b0a n\u00f4ng s\u1ea3n Vi\u1ec7t Nam v\u01b0\u01a1n xa to\u00e0n c\u1ea7u, x\u00e2y d\u1ef1ng chu\u1ed7i gi\u00e1 tr\u1ecb b\u1ec1n v\u1eefng, g\u00f3p ph\u1ea7n n\u00e2ng cao \u0111\u1eddi s\u1ed1ng c\u1ed9ng \u0111\u1ed3ng n\u00f4ng d\u00e2n.<\/p>\n<h3>3. T\u1ea7m nh\u00ecn<\/h3>\n<p>Tr\u1edf th\u00e0nh th\u01b0\u01a1ng hi\u1ec7u xu\u1ea5t kh\u1ea9u n\u00f4ng s\u1ea3n h\u00e0ng \u0111\u1ea7u \u0110\u00f4ng Nam \u00c1, uy t\u00edn, s\u00e1ng t\u1ea1o v\u00e0 b\u1ec1n v\u1eefng.<\/p>\n<h3>4. Gi\u00e1 tr\u1ecb c\u1ed1t l\u00f5i<\/h3>\n<ul>\n<li>Ch\u1ea5t l\u01b0\u1ee3ng v\u01b0\u1ee3t tr\u1ed9i<\/li>\n<li>Uy t\u00edn h\u00e0ng \u0111\u1ea7u<\/li>\n<li>\u0110\u1ed3ng h\u00e0nh c\u00f9ng n\u00f4ng d\u00e2n<\/li>\n<li>B\u1ec1n v\u1eefng v\u00ec m\u00f4i tr\u01b0\u1eddng<\/li>\n<\/ul>\n<h3>5. N\u0103ng l\u1ef1c s\u1ea3n ph\u1ea9m<\/h3>\n<ul>\n<li style=\"text-align: left;\">Ti\u00eau chu\u1ea9n: VietGAP, GlobalGAP, Organic, Halal, HACCP<\/li>\n<li>Kh\u1ea3 n\u0103ng cung \u1ee9ng: 10.000 t\u1ea5n\/n\u0103m<\/li>\n<li style=\"text-align: left;\">Ch\u1ee7ng lo\u1ea1i: ti\u00eau \u0111en, ti\u00eau tr\u1eafng, c\u00e0 ph\u00ea robusta v\u00e0 arabica, \u0111i\u1ec1u nh\u00e2n, tr\u00e1i c\u00e2y s\u1ea5y, rau c\u1ee7 \u0111\u00f4ng l\u1ea1nh<\/li>\n<\/ul>\n<h3>6. N\u0103ng l\u1ef1c s\u1ea3n xu\u1ea5t<\/h3>\n<ul>\n<li>Li\u00ean k\u1ebft 1500 h\u1ed9 n\u00f4ng d\u00e2n t\u1ea1i v\u00f9ng nguy\u00ean li\u1ec7u<\/li>\n<li>Nh\u00e0 m\u00e1y s\u01a1 ch\u1ebf v\u00e0 \u0111\u00f3ng g\u00f3i \u0111\u1ea1t chu\u1ea9n qu\u1ed1c t\u1ebf<\/li>\n<li>H\u1ec7 th\u1ed1ng ki\u1ec3m tra ch\u1ea5t l\u01b0\u1ee3ng v\u00e0 truy xu\u1ea5t ngu\u1ed3n g\u1ed1c QR code<\/li>\n<\/ul>\n<h3>7. Ch\u0103m s\u00f3c kh\u00e1ch h\u00e0ng<\/h3>\n<ul>\n<li>\u0110\u1ed9i ng\u0169 h\u1ed7 tr\u1ee3 ti\u1ebfng Anh 24\/7<\/li>\n<li>Cam k\u1ebft giao h\u00e0ng \u0111\u00fang h\u1ea1n<\/li>\n<li>Ch\u00ednh s\u00e1ch h\u1ed7 tr\u1ee3 h\u1eadu m\u00e3i, gi\u1ea3i quy\u1ebft khi\u1ebfu n\u1ea1i nhanh ch\u00f3ng<\/li>\n<\/ul>\n<h3>8. K\u00eanh ph\u00e2n ph\u1ed1i<\/h3>\n<ul>\n<li>Xu\u1ea5t kh\u1ea9u tr\u1ef1c ti\u1ebfp t\u1edbi EU, M\u1ef9, Trung \u0110\u00f4ng, Nh\u1eadt B\u1ea3n, H\u00e0n Qu\u1ed1c<\/li>\n<li>B\u00e1n h\u00e0ng tr\u00ean c\u00e1c s\u00e0n th\u01b0\u01a1ng m\u1ea1i \u0111i\u1ec7n t\u1eed qu\u1ed1c t\u1ebf: Alibaba, Amazon Business<\/li>\n<li>K\u1ebft h\u1ee3p b\u00e1n h\u00e0ng qua h\u1ed9i ch\u1ee3 v\u00e0 c\u00e1c nh\u00e0 nh\u1eadp kh\u1ea9u truy\u1ec1n th\u1ed1ng<\/li>\n<\/ul>\n\t\t\n<style>\n#text-466073776 {\n  color: #4c2160;\n}\n#text-466073776 > * {\n  color: #4c2160;\n}\n<\/style>\n\t<\/div>\n\t\n\t\t<\/div>\n\t\t\t\t\t<\/div>\n\n\t\n<\/div>\n\t\t<\/div>\n\n\t\t\n<style>\n#section_1453513500 {\n  padding-top: 40px;\n  padding-bottom: 40px;\n}\n<\/style>\n\t<\/section>\n\t\n\n\t<section class=\"section sec_company\" id=\"section_1693883983\">\n\t\t<div class=\"section-bg fill\" >\n\t\t\t\t\t\t\t\t\t\n\t\t\t\n\n\t\t<\/div>\n\n\t\t\n\n\t\t<div class=\"section-content relative\">\n\t\t\t\n\t<div id=\"text-654818535\" class=\"text title-text\">\n\t\t\n<h3 class=\"uppercase\">Nh\u00e0 m\u00e1y s\u1ea3n xu\u1ea5t c\u1ee7a Kyo Sumi<\/h3>\n\t\t\n<style>\n#text-654818535 {\n  font-size: 0.85rem;\n  text-align: center;\n  color: #4c2160;\n}\n#text-654818535 > * {\n  color: #4c2160;\n}\n<\/style>\n\t<\/div>\n\t\n<div class=\"row row-small row-full-width align-equal align-center row_about_us\"  id=\"row-1028809706\">\n\n\t<div id=\"col-541290199\" class=\"col medium-3 small-12 large-3\"  >\n\t\t\t\t<div class=\"col-inner\"  >\n\t\t\t\n\t\t\t\n\t<div class=\"box has-hover   has-hover box-badge hover-dark box-text-bottom\" >\n\n\t\t<div class=\"box-image\" >\n\t\t\t<a href=\"\/hinh-anh-nha-may\/\" >\t\t\t<div class=\"image-cover\" style=\"padding-top:100%;\">\n\t\t\t\t<img loading=\"lazy\" decoding=\"async\" width=\"1280\" height=\"960\" src=\"https:\/\/ktech7.k-tech-services.com\/info574\/wp-content\/uploads\/2026\/01\/z7427133861101_5f923fd7c662fe73a6dcd2407ec57e0b.jpg\" class=\"attachment- size-\" alt=\"\" srcset=\"https:\/\/ktech7.k-tech-services.com\/info574\/wp-content\/uploads\/2026\/01\/z7427133861101_5f923fd7c662fe73a6dcd2407ec57e0b.jpg 1280w, https:\/\/ktech7.k-tech-services.com\/info574\/wp-content\/uploads\/2026\/01\/z7427133861101_5f923fd7c662fe73a6dcd2407ec57e0b-300x225.jpg 300w, https:\/\/ktech7.k-tech-services.com\/info574\/wp-content\/uploads\/2026\/01\/z7427133861101_5f923fd7c662fe73a6dcd2407ec57e0b-1024x768.jpg 1024w, https:\/\/ktech7.k-tech-services.com\/info574\/wp-content\/uploads\/2026\/01\/z7427133861101_5f923fd7c662fe73a6dcd2407ec57e0b-768x576.jpg 768w, https:\/\/ktech7.k-tech-services.com\/info574\/wp-content\/uploads\/2026\/01\/z7427133861101_5f923fd7c662fe73a6dcd2407ec57e0b-247x185.jpg 247w, https:\/\/ktech7.k-tech-services.com\/info574\/wp-content\/uploads\/2026\/01\/z7427133861101_5f923fd7c662fe73a6dcd2407ec57e0b-505x379.jpg 505w\" sizes=\"auto, (max-width: 1280px) 100vw, 1280px\" \/>\t\t\t\t\t\t\t\t\t\t\t<\/div>\n\t\t\t<\/a>\t\t<\/div>\n\n\t\t<div class=\"box-text text-center\" >\n\t\t\t<div class=\"box-text-inner\">\n\t\t\t\t\n\t<div id=\"text-2318550763\" class=\"text\">\n\t\t\n<p>Kho h\u00e0ng Kyo Sumi<br \/>\n\t\t\n<style>\n#text-2318550763 {\n  color: rgb(0,0,0);\n}\n#text-2318550763 > * {\n  color: rgb(0,0,0);\n}\n<\/style>\n\t<\/div>\n\t\n\t\t\t<\/div>\n\t\t<\/div>\n\t<\/div>\n\t\n\t\t<\/div>\n\t\t\t\t\t<\/div>\n\n\t\n\n\t<div id=\"col-820935924\" class=\"col medium-3 small-12 large-3\"  >\n\t\t\t\t<div class=\"col-inner text-left\"  >\n\t\t\t\n\t\t\t\n\t<div class=\"box has-hover   has-hover box-badge hover-dark box-text-bottom\" >\n\n\t\t<div class=\"box-image\" >\n\t\t\t<a href=\"\/xuong-san-xuat-viet-farm-global\/\" >\t\t\t<div class=\"image-cover\" style=\"padding-top:100%;\">\n\t\t\t\t<img loading=\"lazy\" decoding=\"async\" width=\"960\" height=\"1280\" src=\"https:\/\/ktech7.k-tech-services.com\/info574\/wp-content\/uploads\/2026\/01\/z7415735722273_57fdf074d176a3e95787cceaf909bd51.jpg\" class=\"attachment- size-\" alt=\"\" srcset=\"https:\/\/ktech7.k-tech-services.com\/info574\/wp-content\/uploads\/2026\/01\/z7415735722273_57fdf074d176a3e95787cceaf909bd51.jpg 960w, https:\/\/ktech7.k-tech-services.com\/info574\/wp-content\/uploads\/2026\/01\/z7415735722273_57fdf074d176a3e95787cceaf909bd51-225x300.jpg 225w, https:\/\/ktech7.k-tech-services.com\/info574\/wp-content\/uploads\/2026\/01\/z7415735722273_57fdf074d176a3e95787cceaf909bd51-768x1024.jpg 768w, https:\/\/ktech7.k-tech-services.com\/info574\/wp-content\/uploads\/2026\/01\/z7415735722273_57fdf074d176a3e95787cceaf909bd51-247x329.jpg 247w, https:\/\/ktech7.k-tech-services.com\/info574\/wp-content\/uploads\/2026\/01\/z7415735722273_57fdf074d176a3e95787cceaf909bd51-505x673.jpg 505w\" sizes=\"auto, (max-width: 960px) 100vw, 960px\" \/>\t\t\t\t\t\t\t\t\t\t\t<\/div>\n\t\t\t<\/a>\t\t<\/div>\n\n\t\t<div class=\"box-text text-center\" >\n\t\t\t<div class=\"box-text-inner\">\n\t\t\t\t\n\t<div id=\"text-2009286956\" class=\"text\">\n\t\t\n<p>X\u01b0\u1edfng s\u1ea3n xu\u1ea5t Kyo Sumi<br \/>\n\t\t\n<style>\n#text-2009286956 {\n  color: rgb(0, 0, 0);\n}\n#text-2009286956 > * {\n  color: rgb(0, 0, 0);\n}\n<\/style>\n\t<\/div>\n\t\n\t\t\t<\/div>\n\t\t<\/div>\n\t<\/div>\n\t\n\t\t<\/div>\n\t\t\t\t\t<\/div>\n\n\t\n\n\t<div id=\"col-1436607126\" class=\"col medium-3 small-12 large-3\"  >\n\t\t\t\t<div class=\"col-inner\"  >\n\t\t\t\n\t\t\t\n\t<div class=\"box has-hover   has-hover box-badge hover-dark box-text-bottom\" >\n\n\t\t<div class=\"box-image\" >\n\t\t\t<a href=\"\/nha-may-viet-farm-global\/\" >\t\t\t<div class=\"image-cover\" style=\"padding-top:100%;\">\n\t\t\t\t<img loading=\"lazy\" decoding=\"async\" width=\"960\" height=\"1280\" src=\"https:\/\/ktech7.k-tech-services.com\/info574\/wp-content\/uploads\/2026\/01\/z7415735739782_9ea0be621e3db213894b0d1af23d4c10.jpg\" class=\"attachment- size-\" alt=\"\" srcset=\"https:\/\/ktech7.k-tech-services.com\/info574\/wp-content\/uploads\/2026\/01\/z7415735739782_9ea0be621e3db213894b0d1af23d4c10.jpg 960w, https:\/\/ktech7.k-tech-services.com\/info574\/wp-content\/uploads\/2026\/01\/z7415735739782_9ea0be621e3db213894b0d1af23d4c10-225x300.jpg 225w, https:\/\/ktech7.k-tech-services.com\/info574\/wp-content\/uploads\/2026\/01\/z7415735739782_9ea0be621e3db213894b0d1af23d4c10-768x1024.jpg 768w, https:\/\/ktech7.k-tech-services.com\/info574\/wp-content\/uploads\/2026\/01\/z7415735739782_9ea0be621e3db213894b0d1af23d4c10-247x329.jpg 247w, https:\/\/ktech7.k-tech-services.com\/info574\/wp-content\/uploads\/2026\/01\/z7415735739782_9ea0be621e3db213894b0d1af23d4c10-505x673.jpg 505w\" sizes=\"auto, (max-width: 960px) 100vw, 960px\" \/>\t\t\t\t\t\t\t\t\t\t\t<\/div>\n\t\t\t<\/a>\t\t<\/div>\n\n\t\t<div class=\"box-text text-center\" >\n\t\t\t<div class=\"box-text-inner\">\n\t\t\t\t\n\t<div id=\"text-3182772042\" class=\"text\">\n\t\t\n<p>Nh\u00e0 m\u00e1y Kyo Sumi<br \/>\n\t\t\n<style>\n#text-3182772042 {\n  color: rgb(0, 0, 0);\n}\n#text-3182772042 > * {\n  color: rgb(0, 0, 0);\n}\n<\/style>\n\t<\/div>\n\t\n\t\t\t<\/div>\n\t\t<\/div>\n\t<\/div>\n\t\n\t\t<\/div>\n\t\t\t\t\t<\/div>\n\n\t\n<\/div>\n\t\t<\/div>\n\n\t\t\n<style>\n#section_1693883983 {\n  padding-top: 30px;\n  padding-bottom: 30px;\n}\n<\/style>\n\t<\/section>\n\t\n","protected":false},"excerpt":{"rendered":"","protected":false},"author":1,"featured_media":0,"parent":0,"menu_order":0,"comment_status":"closed","ping_status":"closed","template":"page-blank.php","meta":{"_acf_changed":false,"footnotes":""},"class_list":["post-102","page","type-page","status-publish","hentry"],"acf":[],"_links":{"self":[{"href":"https:\/\/ktech7.k-tech-services.com\/info574\/wp-json\/wp\/v2\/pages\/102","targetHints":{"allow":["GET"]}}],"collection":[{"href":"https:\/\/ktech7.k-tech-services.com\/info574\/wp-json\/wp\/v2\/pages"}],"about":[{"href":"https:\/\/ktech7.k-tech-services.com\/info574\/wp-json\/wp\/v2\/types\/page"}],"author":[{"embeddable":true,"href":"https:\/\/ktech7.k-tech-services.com\/info574\/wp-json\/wp\/v2\/users\/1"}],"replies":[{"embeddable":true,"href":"https:\/\/ktech7.k-tech-services.com\/info574\/wp-json\/wp\/v2\/comments?post=102"}],"version-history":[{"count":78,"href":"https:\/\/ktech7.k-tech-services.com\/info574\/wp-json\/wp\/v2\/pages\/102\/revisions"}],"predecessor-version":[{"id":1406,"href":"https:\/\/ktech7.k-tech-services.com\/info574\/wp-json\/wp\/v2\/pages\/102\/revisions\/1406"}],"wp:attachment":[{"href":"https:\/\/ktech7.k-tech-services.com\/info574\/wp-json\/wp\/v2\/media?parent=102"}],"curies":[{"name":"wp","href":"https:\/\/api.w.org\/{rel}","templated":true}]}}