{"id":65,"date":"2026-02-25T02:48:14","date_gmt":"2026-02-25T02:48:14","guid":{"rendered":"http:\/\/triviet.local\/?post_type=product&#038;p=65"},"modified":"2026-04-15T02:58:11","modified_gmt":"2026-04-15T02:58:11","slug":"tai-nghe-bluetooth-sony-wh-1000xm5-chong-on-chu-dong","status":"publish","type":"product","link":"https:\/\/ktech7.k-tech-services.com\/info568\/product\/tai-nghe-bluetooth-sony-wh-1000xm5-chong-on-chu-dong\/","title":{"rendered":"Tai nghe Bluetooth Sony WH-1000XM5 &#8211; Ch\u1ed1ng \u1ed3n ch\u1ee7 \u0111\u1ed9ng"},"content":{"rendered":"<p>Tai nghe Sony WH-1000XM5 l\u00e0 d\u00f2ng tai nghe cao c\u1ea5p v\u1edbi c\u00f4ng ngh\u1ec7 ch\u1ed1ng \u1ed3n ch\u1ee7 \u0111\u1ed9ng h\u00e0ng \u0111\u1ea7u, mang \u0111\u1ebfn tr\u1ea3i nghi\u1ec7m \u00e2m thanh tuy\u1ec7t v\u1eddi v\u00e0 s\u1ef1 tho\u1ea3i m\u00e1i t\u1ed1i \u0111a.<\/p>\n<hr \/>\n<p><strong>T\u00ednh n\u0103ng n\u1ed5i b\u1eadt<\/strong><\/p>\n<ul>\n<li>C\u00f4ng ngh\u1ec7 ch\u1ed1ng \u1ed3n ch\u1ee7 \u0111\u1ed9ng AI th\u1ebf h\u1ec7 m\u1edbi v\u1edbi 8 micro, t\u1ef1 \u0111\u1ed9ng \u0111i\u1ec1u ch\u1ec9nh theo m\u00f4i tr\u01b0\u1eddng xung quanh<\/li>\n<li>Driver 30mm chuy\u00ean d\u1ee5ng mang l\u1ea1i \u00e2m thanh Hi-Res, bass m\u1ea1nh m\u1ebd, treble trong treo<\/li>\n<li>H\u1ed7 tr\u1ee3 LDAC codec cho ch\u1ea5t l\u01b0\u1ee3ng \u00e2m thanh kh\u00f4ng d\u00e2y cao nh\u1ea5t hi\u1ec7n nay<\/li>\n<li>Th\u1eddi l\u01b0\u1ee3ng pin l\u00ean \u0111\u1ebfn 30 gi\u1edd, s\u1ea1c nhanh 3 ph\u00fat cho 3 gi\u1edd s\u1eed d\u1ee5ng<\/li>\n<li>\u0110\u1ec7m tai memory foam cao c\u1ea5p, thi\u1ebft k\u1ebf nh\u1eb9 ch\u1ec9 250g, \u0111eo c\u1ea3 ng\u00e0y kh\u00f4ng m\u1ecfi<\/li>\n<li>K\u1ebft n\u1ed1i \u0111a \u0111i\u1ec3m &#8211; k\u1ebft n\u1ed1i \u0111\u1ed3ng th\u1eddi 2 thi\u1ebft b\u1ecb, chuy\u1ec3n \u0111\u1ed5i li\u1ec1n m\u1ea1ch<\/li>\n<\/ul>\n<hr \/>\n<p><strong>Thi\u1ebft k\u1ebf v\u00e0 ch\u1ea5t li\u1ec7u<\/strong><\/p>\n<p>WH-1000XM5 \u0111\u01b0\u1ee3c thi\u1ebft k\u1ebf l\u1ea1i ho\u00e0n to\u00e0n v\u1edbi ki\u1ec3u d\u00e1ng thanh l\u1ecbch, hi\u1ec7n \u0111\u1ea1i. Ph\u1ea7n khung tai nghe \u0111\u01b0\u1ee3c l\u00e0m t\u1eeb h\u1ee3p kim nh\u00f4m cao c\u1ea5p, b\u1ec1n b\u1ec9 nh\u01b0ng v\u1eabn \u0111\u1ea3m b\u1ea3o tr\u1ecdng l\u01b0\u1ee3ng si\u00eau nh\u1eb9 ch\u1ec9 250g.<\/p>\n<hr \/>\n<p><strong>Trong h\u1ed9p s\u1ea3n ph\u1ea9m<\/strong><\/p>\n<ul>\n<li>Tai nghe Sony WH-1000XM5 \u00d7 1<\/li>\n<li>C\u00e1p s\u1ea1c USB Type-C \u00d7 1<\/li>\n<li>C\u00e1p \u00e2m thanh 3.5mm \u00d7 1<\/li>\n<li>H\u1ed9p \u0111\u1ef1ng cao c\u1ea5p \u00d7 1<\/li>\n<li>S\u00e1ch h\u01b0\u1edbng d\u1eabn s\u1eed d\u1ee5ng \u00d7 1<\/li>\n<\/ul>\n","protected":false},"excerpt":{"rendered":"<ul>\n<li>C\u00f4ng ngh\u1ec7 ch\u1ed1ng \u1ed3n ch\u1ee7 \u0111\u1ed9ng AI th\u1ebf h\u1ec7 m\u1edbi v\u1edbi 8 micro, t\u1ef1 \u0111\u1ed9ng \u0111i\u1ec1u ch\u1ec9nh theo m\u00f4i tr\u01b0\u1eddng xung quanh<\/li>\n<li>Driver 30mm chuy\u00ean d\u1ee5ng mang l\u1ea1i \u00e2m thanh Hi-Res, bass m\u1ea1nh m\u1ebd, treble trong treo<\/li>\n<li>H\u1ed7 tr\u1ee3 LDAC codec cho ch\u1ea5t l\u01b0\u1ee3ng \u00e2m thanh kh\u00f4ng d\u00e2y cao nh\u1ea5t hi\u1ec7n nay<\/li>\n<li>Th\u1eddi l\u01b0\u1ee3ng pin l\u00ean \u0111\u1ebfn 30 gi\u1edd, s\u1ea1c nhanh 3 ph\u00fat cho 3 gi\u1edd s\u1eed d\u1ee5ng<\/li>\n<li>\u0110\u1ec7m tai memory foam cao c\u1ea5p, thi\u1ebft k\u1ebf nh\u1eb9 ch\u1ec9 250g, \u0111eo c\u1ea3 ng\u00e0y kh\u00f4ng m\u1ecfi<\/li>\n<li>K\u1ebft n\u1ed1i \u0111a \u0111i\u1ec3m &#8211; k\u1ebft n\u1ed1i \u0111\u1ed3ng th\u1eddi 2 thi\u1ebft b\u1ecb, chuy\u1ec3n \u0111\u1ed5i li\u1ec1n m\u1ea1ch<\/li>\n<\/ul>\n","protected":false},"featured_media":66,"comment_status":"open","ping_status":"closed","template":"","meta":{"_acf_changed":false},"product_brand":[],"product_cat":[15],"product_tag":[],"class_list":{"0":"post-65","1":"product","2":"type-product","3":"status-publish","4":"has-post-thumbnail","6":"product_cat-laptop","8":"first","9":"instock","10":"sale","11":"shipping-taxable","12":"purchasable","13":"product-type-simple"},"acf":[],"_links":{"self":[{"href":"https:\/\/ktech7.k-tech-services.com\/info568\/wp-json\/wp\/v2\/product\/65","targetHints":{"allow":["GET"]}}],"collection":[{"href":"https:\/\/ktech7.k-tech-services.com\/info568\/wp-json\/wp\/v2\/product"}],"about":[{"href":"https:\/\/ktech7.k-tech-services.com\/info568\/wp-json\/wp\/v2\/types\/product"}],"replies":[{"embeddable":true,"href":"https:\/\/ktech7.k-tech-services.com\/info568\/wp-json\/wp\/v2\/comments?post=65"}],"wp:featuredmedia":[{"embeddable":true,"href":"https:\/\/ktech7.k-tech-services.com\/info568\/wp-json\/wp\/v2\/media\/66"}],"wp:attachment":[{"href":"https:\/\/ktech7.k-tech-services.com\/info568\/wp-json\/wp\/v2\/media?parent=65"}],"wp:term":[{"taxonomy":"product_brand","embeddable":true,"href":"https:\/\/ktech7.k-tech-services.com\/info568\/wp-json\/wp\/v2\/product_brand?post=65"},{"taxonomy":"product_cat","embeddable":true,"href":"https:\/\/ktech7.k-tech-services.com\/info568\/wp-json\/wp\/v2\/product_cat?post=65"},{"taxonomy":"product_tag","embeddable":true,"href":"https:\/\/ktech7.k-tech-services.com\/info568\/wp-json\/wp\/v2\/product_tag?post=65"}],"curies":[{"name":"wp","href":"https:\/\/api.w.org\/{rel}","templated":true}]}}