{"id":558,"date":"2026-03-25T04:26:37","date_gmt":"2026-03-25T04:26:37","guid":{"rendered":"https:\/\/ktech7.k-tech-services.com\/info568\/?post_type=product&#038;p=558"},"modified":"2026-03-29T06:58:31","modified_gmt":"2026-03-29T06:58:31","slug":"cpu-intel-core-i3-12100-box-3-3ghz-turbo-up-to-4-3ghz-4-nhan-8-luong-12mb-cache","status":"publish","type":"product","link":"https:\/\/ktech7.k-tech-services.com\/info568\/product\/cpu-intel-core-i3-12100-box-3-3ghz-turbo-up-to-4-3ghz-4-nhan-8-luong-12mb-cache\/","title":{"rendered":"CPU Intel Core i3 12100 BOX (3.3GHz turbo up to 4.3GHz, 4 nh\u00e2n 8 lu\u1ed3ng, 12MB Cache)"},"content":{"rendered":"<p>T\u00ean m\u00e3: Alder Lake<br \/>\nThu\u1eadt in th\u1ea1ch b\u1ea3n: Intel 7<br \/>\nS\u1ed1 l\u00f5i: 4 \/ S\u1ed1 lu\u1ed3ng: 8<br \/>\nS\u1ed1 P-core: 4 \/ S\u1ed1 E-core: 0<br \/>\nT\u1ea7n s\u1ed1 turbo t\u1ed1i \u0111a: 4.30 GHz<br \/>\nT\u1ea7n s\u1ed1 c\u01a1 s\u1edf c\u1ee7a P-core: 3.30 GHz (T\u1ea7n s\u1ed1 turbo t\u1ed1i \u0111a c\u1ee7a P-core: 4.30 GHz)<br \/>\nB\u00f4\u0323 nh\u01a1\u0301 \u0111\u00ea\u0323m: 12 MB Intel\u00ae Smart Cache (T\u1ed5ng b\u1ed9 nh\u1edb \u0111\u1ec7m L2: 5 MB)<br \/>\nC\u00f4ng su\u1ea5t c\u01a1 b\u1ea3n c\u1ee7a b\u1ed9 x\u1eed l\u00fd: 58 W (C\u00f4ng su\u1ea5t turbo T\u1ed1i \u0111a: 89 W)<br \/>\nDung l\u01b0\u1ee3ng b\u1ed9 nh\u1edb t\u1ed1i \u0111a (t\u00f9y v\u00e0o lo\u1ea1i b\u1ed9 nh\u1edb): 128 GB<br \/>\nCa\u0301c loa\u0323i b\u00f4\u0323 nh\u01a1\u0301: Up to DDR5 5600 MT\/s ho\u1eb7c Up to DDR4 3200 MT\/s<br \/>\nH\u1ed7 tr\u1ee3 socket: FCLGA1700<br \/>\nBo m\u1ea1ch \u0111\u1ec1 ngh\u1ecb: Intel H610 ho\u1eb7c B660<br \/>\nY\u00eau c\u1ea7u VGA: Kh\u00f4ng<\/p>\n","protected":false},"excerpt":{"rendered":"<p>T\u00ean m\u00e3: Alder Lake Thu\u1eadt in th\u1ea1ch b\u1ea3n: Intel 7 S\u1ed1 l\u00f5i: 4 \/ S\u1ed1 lu\u1ed3ng: 8 S\u1ed1 P-core: 4 \/ S\u1ed1 E-core: 0 T\u1ea7n s\u1ed1 turbo t\u1ed1i \u0111a: 4.30 GHz T\u1ea7n s\u1ed1 c\u01a1 s\u1edf c\u1ee7a P-core: 3.30 GHz (T\u1ea7n s\u1ed1 turbo t\u1ed1i \u0111a c\u1ee7a P-core: 4.30 GHz) B\u00f4\u0323 nh\u01a1\u0301 \u0111\u00ea\u0323m: 12 MB Intel\u00ae Smart [&#8230;]\n","protected":false},"featured_media":608,"comment_status":"open","ping_status":"closed","template":"","meta":{"_acf_changed":false},"product_brand":[],"product_cat":[15,32],"product_tag":[],"class_list":{"0":"post-558","1":"product","2":"type-product","3":"status-publish","4":"has-post-thumbnail","6":"product_cat-laptop","7":"product_cat-hhd","9":"first","10":"outofstock","11":"shipping-taxable","12":"purchasable","13":"product-type-simple"},"acf":[],"_links":{"self":[{"href":"https:\/\/ktech7.k-tech-services.com\/info568\/wp-json\/wp\/v2\/product\/558","targetHints":{"allow":["GET"]}}],"collection":[{"href":"https:\/\/ktech7.k-tech-services.com\/info568\/wp-json\/wp\/v2\/product"}],"about":[{"href":"https:\/\/ktech7.k-tech-services.com\/info568\/wp-json\/wp\/v2\/types\/product"}],"replies":[{"embeddable":true,"href":"https:\/\/ktech7.k-tech-services.com\/info568\/wp-json\/wp\/v2\/comments?post=558"}],"wp:featuredmedia":[{"embeddable":true,"href":"https:\/\/ktech7.k-tech-services.com\/info568\/wp-json\/wp\/v2\/media\/608"}],"wp:attachment":[{"href":"https:\/\/ktech7.k-tech-services.com\/info568\/wp-json\/wp\/v2\/media?parent=558"}],"wp:term":[{"taxonomy":"product_brand","embeddable":true,"href":"https:\/\/ktech7.k-tech-services.com\/info568\/wp-json\/wp\/v2\/product_brand?post=558"},{"taxonomy":"product_cat","embeddable":true,"href":"https:\/\/ktech7.k-tech-services.com\/info568\/wp-json\/wp\/v2\/product_cat?post=558"},{"taxonomy":"product_tag","embeddable":true,"href":"https:\/\/ktech7.k-tech-services.com\/info568\/wp-json\/wp\/v2\/product_tag?post=558"}],"curies":[{"name":"wp","href":"https:\/\/api.w.org\/{rel}","templated":true}]}}