{"id":516,"date":"2026-03-25T04:26:18","date_gmt":"2026-03-25T04:26:18","guid":{"rendered":"https:\/\/ktech7.k-tech-services.com\/info568\/product\/man-hinh-acer-ka272-bi-27inch-fhd-ips-75hz-1ms-250nits-hdmivga-freesync\/"},"modified":"2026-03-29T08:54:21","modified_gmt":"2026-03-29T08:54:21","slug":"man-hinh-acer-ka272-bi-27inch-fhd-ips-75hz-1ms-250nits-hdmivga-freesync","status":"publish","type":"product","link":"https:\/\/ktech7.k-tech-services.com\/info568\/product\/man-hinh-acer-ka272-bi-27inch-fhd-ips-75hz-1ms-250nits-hdmivga-freesync\/","title":{"rendered":"M\u00e0n h\u00ecnh Acer KA272 BI (27inch\/FHD\/IPS\/75Hz\/1ms\/250nits\/HDMI+VGA\/Freesync)"},"content":{"rendered":"<p>Lo\u1ea1i m\u00e0n h\u00ecnh: M\u00e0n h\u00ecnh ph\u1eb3ng<br \/>\nT\u1ec9 l\u1ec7: 16:9<br \/>\nK\u00edch th\u01b0\u1edbc: 27 inch<br \/>\nT\u1ea5m n\u1ec1n: IPS<br \/>\n\u0110\u1ed9 ph\u00e2n gi\u1ea3i: Full HD (1920&#215;1080)<br \/>\nT\u1ed1c \u0111\u1ed9 l\u00e0m m\u1edbi: 75Hz<br \/>\nTh\u1eddi gian \u0111\u00e1p \u1ee9ng: 1 ms VRB<br \/>\nC\u1ed5ng k\u1ebft n\u1ed1i: VGA, HDMI<br \/>\nPh\u1ee5 ki\u1ec7n: C\u00e1p ngu\u1ed3n, C\u00e1p HDMI<\/p>\n","protected":false},"excerpt":{"rendered":"<p>Lo\u1ea1i m\u00e0n h\u00ecnh: M\u00e0n h\u00ecnh ph\u1eb3ng T\u1ec9 l\u1ec7: 16:9 K\u00edch th\u01b0\u1edbc: 27 inch T\u1ea5m n\u1ec1n: IPS \u0110\u1ed9 ph\u00e2n gi\u1ea3i: Full HD (1920&#215;1080) T\u1ed1c \u0111\u1ed9 l\u00e0m m\u1edbi: 75Hz Th\u1eddi gian \u0111\u00e1p \u1ee9ng: 1 ms VRB C\u1ed5ng k\u1ebft n\u1ed1i: VGA, HDMI Ph\u1ee5 ki\u1ec7n: C\u00e1p ngu\u1ed3n, C\u00e1p HDMI<\/p>\n","protected":false},"featured_media":0,"comment_status":"open","ping_status":"closed","template":"","meta":{"_acf_changed":false},"product_brand":[],"product_cat":[15,30],"product_tag":[],"class_list":{"0":"post-516","1":"product","2":"type-product","3":"status-publish","5":"product_cat-laptop","6":"product_cat-ban-phim","8":"first","9":"outofstock","10":"shipping-taxable","11":"purchasable","12":"product-type-simple"},"acf":[],"_links":{"self":[{"href":"https:\/\/ktech7.k-tech-services.com\/info568\/wp-json\/wp\/v2\/product\/516","targetHints":{"allow":["GET"]}}],"collection":[{"href":"https:\/\/ktech7.k-tech-services.com\/info568\/wp-json\/wp\/v2\/product"}],"about":[{"href":"https:\/\/ktech7.k-tech-services.com\/info568\/wp-json\/wp\/v2\/types\/product"}],"replies":[{"embeddable":true,"href":"https:\/\/ktech7.k-tech-services.com\/info568\/wp-json\/wp\/v2\/comments?post=516"}],"wp:attachment":[{"href":"https:\/\/ktech7.k-tech-services.com\/info568\/wp-json\/wp\/v2\/media?parent=516"}],"wp:term":[{"taxonomy":"product_brand","embeddable":true,"href":"https:\/\/ktech7.k-tech-services.com\/info568\/wp-json\/wp\/v2\/product_brand?post=516"},{"taxonomy":"product_cat","embeddable":true,"href":"https:\/\/ktech7.k-tech-services.com\/info568\/wp-json\/wp\/v2\/product_cat?post=516"},{"taxonomy":"product_tag","embeddable":true,"href":"https:\/\/ktech7.k-tech-services.com\/info568\/wp-json\/wp\/v2\/product_tag?post=516"}],"curies":[{"name":"wp","href":"https:\/\/api.w.org\/{rel}","templated":true}]}}