{"id":513,"date":"2026-03-25T04:26:16","date_gmt":"2026-03-25T04:26:16","guid":{"rendered":"https:\/\/ktech7.k-tech-services.com\/info568\/product\/man-hinh-gaming-aoc-24g4e-23-8-inch-ips-fhd-0-5ms-180hz\/"},"modified":"2026-03-29T08:54:21","modified_gmt":"2026-03-29T08:54:21","slug":"man-hinh-gaming-aoc-24g4e-23-8-inch-ips-fhd-0-5ms-180hz","status":"publish","type":"product","link":"https:\/\/ktech7.k-tech-services.com\/info568\/product\/man-hinh-gaming-aoc-24g4e-23-8-inch-ips-fhd-0-5ms-180hz\/","title":{"rendered":"M\u00e0n H\u00ecnh Gaming AOC 24G4E (23.8 inch &#8211; IPS &#8211; FHD &#8211; 0.5ms &#8211; 180Hz)"},"content":{"rendered":"<p>K\u00edch th\u01b0\u1edbc: 23.8 inch<br \/>\n\u0110\u1ed9 ph\u00e2n gi\u1ea3i: 1920 \u00d7 1080 (FHD)<br \/>\nT\u1ea5m n\u1ec1n: Fast IPS<br \/>\nT\u1ea7n s\u1ed1 qu\u00e9t: 180Hz<br \/>\nTh\u1eddi gian ph\u1ea3n h\u1ed3i: 0.5ms<br \/>\n\u0110\u1ed9 s\u00e1ng: 300cd\/m2<br \/>\nT\u1ec9 l\u1ec7 t\u01b0\u01a1ng ph\u1ea3n: 1000:1<br \/>\nD\u1ea3i m\u00e0u: 16.7 tri\u1ec7u m\u00e0u<br \/>\nC\u1ed5ng k\u1ebft n\u1ed1i: HDMI 2.0 x 1, DisplayPort 1.4 x 1<\/p>\n","protected":false},"excerpt":{"rendered":"<p>K\u00edch th\u01b0\u1edbc: 23.8 inch \u0110\u1ed9 ph\u00e2n gi\u1ea3i: 1920 \u00d7 1080 (FHD) T\u1ea5m n\u1ec1n: Fast IPS T\u1ea7n s\u1ed1 qu\u00e9t: 180Hz Th\u1eddi gian ph\u1ea3n h\u1ed3i: 0.5ms \u0110\u1ed9 s\u00e1ng: 300cd\/m2 T\u1ec9 l\u1ec7 t\u01b0\u01a1ng ph\u1ea3n: 1000:1 D\u1ea3i m\u00e0u: 16.7 tri\u1ec7u m\u00e0u C\u1ed5ng k\u1ebft n\u1ed1i: HDMI 2.0 x 1, DisplayPort 1.4 x 1<\/p>\n","protected":false},"featured_media":0,"comment_status":"open","ping_status":"closed","template":"","meta":{"_acf_changed":false},"product_brand":[],"product_cat":[15,30],"product_tag":[],"class_list":{"0":"post-513","1":"product","2":"type-product","3":"status-publish","5":"product_cat-laptop","6":"product_cat-ban-phim","8":"first","9":"outofstock","10":"shipping-taxable","11":"purchasable","12":"product-type-simple"},"acf":[],"_links":{"self":[{"href":"https:\/\/ktech7.k-tech-services.com\/info568\/wp-json\/wp\/v2\/product\/513","targetHints":{"allow":["GET"]}}],"collection":[{"href":"https:\/\/ktech7.k-tech-services.com\/info568\/wp-json\/wp\/v2\/product"}],"about":[{"href":"https:\/\/ktech7.k-tech-services.com\/info568\/wp-json\/wp\/v2\/types\/product"}],"replies":[{"embeddable":true,"href":"https:\/\/ktech7.k-tech-services.com\/info568\/wp-json\/wp\/v2\/comments?post=513"}],"wp:attachment":[{"href":"https:\/\/ktech7.k-tech-services.com\/info568\/wp-json\/wp\/v2\/media?parent=513"}],"wp:term":[{"taxonomy":"product_brand","embeddable":true,"href":"https:\/\/ktech7.k-tech-services.com\/info568\/wp-json\/wp\/v2\/product_brand?post=513"},{"taxonomy":"product_cat","embeddable":true,"href":"https:\/\/ktech7.k-tech-services.com\/info568\/wp-json\/wp\/v2\/product_cat?post=513"},{"taxonomy":"product_tag","embeddable":true,"href":"https:\/\/ktech7.k-tech-services.com\/info568\/wp-json\/wp\/v2\/product_tag?post=513"}],"curies":[{"name":"wp","href":"https:\/\/api.w.org\/{rel}","templated":true}]}}