{"id":506,"date":"2026-03-25T04:26:14","date_gmt":"2026-03-25T04:26:14","guid":{"rendered":"https:\/\/ktech7.k-tech-services.com\/info568\/?post_type=product&#038;p=506"},"modified":"2026-03-25T04:26:16","modified_gmt":"2026-03-25T04:26:16","slug":"man-hinh-aoc-27b1h-74-27-inch-fhd-ips-250cd-m%c2%b2-hdmivga-60hz-5ms","status":"publish","type":"product","link":"https:\/\/ktech7.k-tech-services.com\/info568\/product\/man-hinh-aoc-27b1h-74-27-inch-fhd-ips-250cd-m%c2%b2-hdmivga-60hz-5ms\/","title":{"rendered":"M\u00e0n h\u00ecnh AOC 27B1H\/74 (27 inch\/FHD\/IPS\/250cd\/m\u00b2\/HDMI+VGA\/60Hz\/5ms)"},"content":{"rendered":"<p>K\u00edch th\u01b0\u1edbc m\u00e0n h\u00ecnh 27 inch<br \/>\n\u0110\u1ed9 ph\u00e2n gi\u1ea3i 1920 x 1080<br \/>\nT\u1ea7n s\u1ed1 qu\u00e9t 60 Hz<br \/>\nG\u00f3c nh\u00ecn 178\u00b0 (H) \/ 178\u00b0 (V)<br \/>\nM\u00e0u m\u00e0n h\u00ecnh 16.7 tri\u1ec7u<br \/>\n\u0110\u1ed9 s\u00e1ng 250 cd\/m2<br \/>\n\u0110\u1ed9 t\u01b0\u01a1ng ph\u1ea3n 1000:1<br \/>\nT\u1ec9 l\u1ec7 m\u00e0n h\u00ecnh 16:9<br \/>\nTh\u1eddi gian ph\u1ea3n \u1ee9ng 8 ms (GTG)<br \/>\nT\u1ea5m n\u1ec1n IPS<\/p>\n","protected":false},"excerpt":{"rendered":"<p>K\u00edch th\u01b0\u1edbc m\u00e0n h\u00ecnh 27 inch \u0110\u1ed9 ph\u00e2n gi\u1ea3i 1920 x 1080 T\u1ea7n s\u1ed1 qu\u00e9t 60 Hz G\u00f3c nh\u00ecn 178\u00b0 (H) \/ 178\u00b0 (V) M\u00e0u m\u00e0n h\u00ecnh 16.7 tri\u1ec7u \u0110\u1ed9 s\u00e1ng 250 cd\/m2 \u0110\u1ed9 t\u01b0\u01a1ng ph\u1ea3n 1000:1 T\u1ec9 l\u1ec7 m\u00e0n h\u00ecnh 16:9 Th\u1eddi gian ph\u1ea3n \u1ee9ng 8 ms (GTG) T\u1ea5m n\u1ec1n IPS<\/p>\n","protected":false},"featured_media":0,"comment_status":"open","ping_status":"closed","template":"","meta":{"_acf_changed":false},"product_brand":[],"product_cat":[15],"product_tag":[],"class_list":{"0":"post-506","1":"product","2":"type-product","3":"status-publish","5":"product_cat-laptop","7":"first","8":"outofstock","9":"shipping-taxable","10":"purchasable","11":"product-type-simple"},"acf":[],"_links":{"self":[{"href":"https:\/\/ktech7.k-tech-services.com\/info568\/wp-json\/wp\/v2\/product\/506","targetHints":{"allow":["GET"]}}],"collection":[{"href":"https:\/\/ktech7.k-tech-services.com\/info568\/wp-json\/wp\/v2\/product"}],"about":[{"href":"https:\/\/ktech7.k-tech-services.com\/info568\/wp-json\/wp\/v2\/types\/product"}],"replies":[{"embeddable":true,"href":"https:\/\/ktech7.k-tech-services.com\/info568\/wp-json\/wp\/v2\/comments?post=506"}],"wp:attachment":[{"href":"https:\/\/ktech7.k-tech-services.com\/info568\/wp-json\/wp\/v2\/media?parent=506"}],"wp:term":[{"taxonomy":"product_brand","embeddable":true,"href":"https:\/\/ktech7.k-tech-services.com\/info568\/wp-json\/wp\/v2\/product_brand?post=506"},{"taxonomy":"product_cat","embeddable":true,"href":"https:\/\/ktech7.k-tech-services.com\/info568\/wp-json\/wp\/v2\/product_cat?post=506"},{"taxonomy":"product_tag","embeddable":true,"href":"https:\/\/ktech7.k-tech-services.com\/info568\/wp-json\/wp\/v2\/product_tag?post=506"}],"curies":[{"name":"wp","href":"https:\/\/api.w.org\/{rel}","templated":true}]}}