{"id":503,"date":"2026-03-25T04:26:08","date_gmt":"2026-03-25T04:26:08","guid":{"rendered":"https:\/\/ktech7.k-tech-services.com\/info568\/product\/man-hinh-gaming-asus-tuf-gaming-vg279qe5a-27-inch-fhd-ips-146hz-1ms-speaker\/"},"modified":"2026-03-25T04:26:08","modified_gmt":"2026-03-25T04:26:08","slug":"man-hinh-gaming-asus-tuf-gaming-vg279qe5a-27-inch-fhd-ips-146hz-1ms-speaker","status":"publish","type":"product","link":"https:\/\/ktech7.k-tech-services.com\/info568\/product\/man-hinh-gaming-asus-tuf-gaming-vg279qe5a-27-inch-fhd-ips-146hz-1ms-speaker\/","title":{"rendered":"M\u00e0n H\u00ecnh Gaming ASUS TUF Gaming VG279QE5A (27 inch &#8211; FHD &#8211; IPS &#8211; 146Hz &#8211; 1ms &#8211; Speaker)"},"content":{"rendered":"<p>Ki\u1ec3u d\u00e1ng m\u00e0n h\u00ecnh: Ph\u1eb3ng<br \/>\nT\u1ec9 l\u1ec7 khung h\u00ecnh: 16:9<br \/>\nK\u00edch th\u01b0\u1edbc m\u1eb7c \u0111\u1ecbnh: 27 inch<br \/>\nC\u00f4ng ngh\u1ec7 t\u1ea5m n\u1ec1n: IPS<br \/>\nPh\u00e2n gi\u1ea3i \u0111i\u1ec3m \u1ea3nh: FHD &#8211; 1920 x 1080<br \/>\n\u0110\u1ed9 s\u00e1ng hi\u1ec3n th\u1ecb: 300 Nits cd\/m2<br \/>\nT\u1ea7n s\u1ed1 qu\u00e9t m\u00e0n: 146 Hz<br \/>\nTh\u1eddi gian \u0111\u00e1p \u1ee9ng: 1ms MPRT<br \/>\nCh\u1ec9 s\u1ed1 m\u00e0u s\u1eafc: 16.7 tri\u1ec7u m\u00e0u &#8211; 125% sRGB &#8211; 90% DCI-P3<br \/>\nH\u1ed7 tr\u1ee3 ti\u00eau chu\u1ea9n: VESA (100 mm x 100 mm), Flicker-free, Low Blue Light, Speaker 2Wx2<br \/>\nC\u1ed5ng c\u1eafm k\u1ebft n\u1ed1i: 1xHDMI 2.0, 1xDisplayPort 1.2, 1&#215;3.5mm Earphone Jack<br \/>\nPh\u1ee5 ki\u1ec7n trong h\u1ed9p: D\u00e2y ngu\u1ed3n, D\u00e2y HDMI<\/p>\n","protected":false},"excerpt":{"rendered":"<p>Ki\u1ec3u d\u00e1ng m\u00e0n h\u00ecnh: Ph\u1eb3ng T\u1ec9 l\u1ec7 khung h\u00ecnh: 16:9 K\u00edch th\u01b0\u1edbc m\u1eb7c \u0111\u1ecbnh: 27 inch C\u00f4ng ngh\u1ec7 t\u1ea5m n\u1ec1n: IPS Ph\u00e2n gi\u1ea3i \u0111i\u1ec3m \u1ea3nh: FHD &#8211; 1920 x 1080 \u0110\u1ed9 s\u00e1ng hi\u1ec3n th\u1ecb: 300 Nits cd\/m2 T\u1ea7n s\u1ed1 qu\u00e9t m\u00e0n: 146 Hz Th\u1eddi gian \u0111\u00e1p \u1ee9ng: 1ms MPRT Ch\u1ec9 s\u1ed1 m\u00e0u s\u1eafc: 16.7 tri\u1ec7u [&#8230;]\n","protected":false},"featured_media":0,"comment_status":"open","ping_status":"closed","template":"","meta":{"_acf_changed":false},"product_brand":[],"product_cat":[15],"product_tag":[],"class_list":{"0":"post-503","1":"product","2":"type-product","3":"status-publish","5":"product_cat-laptop","7":"first","8":"outofstock","9":"shipping-taxable","10":"purchasable","11":"product-type-simple"},"acf":[],"_links":{"self":[{"href":"https:\/\/ktech7.k-tech-services.com\/info568\/wp-json\/wp\/v2\/product\/503","targetHints":{"allow":["GET"]}}],"collection":[{"href":"https:\/\/ktech7.k-tech-services.com\/info568\/wp-json\/wp\/v2\/product"}],"about":[{"href":"https:\/\/ktech7.k-tech-services.com\/info568\/wp-json\/wp\/v2\/types\/product"}],"replies":[{"embeddable":true,"href":"https:\/\/ktech7.k-tech-services.com\/info568\/wp-json\/wp\/v2\/comments?post=503"}],"wp:attachment":[{"href":"https:\/\/ktech7.k-tech-services.com\/info568\/wp-json\/wp\/v2\/media?parent=503"}],"wp:term":[{"taxonomy":"product_brand","embeddable":true,"href":"https:\/\/ktech7.k-tech-services.com\/info568\/wp-json\/wp\/v2\/product_brand?post=503"},{"taxonomy":"product_cat","embeddable":true,"href":"https:\/\/ktech7.k-tech-services.com\/info568\/wp-json\/wp\/v2\/product_cat?post=503"},{"taxonomy":"product_tag","embeddable":true,"href":"https:\/\/ktech7.k-tech-services.com\/info568\/wp-json\/wp\/v2\/product_tag?post=503"}],"curies":[{"name":"wp","href":"https:\/\/api.w.org\/{rel}","templated":true}]}}