{"id":501,"date":"2026-03-25T04:26:08","date_gmt":"2026-03-25T04:26:08","guid":{"rendered":"https:\/\/ktech7.k-tech-services.com\/info568\/product\/man-hinh-gaming-asus-tuf-vg249q5r-23-8-inch-ips-fhd-200hz-0-3ms-speaker\/"},"modified":"2026-03-25T04:26:08","modified_gmt":"2026-03-25T04:26:08","slug":"man-hinh-gaming-asus-tuf-vg249q5r-23-8-inch-ips-fhd-200hz-0-3ms-speaker","status":"publish","type":"product","link":"https:\/\/ktech7.k-tech-services.com\/info568\/product\/man-hinh-gaming-asus-tuf-vg249q5r-23-8-inch-ips-fhd-200hz-0-3ms-speaker\/","title":{"rendered":"M\u00e0n h\u00ecnh Gaming ASUS TUF VG249Q5R (23.8 inch &#8211; IPS &#8211; FHD &#8211; 200Hz &#8211; 0.3ms &#8211; Speaker )"},"content":{"rendered":"<p>Ki\u1ec3u d\u00e1ng m\u00e0n h\u00ecnh: Ph\u1eb3ng<br \/>\nT\u1ec9 l\u1ec7 khung h\u00ecnh: 16:9<br \/>\nK\u00edch th\u01b0\u1edbc m\u1eb7c \u0111\u1ecbnh: 23.8 inch<br \/>\nC\u00f4ng ngh\u1ec7 t\u1ea5m n\u1ec1n: Fast IPS<br \/>\nPh\u00e2n gi\u1ea3i \u0111i\u1ec3m \u1ea3nh: Full HD (1920&#215;1080)<br \/>\n\u0110\u1ed9 s\u00e1ng hi\u1ec3n th\u1ecb: 300cd\/\u33a1<br \/>\nT\u1ea7n s\u1ed1 qu\u00e9t m\u00e0n: 200Hz<br \/>\nTh\u1eddi gian \u0111\u00e1p \u1ee9ng: 1ms(GTG), 0.3ms(min.)<br \/>\nCh\u1ec9 s\u1ed1 m\u00e0u s\u1eafc: sRGB 100%, AMD FreeSync Premium, HDR10<br \/>\nH\u1ed7 tr\u1ee3 ti\u00eau chu\u1ea9n: Loa 2Wx2, vesa 75x75mm<br \/>\nC\u1ed5ng c\u1eafm k\u1ebft n\u1ed1i: DisplayPort 1.4 x 1 (HBR2), HDMI(v2.0) x 2, Earphone Jack : Yes<br \/>\nPh\u1ee5 ki\u1ec7n trong h\u1ed9p: C\u00e1p ngu\u1ed3n, c\u00e1p DP<\/p>\n","protected":false},"excerpt":{"rendered":"<p>Ki\u1ec3u d\u00e1ng m\u00e0n h\u00ecnh: Ph\u1eb3ng T\u1ec9 l\u1ec7 khung h\u00ecnh: 16:9 K\u00edch th\u01b0\u1edbc m\u1eb7c \u0111\u1ecbnh: 23.8 inch C\u00f4ng ngh\u1ec7 t\u1ea5m n\u1ec1n: Fast IPS Ph\u00e2n gi\u1ea3i \u0111i\u1ec3m \u1ea3nh: Full HD (1920&#215;1080) \u0110\u1ed9 s\u00e1ng hi\u1ec3n th\u1ecb: 300cd\/\u33a1 T\u1ea7n s\u1ed1 qu\u00e9t m\u00e0n: 200Hz Th\u1eddi gian \u0111\u00e1p \u1ee9ng: 1ms(GTG), 0.3ms(min.) Ch\u1ec9 s\u1ed1 m\u00e0u s\u1eafc: sRGB 100%, AMD FreeSync Premium, HDR10 [&#8230;]\n","protected":false},"featured_media":0,"comment_status":"open","ping_status":"closed","template":"","meta":{"_acf_changed":false},"product_brand":[],"product_cat":[15],"product_tag":[],"class_list":{"0":"post-501","1":"product","2":"type-product","3":"status-publish","5":"product_cat-laptop","7":"first","8":"outofstock","9":"shipping-taxable","10":"purchasable","11":"product-type-simple"},"acf":[],"_links":{"self":[{"href":"https:\/\/ktech7.k-tech-services.com\/info568\/wp-json\/wp\/v2\/product\/501","targetHints":{"allow":["GET"]}}],"collection":[{"href":"https:\/\/ktech7.k-tech-services.com\/info568\/wp-json\/wp\/v2\/product"}],"about":[{"href":"https:\/\/ktech7.k-tech-services.com\/info568\/wp-json\/wp\/v2\/types\/product"}],"replies":[{"embeddable":true,"href":"https:\/\/ktech7.k-tech-services.com\/info568\/wp-json\/wp\/v2\/comments?post=501"}],"wp:attachment":[{"href":"https:\/\/ktech7.k-tech-services.com\/info568\/wp-json\/wp\/v2\/media?parent=501"}],"wp:term":[{"taxonomy":"product_brand","embeddable":true,"href":"https:\/\/ktech7.k-tech-services.com\/info568\/wp-json\/wp\/v2\/product_brand?post=501"},{"taxonomy":"product_cat","embeddable":true,"href":"https:\/\/ktech7.k-tech-services.com\/info568\/wp-json\/wp\/v2\/product_cat?post=501"},{"taxonomy":"product_tag","embeddable":true,"href":"https:\/\/ktech7.k-tech-services.com\/info568\/wp-json\/wp\/v2\/product_tag?post=501"}],"curies":[{"name":"wp","href":"https:\/\/api.w.org\/{rel}","templated":true}]}}