{"id":499,"date":"2026-03-25T04:26:07","date_gmt":"2026-03-25T04:26:07","guid":{"rendered":"https:\/\/ktech7.k-tech-services.com\/info568\/product\/man-hinh-do-hoa-asus-proart-pa248qv-24-1-inch-wuxga-ips-75hz-5ms-vrr-speaker-calmanverified\/"},"modified":"2026-03-25T04:26:07","modified_gmt":"2026-03-25T04:26:07","slug":"man-hinh-do-hoa-asus-proart-pa248qv-24-1-inch-wuxga-ips-75hz-5ms-vrr-speaker-calmanverified","status":"publish","type":"product","link":"https:\/\/ktech7.k-tech-services.com\/info568\/product\/man-hinh-do-hoa-asus-proart-pa248qv-24-1-inch-wuxga-ips-75hz-5ms-vrr-speaker-calmanverified\/","title":{"rendered":"M\u00e0n H\u00ecnh \u0110\u1ed3 H\u1ecda ASUS ProArt PA248QV (24.1 inch &#8211; WUXGA &#8211; IPS &#8211; 75Hz &#8211; 5ms &#8211; VRR &#8211; Speaker &#8211; CalmanVERIFIED)"},"content":{"rendered":"<p>Ki\u1ec3u d\u00e1ng m\u00e0n h\u00ecnh: Ph\u1eb3ng<br \/>\nT\u1ec9 l\u1ec7 khung h\u00ecnh: 16:10<br \/>\nK\u00edch th\u01b0\u1edbc m\u1eb7c \u0111\u1ecbnh: 24.1 inch<br \/>\nC\u00f4ng ngh\u1ec7 t\u1ea5m n\u1ec1n: IPS<br \/>\nPh\u00e2n gi\u1ea3i \u0111i\u1ec3m \u1ea3nh: WUXGA &#8211; 1920 x 1200<br \/>\n\u0110\u1ed9 s\u00e1ng hi\u1ec3n th\u1ecb: 300 Nits cd\/m2<br \/>\nT\u1ea7n s\u1ed1 qu\u00e9t m\u00e0n: 75 Hz (Hertz)<br \/>\nTh\u1eddi gian \u0111\u00e1p \u1ee9ng: 5ms (GTG)<br \/>\nCh\u1ec9 s\u1ed1 m\u00e0u s\u1eafc: 16.7 tri\u1ec7u m\u00e0u &#8211; 100% sRGB(MAX) &#8211; 77% AdobeRGB &#8211; 78% DCIP3 &#8211; 73% NTSC &#8211; 8 bits<br \/>\nH\u1ed7 tr\u1ee3 ti\u00eau chu\u1ea9n: VESA 100x100mm, VRR (Adaptive-Sync), 2xSpeaker Stereo (2W), CalmanVERIFIED<br \/>\nC\u1ed5ng c\u1eafm k\u1ebft n\u1ed1i: 1xDP 1.2, 1xHDMI 1.4, 1xD-Sub, 4x USB 3.2 Gen 1 Type-A, 1&#215;3.5mm Audio Out, 1&#215;3.5mm Audio In, 1x USB 3.0 Type-B (Upstream)<br \/>\nPh\u1ee5 ki\u1ec7n trong h\u1ed9p: D\u00e2y ngu\u1ed3n , D\u00e2y HDMI to HDMI, D\u00e2y DP to DP, D\u00e2y 3.0 Type-A to Type-B (Upstream)<\/p>\n","protected":false},"excerpt":{"rendered":"<p>Ki\u1ec3u d\u00e1ng m\u00e0n h\u00ecnh: Ph\u1eb3ng T\u1ec9 l\u1ec7 khung h\u00ecnh: 16:10 K\u00edch th\u01b0\u1edbc m\u1eb7c \u0111\u1ecbnh: 24.1 inch C\u00f4ng ngh\u1ec7 t\u1ea5m n\u1ec1n: IPS Ph\u00e2n gi\u1ea3i \u0111i\u1ec3m \u1ea3nh: WUXGA &#8211; 1920 x 1200 \u0110\u1ed9 s\u00e1ng hi\u1ec3n th\u1ecb: 300 Nits cd\/m2 T\u1ea7n s\u1ed1 qu\u00e9t m\u00e0n: 75 Hz (Hertz) Th\u1eddi gian \u0111\u00e1p \u1ee9ng: 5ms (GTG) Ch\u1ec9 s\u1ed1 m\u00e0u s\u1eafc: 16.7 [&#8230;]\n","protected":false},"featured_media":0,"comment_status":"open","ping_status":"closed","template":"","meta":{"_acf_changed":false},"product_brand":[],"product_cat":[15],"product_tag":[],"class_list":{"0":"post-499","1":"product","2":"type-product","3":"status-publish","5":"product_cat-laptop","7":"first","8":"outofstock","9":"shipping-taxable","10":"purchasable","11":"product-type-simple"},"acf":[],"_links":{"self":[{"href":"https:\/\/ktech7.k-tech-services.com\/info568\/wp-json\/wp\/v2\/product\/499","targetHints":{"allow":["GET"]}}],"collection":[{"href":"https:\/\/ktech7.k-tech-services.com\/info568\/wp-json\/wp\/v2\/product"}],"about":[{"href":"https:\/\/ktech7.k-tech-services.com\/info568\/wp-json\/wp\/v2\/types\/product"}],"replies":[{"embeddable":true,"href":"https:\/\/ktech7.k-tech-services.com\/info568\/wp-json\/wp\/v2\/comments?post=499"}],"wp:attachment":[{"href":"https:\/\/ktech7.k-tech-services.com\/info568\/wp-json\/wp\/v2\/media?parent=499"}],"wp:term":[{"taxonomy":"product_brand","embeddable":true,"href":"https:\/\/ktech7.k-tech-services.com\/info568\/wp-json\/wp\/v2\/product_brand?post=499"},{"taxonomy":"product_cat","embeddable":true,"href":"https:\/\/ktech7.k-tech-services.com\/info568\/wp-json\/wp\/v2\/product_cat?post=499"},{"taxonomy":"product_tag","embeddable":true,"href":"https:\/\/ktech7.k-tech-services.com\/info568\/wp-json\/wp\/v2\/product_tag?post=499"}],"curies":[{"name":"wp","href":"https:\/\/api.w.org\/{rel}","templated":true}]}}