{"id":497,"date":"2026-03-25T04:26:07","date_gmt":"2026-03-25T04:26:07","guid":{"rendered":"https:\/\/ktech7.k-tech-services.com\/info568\/product\/man-hinh-asus-vz279hg-27-inch-ips-fhd-120hz-1ms\/"},"modified":"2026-03-25T04:26:07","modified_gmt":"2026-03-25T04:26:07","slug":"man-hinh-asus-vz279hg-27-inch-ips-fhd-120hz-1ms","status":"publish","type":"product","link":"https:\/\/ktech7.k-tech-services.com\/info568\/product\/man-hinh-asus-vz279hg-27-inch-ips-fhd-120hz-1ms\/","title":{"rendered":"M\u00e0n H\u00ecnh ASUS VZ279HG (27 inch &#8211; IPS &#8211; FHD &#8211; 120Hz &#8211; 1ms)"},"content":{"rendered":"<p>Ki\u1ec3u d\u00e1ng m\u00e0n h\u00ecnh: Ph\u1eb3ng<br \/>\nT\u1ec9 l\u1ec7 khung h\u00ecnh: 16:9<br \/>\nK\u00edch th\u01b0\u1edbc m\u1eb7c \u0111\u1ecbnh: 27 inch<br \/>\nC\u00f4ng ngh\u1ec7 t\u1ea5m n\u1ec1n: IPS<br \/>\nPh\u00e2n gi\u1ea3i \u0111i\u1ec3m \u1ea3nh: Full HD (1920&#215;1080)<br \/>\n\u0110\u1ed9 s\u00e1ng hi\u1ec3n th\u1ecb: 250 cd\/\u33a1<br \/>\nT\u1ea7n s\u1ed1 qu\u00e9t m\u00e0n: 120Hz<br \/>\nTh\u1eddi gian \u0111\u00e1p \u1ee9ng: 1ms MPRT<br \/>\nCh\u1ec9 s\u1ed1 m\u00e0u s\u1eafc: 16.7 tri\u1ec7u m\u00e0u<br \/>\nC\u1ed5ng c\u1eafm k\u1ebft n\u1ed1i: HDMI(v1.4) x 1, VGA x 1, \u0110\u1ea7u c\u1eafm Tai nghe :C\u00f3<br \/>\nPh\u1ee5 ki\u1ec7n trong h\u1ed9p: c\u00e1p ngu\u1ed3n , C\u00e1p HDMI<\/p>\n","protected":false},"excerpt":{"rendered":"<p>Ki\u1ec3u d\u00e1ng m\u00e0n h\u00ecnh: Ph\u1eb3ng T\u1ec9 l\u1ec7 khung h\u00ecnh: 16:9 K\u00edch th\u01b0\u1edbc m\u1eb7c \u0111\u1ecbnh: 27 inch C\u00f4ng ngh\u1ec7 t\u1ea5m n\u1ec1n: IPS Ph\u00e2n gi\u1ea3i \u0111i\u1ec3m \u1ea3nh: Full HD (1920&#215;1080) \u0110\u1ed9 s\u00e1ng hi\u1ec3n th\u1ecb: 250 cd\/\u33a1 T\u1ea7n s\u1ed1 qu\u00e9t m\u00e0n: 120Hz Th\u1eddi gian \u0111\u00e1p \u1ee9ng: 1ms MPRT Ch\u1ec9 s\u1ed1 m\u00e0u s\u1eafc: 16.7 tri\u1ec7u m\u00e0u C\u1ed5ng c\u1eafm k\u1ebft [&#8230;]\n","protected":false},"featured_media":0,"comment_status":"open","ping_status":"closed","template":"","meta":{"_acf_changed":false},"product_brand":[],"product_cat":[15],"product_tag":[],"class_list":{"0":"post-497","1":"product","2":"type-product","3":"status-publish","5":"product_cat-laptop","7":"first","8":"outofstock","9":"shipping-taxable","10":"purchasable","11":"product-type-simple"},"acf":[],"_links":{"self":[{"href":"https:\/\/ktech7.k-tech-services.com\/info568\/wp-json\/wp\/v2\/product\/497","targetHints":{"allow":["GET"]}}],"collection":[{"href":"https:\/\/ktech7.k-tech-services.com\/info568\/wp-json\/wp\/v2\/product"}],"about":[{"href":"https:\/\/ktech7.k-tech-services.com\/info568\/wp-json\/wp\/v2\/types\/product"}],"replies":[{"embeddable":true,"href":"https:\/\/ktech7.k-tech-services.com\/info568\/wp-json\/wp\/v2\/comments?post=497"}],"wp:attachment":[{"href":"https:\/\/ktech7.k-tech-services.com\/info568\/wp-json\/wp\/v2\/media?parent=497"}],"wp:term":[{"taxonomy":"product_brand","embeddable":true,"href":"https:\/\/ktech7.k-tech-services.com\/info568\/wp-json\/wp\/v2\/product_brand?post=497"},{"taxonomy":"product_cat","embeddable":true,"href":"https:\/\/ktech7.k-tech-services.com\/info568\/wp-json\/wp\/v2\/product_cat?post=497"},{"taxonomy":"product_tag","embeddable":true,"href":"https:\/\/ktech7.k-tech-services.com\/info568\/wp-json\/wp\/v2\/product_tag?post=497"}],"curies":[{"name":"wp","href":"https:\/\/api.w.org\/{rel}","templated":true}]}}