{"id":495,"date":"2026-03-25T04:26:05","date_gmt":"2026-03-25T04:26:05","guid":{"rendered":"https:\/\/ktech7.k-tech-services.com\/info568\/product\/man-hinh-dell-ultrasharp-u2724de-27-0-inch-2k-ips-120hz-5ms-usb-typec-network-rj45-thunderbolt4\/"},"modified":"2026-03-25T04:26:05","modified_gmt":"2026-03-25T04:26:05","slug":"man-hinh-dell-ultrasharp-u2724de-27-0-inch-2k-ips-120hz-5ms-usb-typec-network-rj45-thunderbolt4","status":"publish","type":"product","link":"https:\/\/ktech7.k-tech-services.com\/info568\/product\/man-hinh-dell-ultrasharp-u2724de-27-0-inch-2k-ips-120hz-5ms-usb-typec-network-rj45-thunderbolt4\/","title":{"rendered":"M\u00e0n H\u00ecnh Dell UltraSharp U2724DE (27.0 inch &#8211; 2K &#8211; IPS &#8211; 120Hz &#8211; 5ms &#8211; USB TypeC &#8211; Network RJ45 &#8211; Thunderbolt4)"},"content":{"rendered":"<p>Ki\u1ec3u d\u00e1ng m\u00e0n h\u00ecnh: Ph\u1eb3ng<br \/>\nT\u1ec9 l\u1ec7 khung h\u00ecnh: 16:9<br \/>\nK\u00edch th\u01b0\u1edbc m\u1eb7c \u0111\u1ecbnh: 27 inch<br \/>\nC\u00f4ng ngh\u1ec7 t\u1ea5m n\u1ec1n: IPS Black<br \/>\nPh\u00e2n gi\u1ea3i \u0111i\u1ec3m \u1ea3nh: 2K QHD &#8211; 2560 x 1440<br \/>\n\u0110\u1ed9 s\u00e1ng hi\u1ec3n th\u1ecb: 350 Nits cd\/m2<br \/>\nT\u1ea7n s\u1ed1 qu\u00e9t m\u00e0n: 120 Hz (supports up to QHD 2560 x 1440 120Hz TMDS, VRR as specified in HDMI 2.1)<br \/>\nTh\u1eddi gian \u0111\u00e1p \u1ee9ng: 5 ms<br \/>\nCh\u1ec9 s\u1ed1 m\u00e0u s\u1eafc: 1.07 t\u1ef7 m\u00e0u &#8211; 100% sRGB &#8211; 100% BT.709 &#8211; 98% DCI-P3 &#8211; 98% Display P3 &#8211; Delta E < 2 (average)\nH\u1ed7 tr\u1ee3 ti\u00eau chu\u1ea9n: VESA 100x100mm\nC\u1ed5ng c\u1eafm hi\u1ec3n th\u1ecb: 1x ThunderboltTM 4 upstream port (Video + Data). Alternate mode with DisplayPort 1.4, power delivery up to 90W, 1x HDMI (HDCP 1.4)(supports up to QHD 2560 x 1440 120Hz TMDS, VRR as specified in HDMI 2.1), 1x DisplayPort 1.4, 1x DisplayPort 1.4 (out)\nC\u1ed5ng c\u1eafm d\u1eef li\u1ec7u: 1x USB-Type C upstream port (data only) (SuperSpeed USB 10 Gbps, USB 3.2 Gen 2, 3x USB Type-A downstream port (SuperSpeed USB 10 Gbps, USB 3.2 Gen 2), 1x USB Type-A downstream port (SuperSpeed USB 10 Gbps, USB 3.2 Gen 2) with BC1.2 power charging, 1x USB Type-C downstream port (SuperSpeed USB 10 Gbps, USB 3.2 Gen 2) with power charging (15W)\nC\u1ed5ng c\u1eafm lo\u1ea1i kh\u00e1c: 1x ThunderboltTM 4 downstream port (15W) for daisy chaining, 1x Security lock slot (based on Kensington Security Slot\u2122), 1x Power connector, 1x Audio line out, 1x Stand lock, 1x RJ45 port (2.5G)\nPh\u1ee5 ki\u1ec7n trong h\u1ed9p: 1x D\u00e2y ngu\u1ed3n, 1x D\u00e2y DisplayPort (1m8), 1x D\u00e2y USB-A to C (1m), 1x D\u00e2y Thunderbolt 4 (1m)\n<\/p>\n","protected":false},"excerpt":{"rendered":"<p>Ki\u1ec3u d\u00e1ng m\u00e0n h\u00ecnh: Ph\u1eb3ng T\u1ec9 l\u1ec7 khung h\u00ecnh: 16:9 K\u00edch th\u01b0\u1edbc m\u1eb7c \u0111\u1ecbnh: 27 inch C\u00f4ng ngh\u1ec7 t\u1ea5m n\u1ec1n: IPS Black Ph\u00e2n gi\u1ea3i \u0111i\u1ec3m \u1ea3nh: 2K QHD &#8211; 2560 x 1440 \u0110\u1ed9 s\u00e1ng hi\u1ec3n th\u1ecb: 350 Nits cd\/m2 T\u1ea7n s\u1ed1 qu\u00e9t m\u00e0n: 120 Hz (supports up to QHD 2560 x 1440 120Hz TMDS, VRR [&#8230;]\n","protected":false},"featured_media":0,"comment_status":"open","ping_status":"closed","template":"","meta":{"_acf_changed":false},"product_brand":[],"product_cat":[15],"product_tag":[],"class_list":{"0":"post-495","1":"product","2":"type-product","3":"status-publish","5":"product_cat-laptop","7":"first","8":"outofstock","9":"shipping-taxable","10":"purchasable","11":"product-type-simple"},"acf":[],"_links":{"self":[{"href":"https:\/\/ktech7.k-tech-services.com\/info568\/wp-json\/wp\/v2\/product\/495","targetHints":{"allow":["GET"]}}],"collection":[{"href":"https:\/\/ktech7.k-tech-services.com\/info568\/wp-json\/wp\/v2\/product"}],"about":[{"href":"https:\/\/ktech7.k-tech-services.com\/info568\/wp-json\/wp\/v2\/types\/product"}],"replies":[{"embeddable":true,"href":"https:\/\/ktech7.k-tech-services.com\/info568\/wp-json\/wp\/v2\/comments?post=495"}],"wp:attachment":[{"href":"https:\/\/ktech7.k-tech-services.com\/info568\/wp-json\/wp\/v2\/media?parent=495"}],"wp:term":[{"taxonomy":"product_brand","embeddable":true,"href":"https:\/\/ktech7.k-tech-services.com\/info568\/wp-json\/wp\/v2\/product_brand?post=495"},{"taxonomy":"product_cat","embeddable":true,"href":"https:\/\/ktech7.k-tech-services.com\/info568\/wp-json\/wp\/v2\/product_cat?post=495"},{"taxonomy":"product_tag","embeddable":true,"href":"https:\/\/ktech7.k-tech-services.com\/info568\/wp-json\/wp\/v2\/product_tag?post=495"}],"curies":[{"name":"wp","href":"https:\/\/api.w.org\/{rel}","templated":true}]}}