{"id":493,"date":"2026-03-25T04:26:03","date_gmt":"2026-03-25T04:26:03","guid":{"rendered":"https:\/\/ktech7.k-tech-services.com\/info568\/product\/man-hinh-dell-plus-4k-s2725qs-27-inch-uhd-ips-120hz-4ms-speaker-chan-cth\/"},"modified":"2026-03-25T04:26:03","modified_gmt":"2026-03-25T04:26:03","slug":"man-hinh-dell-plus-4k-s2725qs-27-inch-uhd-ips-120hz-4ms-speaker-chan-cth","status":"publish","type":"product","link":"https:\/\/ktech7.k-tech-services.com\/info568\/product\/man-hinh-dell-plus-4k-s2725qs-27-inch-uhd-ips-120hz-4ms-speaker-chan-cth\/","title":{"rendered":"M\u00e0n h\u00ecnh Dell Plus 4K S2725QS | 27 inch, UHD, IPS, 120Hz, 4ms, speaker, ch\u00e2n CTH"},"content":{"rendered":"<p>    K\u00edch th\u01b0\u1edbc m\u00e0n h\u00ecnh: 27 inch<br \/>\n    \u0110\u1ed9 ph\u00e2n gi\u1ea3i: 4K UHD (3840 x 2160)<br \/>\n    T\u1ea5m n\u1ec1n: IPS \u2013 g\u00f3c nh\u00ecn r\u1ed9ng, m\u00e0u s\u1eafc ch\u00ednh x\u00e1c<br \/>\n    T\u1ea7n s\u1ed1 qu\u00e9t: 120Hz \u2013 h\u00ecnh \u1ea3nh m\u01b0\u1ee3t m\u00e0<br \/>\n    Th\u1eddi gian ph\u1ea3n h\u1ed3i: 4ms GTG<br \/>\n    \u0110\u1ed9 ph\u1ee7 m\u00e0u: 99% sRGB \u2013 chu\u1ea9n m\u00e0u chuy\u00ean nghi\u1ec7p<br \/>\nH\u1ed7 tr\u1ee3 AMD FreeSync Premium: Ch\u1ed1ng x\u00e9 h\u00ecnh hi\u1ec7u qu\u1ea3<br \/>\nCh\u00e2n \u0111\u1ebf c\u00f4ng th\u00e1i h\u1ecdc: \u0110i\u1ec1u ch\u1ec9nh \u0111\u1ed9 cao, xoay ngang, xoay d\u1ecdc, nghi\u00eang<br \/>\nLoa t\u00edch h\u1ee3p: Ti\u1ec7n l\u1ee3i, ti\u1ebft ki\u1ec7m kh\u00f4ng gian<br \/>\nK\u1ebft n\u1ed1i: 2 HDMI 2.1, 1 DisplayPort 1.4<\/p>\n","protected":false},"excerpt":{"rendered":"<p>K\u00edch th\u01b0\u1edbc m\u00e0n h\u00ecnh: 27 inch \u0110\u1ed9 ph\u00e2n gi\u1ea3i: 4K UHD (3840 x 2160) T\u1ea5m n\u1ec1n: IPS \u2013 g\u00f3c nh\u00ecn r\u1ed9ng, m\u00e0u s\u1eafc ch\u00ednh x\u00e1c T\u1ea7n s\u1ed1 qu\u00e9t: 120Hz \u2013 h\u00ecnh \u1ea3nh m\u01b0\u1ee3t m\u00e0 Th\u1eddi gian ph\u1ea3n h\u1ed3i: 4ms GTG \u0110\u1ed9 ph\u1ee7 m\u00e0u: 99% sRGB \u2013 chu\u1ea9n m\u00e0u chuy\u00ean nghi\u1ec7p H\u1ed7 tr\u1ee3 AMD FreeSync Premium: [&#8230;]\n","protected":false},"featured_media":0,"comment_status":"open","ping_status":"closed","template":"","meta":{"_acf_changed":false},"product_brand":[],"product_cat":[15],"product_tag":[],"class_list":{"0":"post-493","1":"product","2":"type-product","3":"status-publish","5":"product_cat-laptop","7":"first","8":"outofstock","9":"shipping-taxable","10":"purchasable","11":"product-type-simple"},"acf":[],"_links":{"self":[{"href":"https:\/\/ktech7.k-tech-services.com\/info568\/wp-json\/wp\/v2\/product\/493","targetHints":{"allow":["GET"]}}],"collection":[{"href":"https:\/\/ktech7.k-tech-services.com\/info568\/wp-json\/wp\/v2\/product"}],"about":[{"href":"https:\/\/ktech7.k-tech-services.com\/info568\/wp-json\/wp\/v2\/types\/product"}],"replies":[{"embeddable":true,"href":"https:\/\/ktech7.k-tech-services.com\/info568\/wp-json\/wp\/v2\/comments?post=493"}],"wp:attachment":[{"href":"https:\/\/ktech7.k-tech-services.com\/info568\/wp-json\/wp\/v2\/media?parent=493"}],"wp:term":[{"taxonomy":"product_brand","embeddable":true,"href":"https:\/\/ktech7.k-tech-services.com\/info568\/wp-json\/wp\/v2\/product_brand?post=493"},{"taxonomy":"product_cat","embeddable":true,"href":"https:\/\/ktech7.k-tech-services.com\/info568\/wp-json\/wp\/v2\/product_cat?post=493"},{"taxonomy":"product_tag","embeddable":true,"href":"https:\/\/ktech7.k-tech-services.com\/info568\/wp-json\/wp\/v2\/product_tag?post=493"}],"curies":[{"name":"wp","href":"https:\/\/api.w.org\/{rel}","templated":true}]}}