{"id":491,"date":"2026-03-25T04:26:01","date_gmt":"2026-03-25T04:26:01","guid":{"rendered":"https:\/\/ktech7.k-tech-services.com\/info568\/product\/man-hinh-dell-e2020h-19-5-inch-hd-tn-60hz-5ms\/"},"modified":"2026-03-25T04:26:01","modified_gmt":"2026-03-25T04:26:01","slug":"man-hinh-dell-e2020h-19-5-inch-hd-tn-60hz-5ms","status":"publish","type":"product","link":"https:\/\/ktech7.k-tech-services.com\/info568\/product\/man-hinh-dell-e2020h-19-5-inch-hd-tn-60hz-5ms\/","title":{"rendered":"M\u00e0n h\u00ecnh Dell E2020H (19.5 Inch &#8211; HD+ &#8211; TN &#8211; 60Hz &#8211; 5ms)"},"content":{"rendered":"<p>Ki\u1ec3u d\u00e1ng m\u00e0n h\u00ecnh: Ph\u1eb3ng<br \/>\nT\u1ec9 l\u1ec7 khung h\u00ecnh: 16:9<br \/>\nK\u00edch th\u01b0\u1edbc m\u1eb7c \u0111\u1ecbnh: 19.5 Inch<br \/>\nC\u00f4ng ngh\u1ec7 t\u1ea5m n\u1ec1n: TN<br \/>\nPh\u00e2n gi\u1ea3i \u0111i\u1ec3m \u1ea3nh: HD+ &#8211; 1600&#215;900<br \/>\n\u0110\u1ed9 s\u00e1ng hi\u1ec3n th\u1ecb: 250 Nits cd\/m2<br \/>\nT\u1ea7n s\u1ed1 qu\u00e9t m\u00e0n: 60 Hz (Hertz)<br \/>\nTh\u1eddi gian \u0111\u00e1p \u1ee9ng: 5 ms<br \/>\nCh\u1ec9 s\u1ed1 m\u00e0u s\u1eafc: 16.7 tri\u1ec7u m\u00e0u &#8211; 72% NTSC &#8211; 8 bits FRC<br \/>\nH\u1ed7 tr\u1ee3 ti\u00eau chu\u1ea9n: VESA (100 mm x 100 mm)<br \/>\nC\u1ed5ng c\u1eafm k\u1ebft n\u1ed1i: 1xDP 1.2, 1x VGA<br \/>\nPh\u1ee5 ki\u1ec7n trong h\u1ed9p: D\u00e2y ngu\u1ed3n, c\u00e1p DP<\/p>\n","protected":false},"excerpt":{"rendered":"<p>Ki\u1ec3u d\u00e1ng m\u00e0n h\u00ecnh: Ph\u1eb3ng T\u1ec9 l\u1ec7 khung h\u00ecnh: 16:9 K\u00edch th\u01b0\u1edbc m\u1eb7c \u0111\u1ecbnh: 19.5 Inch C\u00f4ng ngh\u1ec7 t\u1ea5m n\u1ec1n: TN Ph\u00e2n gi\u1ea3i \u0111i\u1ec3m \u1ea3nh: HD+ &#8211; 1600&#215;900 \u0110\u1ed9 s\u00e1ng hi\u1ec3n th\u1ecb: 250 Nits cd\/m2 T\u1ea7n s\u1ed1 qu\u00e9t m\u00e0n: 60 Hz (Hertz) Th\u1eddi gian \u0111\u00e1p \u1ee9ng: 5 ms Ch\u1ec9 s\u1ed1 m\u00e0u s\u1eafc: 16.7 tri\u1ec7u m\u00e0u [&#8230;]\n","protected":false},"featured_media":0,"comment_status":"open","ping_status":"closed","template":"","meta":{"_acf_changed":false},"product_brand":[],"product_cat":[15],"product_tag":[],"class_list":{"0":"post-491","1":"product","2":"type-product","3":"status-publish","5":"product_cat-laptop","7":"first","8":"outofstock","9":"shipping-taxable","10":"purchasable","11":"product-type-simple"},"acf":[],"_links":{"self":[{"href":"https:\/\/ktech7.k-tech-services.com\/info568\/wp-json\/wp\/v2\/product\/491","targetHints":{"allow":["GET"]}}],"collection":[{"href":"https:\/\/ktech7.k-tech-services.com\/info568\/wp-json\/wp\/v2\/product"}],"about":[{"href":"https:\/\/ktech7.k-tech-services.com\/info568\/wp-json\/wp\/v2\/types\/product"}],"replies":[{"embeddable":true,"href":"https:\/\/ktech7.k-tech-services.com\/info568\/wp-json\/wp\/v2\/comments?post=491"}],"wp:attachment":[{"href":"https:\/\/ktech7.k-tech-services.com\/info568\/wp-json\/wp\/v2\/media?parent=491"}],"wp:term":[{"taxonomy":"product_brand","embeddable":true,"href":"https:\/\/ktech7.k-tech-services.com\/info568\/wp-json\/wp\/v2\/product_brand?post=491"},{"taxonomy":"product_cat","embeddable":true,"href":"https:\/\/ktech7.k-tech-services.com\/info568\/wp-json\/wp\/v2\/product_cat?post=491"},{"taxonomy":"product_tag","embeddable":true,"href":"https:\/\/ktech7.k-tech-services.com\/info568\/wp-json\/wp\/v2\/product_tag?post=491"}],"curies":[{"name":"wp","href":"https:\/\/api.w.org\/{rel}","templated":true}]}}