{"id":489,"date":"2026-03-25T04:26:01","date_gmt":"2026-03-25T04:26:01","guid":{"rendered":"https:\/\/ktech7.k-tech-services.com\/info568\/?post_type=product&#038;p=489"},"modified":"2026-03-25T04:26:11","modified_gmt":"2026-03-25T04:26:11","slug":"man-hinh-aoc-27v2q-27-inch-fhd-ips","status":"publish","type":"product","link":"https:\/\/ktech7.k-tech-services.com\/info568\/product\/man-hinh-aoc-27v2q-27-inch-fhd-ips\/","title":{"rendered":"M\u00e0n h\u00ecnh AOC 27V2Q 27 inch FHD IPS"},"content":{"rendered":"<p>Lo\u1ea1i m\u00e0n h\u00ecnh: M\u00e0n h\u00ecnh ph\u1eb3ng<br \/>\nT\u1ec9 l\u1ec7: 16:9<br \/>\nK\u00edch th\u01b0\u1edbc: 27 inch<br \/>\nT\u1ea5m n\u1ec1n: IPS<br \/>\n\u0110\u1ed9 ph\u00e2n gi\u1ea3i: Full HD (1920&#215;1080)<br \/>\nT\u1ed1c \u0111\u1ed9 l\u00e0m m\u1edbi: 75Hz<br \/>\nTh\u1eddi gian \u0111\u00e1p \u1ee9ng: 5ms (GtG)<br \/>\nC\u1ed5ng k\u1ebft n\u1ed1i: HDMI 1.4 \u00d7 1, DisplayPort 1.2 \u00d7 1<br \/>\nPh\u1ee5 ki\u1ec7n: C\u00e1p ngu\u1ed3n , c\u00e1p HDMI<\/p>\n","protected":false},"excerpt":{"rendered":"<p>Lo\u1ea1i m\u00e0n h\u00ecnh: M\u00e0n h\u00ecnh ph\u1eb3ng T\u1ec9 l\u1ec7: 16:9 K\u00edch th\u01b0\u1edbc: 27 inch T\u1ea5m n\u1ec1n: IPS \u0110\u1ed9 ph\u00e2n gi\u1ea3i: Full HD (1920&#215;1080) T\u1ed1c \u0111\u1ed9 l\u00e0m m\u1edbi: 75Hz Th\u1eddi gian \u0111\u00e1p \u1ee9ng: 5ms (GtG) C\u1ed5ng k\u1ebft n\u1ed1i: HDMI 1.4 \u00d7 1, DisplayPort 1.2 \u00d7 1 Ph\u1ee5 ki\u1ec7n: C\u00e1p ngu\u1ed3n , c\u00e1p HDMI<\/p>\n","protected":false},"featured_media":0,"comment_status":"open","ping_status":"closed","template":"","meta":{"_acf_changed":false},"product_brand":[],"product_cat":[15],"product_tag":[],"class_list":{"0":"post-489","1":"product","2":"type-product","3":"status-publish","5":"product_cat-laptop","7":"first","8":"outofstock","9":"shipping-taxable","10":"purchasable","11":"product-type-simple"},"acf":[],"_links":{"self":[{"href":"https:\/\/ktech7.k-tech-services.com\/info568\/wp-json\/wp\/v2\/product\/489","targetHints":{"allow":["GET"]}}],"collection":[{"href":"https:\/\/ktech7.k-tech-services.com\/info568\/wp-json\/wp\/v2\/product"}],"about":[{"href":"https:\/\/ktech7.k-tech-services.com\/info568\/wp-json\/wp\/v2\/types\/product"}],"replies":[{"embeddable":true,"href":"https:\/\/ktech7.k-tech-services.com\/info568\/wp-json\/wp\/v2\/comments?post=489"}],"wp:attachment":[{"href":"https:\/\/ktech7.k-tech-services.com\/info568\/wp-json\/wp\/v2\/media?parent=489"}],"wp:term":[{"taxonomy":"product_brand","embeddable":true,"href":"https:\/\/ktech7.k-tech-services.com\/info568\/wp-json\/wp\/v2\/product_brand?post=489"},{"taxonomy":"product_cat","embeddable":true,"href":"https:\/\/ktech7.k-tech-services.com\/info568\/wp-json\/wp\/v2\/product_cat?post=489"},{"taxonomy":"product_tag","embeddable":true,"href":"https:\/\/ktech7.k-tech-services.com\/info568\/wp-json\/wp\/v2\/product_tag?post=489"}],"curies":[{"name":"wp","href":"https:\/\/api.w.org\/{rel}","templated":true}]}}