{"id":488,"date":"2026-03-25T04:26:01","date_gmt":"2026-03-25T04:26:01","guid":{"rendered":"https:\/\/ktech7.k-tech-services.com\/info568\/?post_type=product&#038;p=488"},"modified":"2026-03-25T04:26:10","modified_gmt":"2026-03-25T04:26:10","slug":"man-hinh-asus-proart-pa278qv-27-inch-wqhd-ips-75hz-5ms","status":"publish","type":"product","link":"https:\/\/ktech7.k-tech-services.com\/info568\/product\/man-hinh-asus-proart-pa278qv-27-inch-wqhd-ips-75hz-5ms\/","title":{"rendered":"M\u00e0n h\u00ecnh Asus ProArt PA278QV (27 inch\/WQHD\/IPS\/75Hz\/5ms)"},"content":{"rendered":"<p>M\u00e0n h\u00ecnh IPS 27-inch WQHD (2560x 1440) v\u1edbi thi\u1ebft k\u1ebf kh\u00f4ng khung vi\u1ec1n<br \/>\nTi\u00eau chu\u1ea9n m\u00e0u qu\u1ed1c t\u1ebf \u0111\u1ea1t 100% ph\u1ed5 m\u00e0u sRGB v\u00e0 100% ph\u1ed5 m\u00e0u Rec.709<br \/>\nM\u00e0n h\u00ecnh \u0111\u1ea1t ch\u1ee9ng nh\u1eadn Calman Verified nh\u1edd \u0111\u01b0\u1ee3c hi\u1ec7u chu\u1ea9n tr\u01b0\u1edbc khi xu\u1ea5t x\u01b0\u1edfng \u0111\u1ec3 mang l\u1ea1i \u0111\u1ed9 ch\u00ednh x\u00e1c m\u00e0u tuy\u1ec7t v\u1eddi Delta E < 2\nC\u00e1c t\u00ednh n\u0103ng ProArt Preset v\u00e0 ProArt Palette \u0111\u1ed9c quy\u1ec1n c\u1ee7a ASUS cung c\u1ea5p nhi\u1ec1u lo\u1ea1i th\u00f4ng s\u1ed1 m\u00e0u s\u1eafc c\u00f3 th\u1ec3 \u0111i\u1ec1u ch\u1ec9nh\nT\u1ed1c \u0111\u1ed9 l\u00e0m t\u01b0\u01a1i 75Hz v\u00e0 c\u00f4ng ngh\u1ec7 Adaptive-Sync (48 ~ 75Hz) gi\u00fap \u0111\u00e1p \u1ee9ng c\u00e1c pha h\u00e0nh \u0111\u1ed9ng nhanh v\u00e0 lo\u1ea1i b\u1ecf hi\u1ec7n t\u01b0\u1ee3ng x\u00e9 h\u00ecnh\nKh\u1ea3 n\u0103ng k\u1ebft n\u1ed1i \u0111a d\u1ea1ng \u0111\u1ec3 mang l\u1ea1i cho b\u1ea1n s\u1ef1 linh ho\u1ea1t t\u1ed1i \u0111a, bao g\u1ed3m c\u00e1c c\u1ed5ng Mini DisplayPort, DisplayPort, HDMI, Dual-link DVI-D, Audio in, gi\u1eafc c\u1eafm tai nghe, c\u00f9ng v\u1edbi b\u1ed1n c\u1ed5ng USB 3.0\nCh\u00e2n \u0111\u1ebf ti\u1ec7n d\u1ee5ng v\u1edbi c\u00e1c kh\u1ea3 n\u0103ng \u0111i\u1ec1u ch\u1ec9nh \u0111\u1ed9 nghi\u00eang, \u0111\u1ed9 quay, \u0111\u1ed9 xoay v\u00e0 chi\u1ec1u cao \u0111\u1ec3 mang l\u1ea1i tr\u1ea3i nghi\u1ec7m xem tho\u1ea3i m\u00e1i, c\u00f9ng v\u1edbi kh\u1ea3 n\u0103ng h\u1ed7 tr\u1ee3 gi\u00e1 treo chu\u1ea9n VESA\n<\/p>\n","protected":false},"excerpt":{"rendered":"<p>M\u00e0n h\u00ecnh IPS 27-inch WQHD (2560x 1440) v\u1edbi thi\u1ebft k\u1ebf kh\u00f4ng khung vi\u1ec1n Ti\u00eau chu\u1ea9n m\u00e0u qu\u1ed1c t\u1ebf \u0111\u1ea1t 100% ph\u1ed5 m\u00e0u sRGB v\u00e0 100% ph\u1ed5 m\u00e0u Rec.709 M\u00e0n h\u00ecnh \u0111\u1ea1t ch\u1ee9ng nh\u1eadn Calman Verified nh\u1edd \u0111\u01b0\u1ee3c hi\u1ec7u chu\u1ea9n tr\u01b0\u1edbc khi xu\u1ea5t x\u01b0\u1edfng \u0111\u1ec3 mang l\u1ea1i \u0111\u1ed9 ch\u00ednh x\u00e1c m\u00e0u tuy\u1ec7t v\u1eddi Delta E < [...]\n<\/p>\n","protected":false},"featured_media":0,"comment_status":"open","ping_status":"closed","template":"","meta":{"_acf_changed":false},"product_brand":[],"product_cat":[15],"product_tag":[],"class_list":{"0":"post-488","1":"product","2":"type-product","3":"status-publish","5":"product_cat-laptop","7":"first","8":"outofstock","9":"shipping-taxable","10":"purchasable","11":"product-type-simple"},"acf":[],"_links":{"self":[{"href":"https:\/\/ktech7.k-tech-services.com\/info568\/wp-json\/wp\/v2\/product\/488","targetHints":{"allow":["GET"]}}],"collection":[{"href":"https:\/\/ktech7.k-tech-services.com\/info568\/wp-json\/wp\/v2\/product"}],"about":[{"href":"https:\/\/ktech7.k-tech-services.com\/info568\/wp-json\/wp\/v2\/types\/product"}],"replies":[{"embeddable":true,"href":"https:\/\/ktech7.k-tech-services.com\/info568\/wp-json\/wp\/v2\/comments?post=488"}],"wp:attachment":[{"href":"https:\/\/ktech7.k-tech-services.com\/info568\/wp-json\/wp\/v2\/media?parent=488"}],"wp:term":[{"taxonomy":"product_brand","embeddable":true,"href":"https:\/\/ktech7.k-tech-services.com\/info568\/wp-json\/wp\/v2\/product_brand?post=488"},{"taxonomy":"product_cat","embeddable":true,"href":"https:\/\/ktech7.k-tech-services.com\/info568\/wp-json\/wp\/v2\/product_cat?post=488"},{"taxonomy":"product_tag","embeddable":true,"href":"https:\/\/ktech7.k-tech-services.com\/info568\/wp-json\/wp\/v2\/product_tag?post=488"}],"curies":[{"name":"wp","href":"https:\/\/api.w.org\/{rel}","templated":true}]}}