{"id":486,"date":"2026-03-25T04:26:01","date_gmt":"2026-03-25T04:26:01","guid":{"rendered":"https:\/\/ktech7.k-tech-services.com\/info568\/?post_type=product&#038;p=486"},"modified":"2026-03-25T04:26:03","modified_gmt":"2026-03-25T04:26:03","slug":"man-hinh-dell-ultrasharp-u2424h-23-8-inch-fhd-ips-120hz-5ms-drr-tmds-usb-typec","status":"publish","type":"product","link":"https:\/\/ktech7.k-tech-services.com\/info568\/product\/man-hinh-dell-ultrasharp-u2424h-23-8-inch-fhd-ips-120hz-5ms-drr-tmds-usb-typec\/","title":{"rendered":"M\u00e0n H\u00ecnh Dell UltraSharp U2424H (23.8 inch &#8211; FHD &#8211; IPS &#8211; 120Hz &#8211; 5ms &#8211; DRR &#8211; TMDS &#8211; USB TypeC)"},"content":{"rendered":"<p>Ki\u1ec3u d\u00e1ng m\u00e0n h\u00ecnh: Ph\u1eb3ng<br \/>\nT\u1ec9 l\u1ec7 khung h\u00ecnh: 16:9<br \/>\nK\u00edch th\u01b0\u1edbc m\u1eb7c \u0111\u1ecbnh: 23.8 inch<br \/>\nC\u00f4ng ngh\u1ec7 t\u1ea5m n\u1ec1n: IPS<br \/>\nPh\u00e2n gi\u1ea3i \u0111i\u1ec3m \u1ea3nh: FHD &#8211; 1920 x 1080<br \/>\n\u0110\u1ed9 s\u00e1ng hi\u1ec3n th\u1ecb: 250 Nits cd\/m2<br \/>\nT\u1ea7n s\u1ed1 qu\u00e9t m\u00e0n: 120 Hz (Hertz)<br \/>\nTh\u1eddi gian \u0111\u00e1p \u1ee9ng: 8 ms (Normal) &#8211; 5 ms (Fast)<br \/>\nCh\u1ec9 s\u1ed1 m\u00e0u s\u1eafc: 16.7 tri\u1ec7u m\u00e0u &#8211; s100% sRGB, 100% BT.709, 85% DCI-P3, Delta E < 2 (average) (sRGB and BT.709)\nH\u1ed7 tr\u1ee3 ti\u00eau chu\u1ea9n: VESA (100 mm x 100 mm), DRR for Microsoft Windows, TMDS as per specified in HDMI 1.4\nC\u1ed5ng c\u1eafm hi\u1ec3n th\u1ecb: 1x DisplayPort 1.4 (DRR for Microsoft Windows) (HDCP 1.4), 1x HDMI (HDCP 1.4) (supports up to FHD 1920 x 1080 120Hz TMDS as per specified in HDMI 1.4), 1x DisplayPort 1.4 (Out) with MST (HDCP 1.4)\nC\u1ed5ng c\u1eafm d\u1eef li\u1ec7u: 1x USB Type-C upstream port (data only, SuperSpeed USB 10 Gbps, USB 3.2 Gen 2), 2x USB Type-A downstream port (SuperSpeed USB 10 Gbps, USB 3.2 Gen 2), 1x audio line-out port, 1x USB Type-C downstream port (SuperSpeed USB 10 Gbps, USB 3.2 Gen 2) with power charging (15W), 1x USB Type-A downstream port (SuperSpeed USB 10 Gbps, USB 3.2 Gen 2) with BC1.2 power charging\nC\u1ed5ng c\u1eafm lo\u1ea1i kh\u00e1c: 1x Security lock slot (based on Kensington Security Slot\u2122), 1x Power connector, 1x Stand lock\nPh\u1ee5 ki\u1ec7n trong h\u1ed9p: D\u00e2y ngu\u1ed3n, D\u00e2y DP to DP (1m8), D\u00e2y Type-A to USB Type-C (1m)\n<\/p>\n","protected":false},"excerpt":{"rendered":"<p>Ki\u1ec3u d\u00e1ng m\u00e0n h\u00ecnh: Ph\u1eb3ng T\u1ec9 l\u1ec7 khung h\u00ecnh: 16:9 K\u00edch th\u01b0\u1edbc m\u1eb7c \u0111\u1ecbnh: 23.8 inch C\u00f4ng ngh\u1ec7 t\u1ea5m n\u1ec1n: IPS Ph\u00e2n gi\u1ea3i \u0111i\u1ec3m \u1ea3nh: FHD &#8211; 1920 x 1080 \u0110\u1ed9 s\u00e1ng hi\u1ec3n th\u1ecb: 250 Nits cd\/m2 T\u1ea7n s\u1ed1 qu\u00e9t m\u00e0n: 120 Hz (Hertz) Th\u1eddi gian \u0111\u00e1p \u1ee9ng: 8 ms (Normal) &#8211; 5 ms (Fast) [&#8230;]\n","protected":false},"featured_media":0,"comment_status":"open","ping_status":"closed","template":"","meta":{"_acf_changed":false},"product_brand":[],"product_cat":[15],"product_tag":[],"class_list":{"0":"post-486","1":"product","2":"type-product","3":"status-publish","5":"product_cat-laptop","7":"first","8":"outofstock","9":"shipping-taxable","10":"purchasable","11":"product-type-simple"},"acf":[],"_links":{"self":[{"href":"https:\/\/ktech7.k-tech-services.com\/info568\/wp-json\/wp\/v2\/product\/486","targetHints":{"allow":["GET"]}}],"collection":[{"href":"https:\/\/ktech7.k-tech-services.com\/info568\/wp-json\/wp\/v2\/product"}],"about":[{"href":"https:\/\/ktech7.k-tech-services.com\/info568\/wp-json\/wp\/v2\/types\/product"}],"replies":[{"embeddable":true,"href":"https:\/\/ktech7.k-tech-services.com\/info568\/wp-json\/wp\/v2\/comments?post=486"}],"wp:attachment":[{"href":"https:\/\/ktech7.k-tech-services.com\/info568\/wp-json\/wp\/v2\/media?parent=486"}],"wp:term":[{"taxonomy":"product_brand","embeddable":true,"href":"https:\/\/ktech7.k-tech-services.com\/info568\/wp-json\/wp\/v2\/product_brand?post=486"},{"taxonomy":"product_cat","embeddable":true,"href":"https:\/\/ktech7.k-tech-services.com\/info568\/wp-json\/wp\/v2\/product_cat?post=486"},{"taxonomy":"product_tag","embeddable":true,"href":"https:\/\/ktech7.k-tech-services.com\/info568\/wp-json\/wp\/v2\/product_tag?post=486"}],"curies":[{"name":"wp","href":"https:\/\/api.w.org\/{rel}","templated":true}]}}