{"id":482,"date":"2026-03-25T04:25:57","date_gmt":"2026-03-25T04:25:57","guid":{"rendered":"https:\/\/ktech7.k-tech-services.com\/info568\/product\/man-hinh-hp-v20-1h849aa-19-5inch-60hz-200cd-m2-tn\/"},"modified":"2026-03-25T04:25:57","modified_gmt":"2026-03-25T04:25:57","slug":"man-hinh-hp-v20-1h849aa-19-5inch-60hz-200cd-m2-tn","status":"publish","type":"product","link":"https:\/\/ktech7.k-tech-services.com\/info568\/product\/man-hinh-hp-v20-1h849aa-19-5inch-60hz-200cd-m2-tn\/","title":{"rendered":"M\u00e0n h\u00ecnh HP V20 1H849AA (19.5Inch\/ 60HZ\/ 200cd\/m2\/ TN)"},"content":{"rendered":"<p>Nhu c\u1ea7u: M\u00e0n h\u00ecnh v\u0103n ph\u00f2ng<br \/>\nK\u00edch th\u01b0\u1edbc m\u00e0n h\u00ecnh: 19.5Inch<br \/>\n\u0110\u1ed9 ph\u00e2n gi\u1ea3i: 1600&#215;900<br \/>\nTh\u1eddi gian \u0111\u00e1p \u1ee9ng: 7ms<br \/>\nT\u1ea7n s\u1ed1 qu\u00e9t: 60HZ<br \/>\n\u0110\u1ed9 s\u00e1ng: 200cd\/m2<\/p>\n","protected":false},"excerpt":{"rendered":"<p>Nhu c\u1ea7u: M\u00e0n h\u00ecnh v\u0103n ph\u00f2ng K\u00edch th\u01b0\u1edbc m\u00e0n h\u00ecnh: 19.5Inch \u0110\u1ed9 ph\u00e2n gi\u1ea3i: 1600&#215;900 Th\u1eddi gian \u0111\u00e1p \u1ee9ng: 7ms T\u1ea7n s\u1ed1 qu\u00e9t: 60HZ \u0110\u1ed9 s\u00e1ng: 200cd\/m2<\/p>\n","protected":false},"featured_media":0,"comment_status":"open","ping_status":"closed","template":"","meta":{"_acf_changed":false},"product_brand":[],"product_cat":[15],"product_tag":[],"class_list":{"0":"post-482","1":"product","2":"type-product","3":"status-publish","5":"product_cat-laptop","7":"first","8":"outofstock","9":"shipping-taxable","10":"purchasable","11":"product-type-simple"},"acf":[],"_links":{"self":[{"href":"https:\/\/ktech7.k-tech-services.com\/info568\/wp-json\/wp\/v2\/product\/482","targetHints":{"allow":["GET"]}}],"collection":[{"href":"https:\/\/ktech7.k-tech-services.com\/info568\/wp-json\/wp\/v2\/product"}],"about":[{"href":"https:\/\/ktech7.k-tech-services.com\/info568\/wp-json\/wp\/v2\/types\/product"}],"replies":[{"embeddable":true,"href":"https:\/\/ktech7.k-tech-services.com\/info568\/wp-json\/wp\/v2\/comments?post=482"}],"wp:attachment":[{"href":"https:\/\/ktech7.k-tech-services.com\/info568\/wp-json\/wp\/v2\/media?parent=482"}],"wp:term":[{"taxonomy":"product_brand","embeddable":true,"href":"https:\/\/ktech7.k-tech-services.com\/info568\/wp-json\/wp\/v2\/product_brand?post=482"},{"taxonomy":"product_cat","embeddable":true,"href":"https:\/\/ktech7.k-tech-services.com\/info568\/wp-json\/wp\/v2\/product_cat?post=482"},{"taxonomy":"product_tag","embeddable":true,"href":"https:\/\/ktech7.k-tech-services.com\/info568\/wp-json\/wp\/v2\/product_tag?post=482"}],"curies":[{"name":"wp","href":"https:\/\/api.w.org\/{rel}","templated":true}]}}