{"id":480,"date":"2026-03-25T04:25:55","date_gmt":"2026-03-25T04:25:55","guid":{"rendered":"https:\/\/ktech7.k-tech-services.com\/info568\/product\/man-hinh-lg-24u411a-b-23-8-inch-ips-fhd-120hz-1ms\/"},"modified":"2026-03-25T04:25:55","modified_gmt":"2026-03-25T04:25:55","slug":"man-hinh-lg-24u411a-b-23-8-inch-ips-fhd-120hz-1ms","status":"publish","type":"product","link":"https:\/\/ktech7.k-tech-services.com\/info568\/product\/man-hinh-lg-24u411a-b-23-8-inch-ips-fhd-120hz-1ms\/","title":{"rendered":"M\u00e0n H\u00ecnh LG 24U411A-B (23.8 inch &#8211; IPS &#8211; FHD &#8211; 120Hz &#8211; 1ms)"},"content":{"rendered":"<p>Ki\u1ec3u d\u00e1ng m\u00e0n h\u00ecnh: Ph\u1eb3ng<br \/>\nT\u1ec9 l\u1ec7 khung h\u00ecnh:<br \/>\nK\u00edch th\u01b0\u1edbc m\u1eb7c \u0111\u1ecbnh: 23.8 inch<br \/>\nC\u00f4ng ngh\u1ec7 t\u1ea5m n\u1ec1n: IPS<br \/>\nPh\u00e2n gi\u1ea3i \u0111i\u1ec3m \u1ea3nh: FHD &#8211; 1920&#215;1080<br \/>\nT\u1ea7n s\u1ed1 qu\u00e9t m\u00e0n: 120Hz<br \/>\nTh\u1eddi gian \u0111\u00e1p \u1ee9ng: 1ms<br \/>\nCh\u1ec9 s\u1ed1 m\u00e0u s\u1eafc: sRGB 99%<br \/>\nH\u1ed7 tr\u1ee3 ti\u00eau chu\u1ea9n: Thi\u1ebft k\u1ebf c\u00f4ng th\u00e1i h\u1ecdc v\u1edbi \u0111\u1ed9 nghi\u00eang t\u1eeb -5\u00b0 \u0111\u1ebfn 20\u00b0, HDR10, Dynamic Action Sync \/ Black Stabilizer, Thi\u1ebft k\u1ebf 4 c\u1ea1nh si\u00eau m\u1ecfng, vesa 100x100mm<br \/>\nC\u1ed5ng c\u1eafm k\u1ebft n\u1ed1i: 1x VGA, 1x HDMI 2.0, 1x Headphone Out<br \/>\nPh\u1ee5 ki\u1ec7n trong h\u1ed9p: D\u00e2y ngu\u1ed3n, c\u00e1p HDMI<\/p>\n","protected":false},"excerpt":{"rendered":"<p>Ki\u1ec3u d\u00e1ng m\u00e0n h\u00ecnh: Ph\u1eb3ng T\u1ec9 l\u1ec7 khung h\u00ecnh: K\u00edch th\u01b0\u1edbc m\u1eb7c \u0111\u1ecbnh: 23.8 inch C\u00f4ng ngh\u1ec7 t\u1ea5m n\u1ec1n: IPS Ph\u00e2n gi\u1ea3i \u0111i\u1ec3m \u1ea3nh: FHD &#8211; 1920&#215;1080 T\u1ea7n s\u1ed1 qu\u00e9t m\u00e0n: 120Hz Th\u1eddi gian \u0111\u00e1p \u1ee9ng: 1ms Ch\u1ec9 s\u1ed1 m\u00e0u s\u1eafc: sRGB 99% H\u1ed7 tr\u1ee3 ti\u00eau chu\u1ea9n: Thi\u1ebft k\u1ebf c\u00f4ng th\u00e1i h\u1ecdc v\u1edbi \u0111\u1ed9 nghi\u00eang [&#8230;]\n","protected":false},"featured_media":0,"comment_status":"open","ping_status":"closed","template":"","meta":{"_acf_changed":false},"product_brand":[],"product_cat":[15],"product_tag":[],"class_list":{"0":"post-480","1":"product","2":"type-product","3":"status-publish","5":"product_cat-laptop","7":"first","8":"outofstock","9":"shipping-taxable","10":"purchasable","11":"product-type-simple"},"acf":[],"_links":{"self":[{"href":"https:\/\/ktech7.k-tech-services.com\/info568\/wp-json\/wp\/v2\/product\/480","targetHints":{"allow":["GET"]}}],"collection":[{"href":"https:\/\/ktech7.k-tech-services.com\/info568\/wp-json\/wp\/v2\/product"}],"about":[{"href":"https:\/\/ktech7.k-tech-services.com\/info568\/wp-json\/wp\/v2\/types\/product"}],"replies":[{"embeddable":true,"href":"https:\/\/ktech7.k-tech-services.com\/info568\/wp-json\/wp\/v2\/comments?post=480"}],"wp:attachment":[{"href":"https:\/\/ktech7.k-tech-services.com\/info568\/wp-json\/wp\/v2\/media?parent=480"}],"wp:term":[{"taxonomy":"product_brand","embeddable":true,"href":"https:\/\/ktech7.k-tech-services.com\/info568\/wp-json\/wp\/v2\/product_brand?post=480"},{"taxonomy":"product_cat","embeddable":true,"href":"https:\/\/ktech7.k-tech-services.com\/info568\/wp-json\/wp\/v2\/product_cat?post=480"},{"taxonomy":"product_tag","embeddable":true,"href":"https:\/\/ktech7.k-tech-services.com\/info568\/wp-json\/wp\/v2\/product_tag?post=480"}],"curies":[{"name":"wp","href":"https:\/\/api.w.org\/{rel}","templated":true}]}}