{"id":478,"date":"2026-03-25T04:25:53","date_gmt":"2026-03-25T04:25:53","guid":{"rendered":"https:\/\/ktech7.k-tech-services.com\/info568\/product\/man-hinh-gaming-lg-27up600k-w-27-inch-ips-4k-60hz-5ms\/"},"modified":"2026-03-25T04:25:53","modified_gmt":"2026-03-25T04:25:53","slug":"man-hinh-gaming-lg-27up600k-w-27-inch-ips-4k-60hz-5ms","status":"publish","type":"product","link":"https:\/\/ktech7.k-tech-services.com\/info568\/product\/man-hinh-gaming-lg-27up600k-w-27-inch-ips-4k-60hz-5ms\/","title":{"rendered":"M\u00e0n H\u00ecnh Gaming LG 27UP600K-W (27 inch &#8211; IPS &#8211; 4K &#8211; 60Hz &#8211; 5ms)"},"content":{"rendered":"<p>Ki\u1ec3u d\u00e1ng m\u00e0n h\u00ecnh: Ph\u1eb3ng<br \/>\nT\u1ec9 l\u1ec7 khung h\u00ecnh:<br \/>\nK\u00edch th\u01b0\u1edbc m\u1eb7c \u0111\u1ecbnh: 27 inch<br \/>\nC\u00f4ng ngh\u1ec7 t\u1ea5m n\u1ec1n: IPS<\/p>\n","protected":false},"excerpt":{"rendered":"<p>Ki\u1ec3u d\u00e1ng m\u00e0n h\u00ecnh: Ph\u1eb3ng T\u1ec9 l\u1ec7 khung h\u00ecnh: K\u00edch th\u01b0\u1edbc m\u1eb7c \u0111\u1ecbnh: 27 inch C\u00f4ng ngh\u1ec7 t\u1ea5m n\u1ec1n: IPS<\/p>\n","protected":false},"featured_media":0,"comment_status":"open","ping_status":"closed","template":"","meta":{"_acf_changed":false},"product_brand":[],"product_cat":[15],"product_tag":[],"class_list":{"0":"post-478","1":"product","2":"type-product","3":"status-publish","5":"product_cat-laptop","7":"first","8":"outofstock","9":"shipping-taxable","10":"purchasable","11":"product-type-simple"},"acf":[],"_links":{"self":[{"href":"https:\/\/ktech7.k-tech-services.com\/info568\/wp-json\/wp\/v2\/product\/478","targetHints":{"allow":["GET"]}}],"collection":[{"href":"https:\/\/ktech7.k-tech-services.com\/info568\/wp-json\/wp\/v2\/product"}],"about":[{"href":"https:\/\/ktech7.k-tech-services.com\/info568\/wp-json\/wp\/v2\/types\/product"}],"replies":[{"embeddable":true,"href":"https:\/\/ktech7.k-tech-services.com\/info568\/wp-json\/wp\/v2\/comments?post=478"}],"wp:attachment":[{"href":"https:\/\/ktech7.k-tech-services.com\/info568\/wp-json\/wp\/v2\/media?parent=478"}],"wp:term":[{"taxonomy":"product_brand","embeddable":true,"href":"https:\/\/ktech7.k-tech-services.com\/info568\/wp-json\/wp\/v2\/product_brand?post=478"},{"taxonomy":"product_cat","embeddable":true,"href":"https:\/\/ktech7.k-tech-services.com\/info568\/wp-json\/wp\/v2\/product_cat?post=478"},{"taxonomy":"product_tag","embeddable":true,"href":"https:\/\/ktech7.k-tech-services.com\/info568\/wp-json\/wp\/v2\/product_tag?post=478"}],"curies":[{"name":"wp","href":"https:\/\/api.w.org\/{rel}","templated":true}]}}