{"id":474,"date":"2026-03-25T04:25:48","date_gmt":"2026-03-25T04:25:48","guid":{"rendered":"https:\/\/ktech7.k-tech-services.com\/info568\/product\/man-hinh-viewsonic-va2432-h-23-8-inch-fhd-ips-75hz-5ms-250-nits-hdmivga\/"},"modified":"2026-03-25T04:25:48","modified_gmt":"2026-03-25T04:25:48","slug":"man-hinh-viewsonic-va2432-h-23-8-inch-fhd-ips-75hz-5ms-250-nits-hdmivga","status":"publish","type":"product","link":"https:\/\/ktech7.k-tech-services.com\/info568\/product\/man-hinh-viewsonic-va2432-h-23-8-inch-fhd-ips-75hz-5ms-250-nits-hdmivga\/","title":{"rendered":"M\u00e0n h\u00ecnh Viewsonic VA2432-H (23.8 inch\/FHD\/IPS\/75Hz\/5ms\/250 nits\/HDMI+VGA)"},"content":{"rendered":"<p>C\u1ed5ng k\u1ebft n\u1ed1i HDMI v\u00e0 VGA<br \/>\nC\u00f4ng ngh\u1ec7 SuperClear\u00ae IPS cho m\u00e0u s\u1eafc ch\u00e2n th\u1ef1c v\u00e0 g\u00f3c nh\u00ecn r\u1ed9ng<br \/>\nC\u00f4ng ngh\u1ec7 b\u1ea3o v\u1ec7 m\u1eaft<br \/>\nCh\u1ebf \u0111\u1ed9 ti\u1ebft ki\u1ec7m v\u1edbi m\u1ee9c ti\u00eau th\u1ee5 \u0111i\u1ec7n n\u0103ng th\u1ea5p<br \/>\nCh\u1ee9c n\u0103ng ViewMode \u0111\u1ed9c quy\u1ec1n t\u00edch h\u1ee3p s\u1eb5n c\u00e1c c\u1ea5u h\u00ecnh hi\u1ec3n th\u1ecb m\u00e0u kh\u00e1c nhau<br \/>\nT\u00edch h\u1ee3p Adaptive sync gi\u00fap lo\u1ea1i b\u1ecf hi\u1ec7n t\u01b0\u1ee3ng r\u00e1ch, x\u00e9 h\u00ecnh.<br \/>\nT\u00edch h\u1ee3p treo t\u01b0\u1eddng VESA<\/p>\n","protected":false},"excerpt":{"rendered":"<p>C\u1ed5ng k\u1ebft n\u1ed1i HDMI v\u00e0 VGA C\u00f4ng ngh\u1ec7 SuperClear\u00ae IPS cho m\u00e0u s\u1eafc ch\u00e2n th\u1ef1c v\u00e0 g\u00f3c nh\u00ecn r\u1ed9ng C\u00f4ng ngh\u1ec7 b\u1ea3o v\u1ec7 m\u1eaft Ch\u1ebf \u0111\u1ed9 ti\u1ebft ki\u1ec7m v\u1edbi m\u1ee9c ti\u00eau th\u1ee5 \u0111i\u1ec7n n\u0103ng th\u1ea5p Ch\u1ee9c n\u0103ng ViewMode \u0111\u1ed9c quy\u1ec1n t\u00edch h\u1ee3p s\u1eb5n c\u00e1c c\u1ea5u h\u00ecnh hi\u1ec3n th\u1ecb m\u00e0u kh\u00e1c nhau T\u00edch h\u1ee3p Adaptive sync [&#8230;]\n","protected":false},"featured_media":0,"comment_status":"open","ping_status":"closed","template":"","meta":{"_acf_changed":false},"product_brand":[],"product_cat":[15],"product_tag":[],"class_list":{"0":"post-474","1":"product","2":"type-product","3":"status-publish","5":"product_cat-laptop","7":"first","8":"outofstock","9":"shipping-taxable","10":"purchasable","11":"product-type-simple"},"acf":[],"_links":{"self":[{"href":"https:\/\/ktech7.k-tech-services.com\/info568\/wp-json\/wp\/v2\/product\/474","targetHints":{"allow":["GET"]}}],"collection":[{"href":"https:\/\/ktech7.k-tech-services.com\/info568\/wp-json\/wp\/v2\/product"}],"about":[{"href":"https:\/\/ktech7.k-tech-services.com\/info568\/wp-json\/wp\/v2\/types\/product"}],"replies":[{"embeddable":true,"href":"https:\/\/ktech7.k-tech-services.com\/info568\/wp-json\/wp\/v2\/comments?post=474"}],"wp:attachment":[{"href":"https:\/\/ktech7.k-tech-services.com\/info568\/wp-json\/wp\/v2\/media?parent=474"}],"wp:term":[{"taxonomy":"product_brand","embeddable":true,"href":"https:\/\/ktech7.k-tech-services.com\/info568\/wp-json\/wp\/v2\/product_brand?post=474"},{"taxonomy":"product_cat","embeddable":true,"href":"https:\/\/ktech7.k-tech-services.com\/info568\/wp-json\/wp\/v2\/product_cat?post=474"},{"taxonomy":"product_tag","embeddable":true,"href":"https:\/\/ktech7.k-tech-services.com\/info568\/wp-json\/wp\/v2\/product_tag?post=474"}],"curies":[{"name":"wp","href":"https:\/\/api.w.org\/{rel}","templated":true}]}}