{"id":469,"date":"2026-03-25T04:25:47","date_gmt":"2026-03-25T04:25:47","guid":{"rendered":"https:\/\/ktech7.k-tech-services.com\/info568\/?post_type=product&#038;p=469"},"modified":"2026-03-25T04:25:55","modified_gmt":"2026-03-25T04:25:55","slug":"man-hinh-gaming-lg-ultragear-24gs50f-b-23-7-inch-va-fhd-180hz-1ms","status":"publish","type":"product","link":"https:\/\/ktech7.k-tech-services.com\/info568\/product\/man-hinh-gaming-lg-ultragear-24gs50f-b-23-7-inch-va-fhd-180hz-1ms\/","title":{"rendered":"M\u00e0n H\u00ecnh Gaming LG UltraGear 24GS50F-B (23.7 inch &#8211; VA &#8211; FHD &#8211; 180Hz &#8211; 1ms)"},"content":{"rendered":"<p>Ki\u1ec3u d\u00e1ng m\u00e0n h\u00ecnh: Ph\u1eb3ng<br \/>\nT\u1ec9 l\u1ec7 khung h\u00ecnh: 16:9<br \/>\nK\u00edch th\u01b0\u1edbc m\u1eb7c \u0111\u1ecbnh: 23.7 inch<br \/>\nC\u00f4ng ngh\u1ec7 t\u1ea5m n\u1ec1n: VA<br \/>\nPh\u00e2n gi\u1ea3i \u0111i\u1ec3m \u1ea3nh: FHD &#8211; 1920 x 1080<br \/>\n\u0110\u1ed9 s\u00e1ng hi\u1ec3n th\u1ecb: 200 Nits cd\/m\u00b2(T\u1ed1i thi\u1ec3u) &#8211; 250 Nits cd\/m\u00b2(Th\u00f4ng th\u01b0\u1eddng)<br \/>\nT\u1ea7n s\u1ed1 qu\u00e9t m\u00e0n: 180 Hz (Hertz)<br \/>\nTh\u1eddi gian \u0111\u00e1p \u1ee9ng: 1ms MBR, 5ms (GtG at Faster)<br \/>\nCh\u1ec9 s\u1ed1 m\u00e0u s\u1eafc: 16.7 tri\u1ec7u m\u00e0u &#8211; NTSC 72% (CIE1931)<br \/>\nH\u1ed7 tr\u1ee3 ti\u00eau chu\u1ea9n: VESA (75 x 75mm), FreeSync<br \/>\nC\u1ed5ng c\u1eafm k\u1ebft n\u1ed1i: 1xDP 1.4, 2xHDMI 1.4<br \/>\nPh\u1ee5 ki\u1ec7n trong h\u1ed9p: D\u00e2y ngu\u1ed3n, D\u00e2y HDMI<\/p>\n","protected":false},"excerpt":{"rendered":"<p>Ki\u1ec3u d\u00e1ng m\u00e0n h\u00ecnh: Ph\u1eb3ng T\u1ec9 l\u1ec7 khung h\u00ecnh: 16:9 K\u00edch th\u01b0\u1edbc m\u1eb7c \u0111\u1ecbnh: 23.7 inch C\u00f4ng ngh\u1ec7 t\u1ea5m n\u1ec1n: VA Ph\u00e2n gi\u1ea3i \u0111i\u1ec3m \u1ea3nh: FHD &#8211; 1920 x 1080 \u0110\u1ed9 s\u00e1ng hi\u1ec3n th\u1ecb: 200 Nits cd\/m\u00b2(T\u1ed1i thi\u1ec3u) &#8211; 250 Nits cd\/m\u00b2(Th\u00f4ng th\u01b0\u1eddng) T\u1ea7n s\u1ed1 qu\u00e9t m\u00e0n: 180 Hz (Hertz) Th\u1eddi gian \u0111\u00e1p \u1ee9ng: 1ms [&#8230;]\n","protected":false},"featured_media":0,"comment_status":"open","ping_status":"closed","template":"","meta":{"_acf_changed":false},"product_brand":[],"product_cat":[15],"product_tag":[],"class_list":{"0":"post-469","1":"product","2":"type-product","3":"status-publish","5":"product_cat-laptop","7":"first","8":"outofstock","9":"shipping-taxable","10":"purchasable","11":"product-type-simple"},"acf":[],"_links":{"self":[{"href":"https:\/\/ktech7.k-tech-services.com\/info568\/wp-json\/wp\/v2\/product\/469","targetHints":{"allow":["GET"]}}],"collection":[{"href":"https:\/\/ktech7.k-tech-services.com\/info568\/wp-json\/wp\/v2\/product"}],"about":[{"href":"https:\/\/ktech7.k-tech-services.com\/info568\/wp-json\/wp\/v2\/types\/product"}],"replies":[{"embeddable":true,"href":"https:\/\/ktech7.k-tech-services.com\/info568\/wp-json\/wp\/v2\/comments?post=469"}],"wp:attachment":[{"href":"https:\/\/ktech7.k-tech-services.com\/info568\/wp-json\/wp\/v2\/media?parent=469"}],"wp:term":[{"taxonomy":"product_brand","embeddable":true,"href":"https:\/\/ktech7.k-tech-services.com\/info568\/wp-json\/wp\/v2\/product_brand?post=469"},{"taxonomy":"product_cat","embeddable":true,"href":"https:\/\/ktech7.k-tech-services.com\/info568\/wp-json\/wp\/v2\/product_cat?post=469"},{"taxonomy":"product_tag","embeddable":true,"href":"https:\/\/ktech7.k-tech-services.com\/info568\/wp-json\/wp\/v2\/product_tag?post=469"}],"curies":[{"name":"wp","href":"https:\/\/api.w.org\/{rel}","templated":true}]}}