{"id":466,"date":"2026-03-25T04:25:46","date_gmt":"2026-03-25T04:25:46","guid":{"rendered":"https:\/\/ktech7.k-tech-services.com\/info568\/?post_type=product&#038;p=466"},"modified":"2026-03-25T04:25:52","modified_gmt":"2026-03-25T04:25:52","slug":"man-hinh-gaming-samsung-odyssey-g5-ls27dg502eexxv-27inch-qhd-2560x1440-1ms-180hz-ips","status":"publish","type":"product","link":"https:\/\/ktech7.k-tech-services.com\/info568\/product\/man-hinh-gaming-samsung-odyssey-g5-ls27dg502eexxv-27inch-qhd-2560x1440-1ms-180hz-ips\/","title":{"rendered":"M\u00e0n h\u00ecnh gaming Samsung Odyssey G5 LS27DG502EEXXV (27Inch\/ QHD (2560&#215;1440)\/ 1ms\/ 180Hz\/ IPS)"},"content":{"rendered":"<p>Nhu c\u1ea7u: M\u00e0n h\u00ecnh gaming<br \/>\nK\u00edch th\u01b0\u1edbc m\u00e0n h\u00ecnh: 27Inch<br \/>\n\u0110\u1ed9 ph\u00e2n gi\u1ea3i: QHD (2560&#215;1440)<br \/>\nTh\u1eddi gian \u0111\u00e1p \u1ee9ng: 1ms<br \/>\nT\u1ea7n s\u1ed1 qu\u00e9t: 180Hz<br \/>\n\u0110\u1ed9 s\u00e1ng: 350cd\/m2<\/p>\n","protected":false},"excerpt":{"rendered":"<p>Nhu c\u1ea7u: M\u00e0n h\u00ecnh gaming K\u00edch th\u01b0\u1edbc m\u00e0n h\u00ecnh: 27Inch \u0110\u1ed9 ph\u00e2n gi\u1ea3i: QHD (2560&#215;1440) Th\u1eddi gian \u0111\u00e1p \u1ee9ng: 1ms T\u1ea7n s\u1ed1 qu\u00e9t: 180Hz \u0110\u1ed9 s\u00e1ng: 350cd\/m2<\/p>\n","protected":false},"featured_media":0,"comment_status":"open","ping_status":"closed","template":"","meta":{"_acf_changed":false},"product_brand":[],"product_cat":[15],"product_tag":[],"class_list":{"0":"post-466","1":"product","2":"type-product","3":"status-publish","5":"product_cat-laptop","7":"first","8":"outofstock","9":"shipping-taxable","10":"purchasable","11":"product-type-simple"},"acf":[],"_links":{"self":[{"href":"https:\/\/ktech7.k-tech-services.com\/info568\/wp-json\/wp\/v2\/product\/466","targetHints":{"allow":["GET"]}}],"collection":[{"href":"https:\/\/ktech7.k-tech-services.com\/info568\/wp-json\/wp\/v2\/product"}],"about":[{"href":"https:\/\/ktech7.k-tech-services.com\/info568\/wp-json\/wp\/v2\/types\/product"}],"replies":[{"embeddable":true,"href":"https:\/\/ktech7.k-tech-services.com\/info568\/wp-json\/wp\/v2\/comments?post=466"}],"wp:attachment":[{"href":"https:\/\/ktech7.k-tech-services.com\/info568\/wp-json\/wp\/v2\/media?parent=466"}],"wp:term":[{"taxonomy":"product_brand","embeddable":true,"href":"https:\/\/ktech7.k-tech-services.com\/info568\/wp-json\/wp\/v2\/product_brand?post=466"},{"taxonomy":"product_cat","embeddable":true,"href":"https:\/\/ktech7.k-tech-services.com\/info568\/wp-json\/wp\/v2\/product_cat?post=466"},{"taxonomy":"product_tag","embeddable":true,"href":"https:\/\/ktech7.k-tech-services.com\/info568\/wp-json\/wp\/v2\/product_tag?post=466"}],"curies":[{"name":"wp","href":"https:\/\/api.w.org\/{rel}","templated":true}]}}