{"id":463,"date":"2026-03-25T04:25:46","date_gmt":"2026-03-25T04:25:46","guid":{"rendered":"https:\/\/ktech7.k-tech-services.com\/info568\/?post_type=product&#038;p=463"},"modified":"2026-03-25T04:25:50","modified_gmt":"2026-03-25T04:25:50","slug":"man-hinh-may-tinh-samsung-ls27f320gaexxv-27-inch-ips-fhd-5ms-120hz","status":"publish","type":"product","link":"https:\/\/ktech7.k-tech-services.com\/info568\/product\/man-hinh-may-tinh-samsung-ls27f320gaexxv-27-inch-ips-fhd-5ms-120hz\/","title":{"rendered":"M\u00e0n h\u00ecnh m\u00e1y t\u00ednh Samsung LS27F320GAEXXV (27 inch &#8211; IPS &#8211; FHD &#8211; 5ms &#8211; 120Hz)"},"content":{"rendered":"<p>K\u00edch th\u01b0\u1edbc :  27&#8243;<br \/>\n\u0110\u1ed9 ph\u00e2n gi\u1ea3i : FHD (1920&#215;1080)<br \/>\nT\u1ea5m n\u1ec1n: IPS<br \/>\nT\u1ea7n s\u1ed1 qu\u00e9t : 120Hz<br \/>\n\u0110\u1ed9 t\u01b0\u01a1ng ph\u1ea3n : 1000:1<br \/>\n\u0110\u1ed9 s\u00e1ng hi\u1ec3n th\u1ecb: 250cd\/m2<\/p>\n","protected":false},"excerpt":{"rendered":"<p>K\u00edch th\u01b0\u1edbc : 27&#8243; \u0110\u1ed9 ph\u00e2n gi\u1ea3i : FHD (1920&#215;1080) T\u1ea5m n\u1ec1n: IPS T\u1ea7n s\u1ed1 qu\u00e9t : 120Hz \u0110\u1ed9 t\u01b0\u01a1ng ph\u1ea3n : 1000:1 \u0110\u1ed9 s\u00e1ng hi\u1ec3n th\u1ecb: 250cd\/m2<\/p>\n","protected":false},"featured_media":0,"comment_status":"open","ping_status":"closed","template":"","meta":{"_acf_changed":false},"product_brand":[],"product_cat":[15],"product_tag":[],"class_list":{"0":"post-463","1":"product","2":"type-product","3":"status-publish","5":"product_cat-laptop","7":"first","8":"outofstock","9":"shipping-taxable","10":"purchasable","11":"product-type-simple"},"acf":[],"_links":{"self":[{"href":"https:\/\/ktech7.k-tech-services.com\/info568\/wp-json\/wp\/v2\/product\/463","targetHints":{"allow":["GET"]}}],"collection":[{"href":"https:\/\/ktech7.k-tech-services.com\/info568\/wp-json\/wp\/v2\/product"}],"about":[{"href":"https:\/\/ktech7.k-tech-services.com\/info568\/wp-json\/wp\/v2\/types\/product"}],"replies":[{"embeddable":true,"href":"https:\/\/ktech7.k-tech-services.com\/info568\/wp-json\/wp\/v2\/comments?post=463"}],"wp:attachment":[{"href":"https:\/\/ktech7.k-tech-services.com\/info568\/wp-json\/wp\/v2\/media?parent=463"}],"wp:term":[{"taxonomy":"product_brand","embeddable":true,"href":"https:\/\/ktech7.k-tech-services.com\/info568\/wp-json\/wp\/v2\/product_brand?post=463"},{"taxonomy":"product_cat","embeddable":true,"href":"https:\/\/ktech7.k-tech-services.com\/info568\/wp-json\/wp\/v2\/product_cat?post=463"},{"taxonomy":"product_tag","embeddable":true,"href":"https:\/\/ktech7.k-tech-services.com\/info568\/wp-json\/wp\/v2\/product_tag?post=463"}],"curies":[{"name":"wp","href":"https:\/\/api.w.org\/{rel}","templated":true}]}}