{"id":460,"date":"2026-03-25T04:25:46","date_gmt":"2026-03-25T04:25:46","guid":{"rendered":"https:\/\/ktech7.k-tech-services.com\/info568\/?post_type=product&#038;p=460"},"modified":"2026-03-25T04:25:49","modified_gmt":"2026-03-25T04:25:49","slug":"man-hinh-viewsonic-va2409-h-24","status":"publish","type":"product","link":"https:\/\/ktech7.k-tech-services.com\/info568\/product\/man-hinh-viewsonic-va2409-h-24\/","title":{"rendered":"M\u00e0n h\u00ecnh Viewsonic VA2409-H 24"},"content":{"rendered":"<p>&#8211; H\u00e3ng s\u1ea3n xu\u1ea5t : ViewSonic<\/p>\n<p>&#8211; B\u1ea3o h\u00e0nh : 36 th\u00e1ng<\/p>\n<p>&#8211; H\u1ed7 tr\u1ee3 \u0111\u1ed5i m\u1edbi trong 7 ng\u00e0y.<\/p>\n","protected":false},"excerpt":{"rendered":"<p>&#8211; H\u00e3ng s\u1ea3n xu\u1ea5t : ViewSonic &#8211; B\u1ea3o h\u00e0nh : 36 th\u00e1ng &#8211; H\u1ed7 tr\u1ee3 \u0111\u1ed5i m\u1edbi trong 7 ng\u00e0y.<\/p>\n","protected":false},"featured_media":0,"comment_status":"open","ping_status":"closed","template":"","meta":{"_acf_changed":false},"product_brand":[],"product_cat":[15],"product_tag":[],"class_list":{"0":"post-460","1":"product","2":"type-product","3":"status-publish","5":"product_cat-laptop","7":"first","8":"outofstock","9":"shipping-taxable","10":"purchasable","11":"product-type-simple"},"acf":[],"_links":{"self":[{"href":"https:\/\/ktech7.k-tech-services.com\/info568\/wp-json\/wp\/v2\/product\/460","targetHints":{"allow":["GET"]}}],"collection":[{"href":"https:\/\/ktech7.k-tech-services.com\/info568\/wp-json\/wp\/v2\/product"}],"about":[{"href":"https:\/\/ktech7.k-tech-services.com\/info568\/wp-json\/wp\/v2\/types\/product"}],"replies":[{"embeddable":true,"href":"https:\/\/ktech7.k-tech-services.com\/info568\/wp-json\/wp\/v2\/comments?post=460"}],"wp:attachment":[{"href":"https:\/\/ktech7.k-tech-services.com\/info568\/wp-json\/wp\/v2\/media?parent=460"}],"wp:term":[{"taxonomy":"product_brand","embeddable":true,"href":"https:\/\/ktech7.k-tech-services.com\/info568\/wp-json\/wp\/v2\/product_brand?post=460"},{"taxonomy":"product_cat","embeddable":true,"href":"https:\/\/ktech7.k-tech-services.com\/info568\/wp-json\/wp\/v2\/product_cat?post=460"},{"taxonomy":"product_tag","embeddable":true,"href":"https:\/\/ktech7.k-tech-services.com\/info568\/wp-json\/wp\/v2\/product_tag?post=460"}],"curies":[{"name":"wp","href":"https:\/\/api.w.org\/{rel}","templated":true}]}}