{"id":457,"date":"2026-03-25T04:25:42","date_gmt":"2026-03-25T04:25:42","guid":{"rendered":"https:\/\/ktech7.k-tech-services.com\/info568\/product\/chuot-logitech-b100-usb\/"},"modified":"2026-03-25T04:25:42","modified_gmt":"2026-03-25T04:25:42","slug":"chuot-logitech-b100-usb","status":"publish","type":"product","link":"https:\/\/ktech7.k-tech-services.com\/info568\/product\/chuot-logitech-b100-usb\/","title":{"rendered":"Chu\u1ed9t Logitech B100 USB"},"content":{"rendered":"<p>&#8211; Ki\u00ea\u0309u k\u00ea\u0301t n\u00f4\u0301i: Co\u0301 d\u00e2y<br \/>\n&#8211; Chu\u1ea9n k\u00ea\u0301t n\u00f4\u0301i: USB<br \/>\n&#8211; Ph\u00edm ch\u1ee9c n\u0103ng: Standard<br \/>\n&#8211; M\u00e0u: \u0110en<\/p>\n","protected":false},"excerpt":{"rendered":"<p>&#8211; Ki\u00ea\u0309u k\u00ea\u0301t n\u00f4\u0301i: Co\u0301 d\u00e2y &#8211; Chu\u1ea9n k\u00ea\u0301t n\u00f4\u0301i: USB &#8211; Ph\u00edm ch\u1ee9c n\u0103ng: Standard &#8211; M\u00e0u: \u0110en<\/p>\n","protected":false},"featured_media":0,"comment_status":"open","ping_status":"closed","template":"","meta":{"_acf_changed":false},"product_brand":[],"product_cat":[15],"product_tag":[],"class_list":{"0":"post-457","1":"product","2":"type-product","3":"status-publish","5":"product_cat-laptop","7":"first","8":"outofstock","9":"shipping-taxable","10":"purchasable","11":"product-type-simple"},"acf":[],"_links":{"self":[{"href":"https:\/\/ktech7.k-tech-services.com\/info568\/wp-json\/wp\/v2\/product\/457","targetHints":{"allow":["GET"]}}],"collection":[{"href":"https:\/\/ktech7.k-tech-services.com\/info568\/wp-json\/wp\/v2\/product"}],"about":[{"href":"https:\/\/ktech7.k-tech-services.com\/info568\/wp-json\/wp\/v2\/types\/product"}],"replies":[{"embeddable":true,"href":"https:\/\/ktech7.k-tech-services.com\/info568\/wp-json\/wp\/v2\/comments?post=457"}],"wp:attachment":[{"href":"https:\/\/ktech7.k-tech-services.com\/info568\/wp-json\/wp\/v2\/media?parent=457"}],"wp:term":[{"taxonomy":"product_brand","embeddable":true,"href":"https:\/\/ktech7.k-tech-services.com\/info568\/wp-json\/wp\/v2\/product_brand?post=457"},{"taxonomy":"product_cat","embeddable":true,"href":"https:\/\/ktech7.k-tech-services.com\/info568\/wp-json\/wp\/v2\/product_cat?post=457"},{"taxonomy":"product_tag","embeddable":true,"href":"https:\/\/ktech7.k-tech-services.com\/info568\/wp-json\/wp\/v2\/product_tag?post=457"}],"curies":[{"name":"wp","href":"https:\/\/api.w.org\/{rel}","templated":true}]}}