{"id":449,"date":"2026-03-25T04:25:34","date_gmt":"2026-03-25T04:25:34","guid":{"rendered":"https:\/\/ktech7.k-tech-services.com\/info568\/?post_type=product&#038;p=449"},"modified":"2026-03-25T04:25:43","modified_gmt":"2026-03-25T04:25:43","slug":"chuot-fuhlen-l102-usb-den","status":"publish","type":"product","link":"https:\/\/ktech7.k-tech-services.com\/info568\/product\/chuot-fuhlen-l102-usb-den\/","title":{"rendered":"Chu\u1ed9t Fuhlen L102 (USB\/\u0111en)"},"content":{"rendered":"<p>Lo\u1ea1i chu\u1ed9t:C\u00f3 d\u00e2y<br \/>\nGiao ti\u1ebfp:USB<br \/>\nm\u00e0u:Black<br \/>\nV\u00f2ng \u0111\u1eddi ph\u00edm:3 tri\u1ec7u click for Games<\/p>\n","protected":false},"excerpt":{"rendered":"<p>Lo\u1ea1i chu\u1ed9t:C\u00f3 d\u00e2y Giao ti\u1ebfp:USB m\u00e0u:Black V\u00f2ng \u0111\u1eddi ph\u00edm:3 tri\u1ec7u click for Games<\/p>\n","protected":false},"featured_media":0,"comment_status":"open","ping_status":"closed","template":"","meta":{"_acf_changed":false},"product_brand":[],"product_cat":[15],"product_tag":[],"class_list":{"0":"post-449","1":"product","2":"type-product","3":"status-publish","5":"product_cat-laptop","7":"first","8":"outofstock","9":"shipping-taxable","10":"purchasable","11":"product-type-simple"},"acf":[],"_links":{"self":[{"href":"https:\/\/ktech7.k-tech-services.com\/info568\/wp-json\/wp\/v2\/product\/449","targetHints":{"allow":["GET"]}}],"collection":[{"href":"https:\/\/ktech7.k-tech-services.com\/info568\/wp-json\/wp\/v2\/product"}],"about":[{"href":"https:\/\/ktech7.k-tech-services.com\/info568\/wp-json\/wp\/v2\/types\/product"}],"replies":[{"embeddable":true,"href":"https:\/\/ktech7.k-tech-services.com\/info568\/wp-json\/wp\/v2\/comments?post=449"}],"wp:attachment":[{"href":"https:\/\/ktech7.k-tech-services.com\/info568\/wp-json\/wp\/v2\/media?parent=449"}],"wp:term":[{"taxonomy":"product_brand","embeddable":true,"href":"https:\/\/ktech7.k-tech-services.com\/info568\/wp-json\/wp\/v2\/product_brand?post=449"},{"taxonomy":"product_cat","embeddable":true,"href":"https:\/\/ktech7.k-tech-services.com\/info568\/wp-json\/wp\/v2\/product_cat?post=449"},{"taxonomy":"product_tag","embeddable":true,"href":"https:\/\/ktech7.k-tech-services.com\/info568\/wp-json\/wp\/v2\/product_tag?post=449"}],"curies":[{"name":"wp","href":"https:\/\/api.w.org\/{rel}","templated":true}]}}