{"id":448,"date":"2026-03-25T04:25:34","date_gmt":"2026-03-25T04:25:34","guid":{"rendered":"https:\/\/ktech7.k-tech-services.com\/info568\/?post_type=product&#038;p=448"},"modified":"2026-03-25T04:25:43","modified_gmt":"2026-03-25T04:25:43","slug":"chuot-khong-day-fuhlen-m25s","status":"publish","type":"product","link":"https:\/\/ktech7.k-tech-services.com\/info568\/product\/chuot-khong-day-fuhlen-m25s\/","title":{"rendered":"Chu\u1ed9t kh\u00f4ng d\u00e2y Fuhlen M25s"},"content":{"rendered":"<p>\u2611\ufe0f DPI t\u1ed1i \u0111a 800-1200-1600<br \/>\n\u2611\ufe0f S\u1eed d\u1ee5ng pin 3100mAh<br \/>\n\u2611\ufe0f C\u00f4ng t\u1eafc ON\/OFF ti\u1ec7n l\u1ee3i<br \/>\n\u2611\ufe0f K\u00edch th\u01b0\u1edbc: 110*60*36mm<br \/>\n\u2611\ufe0f T\u01b0\u01a1ng th\u00edch v\u1edbi Window\/Mac.<br \/>\n\u2611\ufe0f B\u1ea3o h\u00e0nh ch\u00ednh h\u00e3ng 2 n\u0103m.<\/p>\n","protected":false},"excerpt":{"rendered":"<p>\u2611\ufe0f DPI t\u1ed1i \u0111a 800-1200-1600 \u2611\ufe0f S\u1eed d\u1ee5ng pin 3100mAh \u2611\ufe0f C\u00f4ng t\u1eafc ON\/OFF ti\u1ec7n l\u1ee3i \u2611\ufe0f K\u00edch th\u01b0\u1edbc: 110*60*36mm \u2611\ufe0f T\u01b0\u01a1ng th\u00edch v\u1edbi Window\/Mac. \u2611\ufe0f B\u1ea3o h\u00e0nh ch\u00ednh h\u00e3ng 2 n\u0103m.<\/p>\n","protected":false},"featured_media":0,"comment_status":"open","ping_status":"closed","template":"","meta":{"_acf_changed":false},"product_brand":[],"product_cat":[15],"product_tag":[],"class_list":{"0":"post-448","1":"product","2":"type-product","3":"status-publish","5":"product_cat-laptop","7":"first","8":"outofstock","9":"shipping-taxable","10":"purchasable","11":"product-type-simple"},"acf":[],"_links":{"self":[{"href":"https:\/\/ktech7.k-tech-services.com\/info568\/wp-json\/wp\/v2\/product\/448","targetHints":{"allow":["GET"]}}],"collection":[{"href":"https:\/\/ktech7.k-tech-services.com\/info568\/wp-json\/wp\/v2\/product"}],"about":[{"href":"https:\/\/ktech7.k-tech-services.com\/info568\/wp-json\/wp\/v2\/types\/product"}],"replies":[{"embeddable":true,"href":"https:\/\/ktech7.k-tech-services.com\/info568\/wp-json\/wp\/v2\/comments?post=448"}],"wp:attachment":[{"href":"https:\/\/ktech7.k-tech-services.com\/info568\/wp-json\/wp\/v2\/media?parent=448"}],"wp:term":[{"taxonomy":"product_brand","embeddable":true,"href":"https:\/\/ktech7.k-tech-services.com\/info568\/wp-json\/wp\/v2\/product_brand?post=448"},{"taxonomy":"product_cat","embeddable":true,"href":"https:\/\/ktech7.k-tech-services.com\/info568\/wp-json\/wp\/v2\/product_cat?post=448"},{"taxonomy":"product_tag","embeddable":true,"href":"https:\/\/ktech7.k-tech-services.com\/info568\/wp-json\/wp\/v2\/product_tag?post=448"}],"curies":[{"name":"wp","href":"https:\/\/api.w.org\/{rel}","templated":true}]}}