{"id":446,"date":"2026-03-25T04:25:34","date_gmt":"2026-03-25T04:25:34","guid":{"rendered":"https:\/\/ktech7.k-tech-services.com\/info568\/?post_type=product&#038;p=446"},"modified":"2026-03-25T04:25:41","modified_gmt":"2026-03-25T04:25:41","slug":"chuot-khong-day-logitech-m650l-signature-graphite-910-006247-wireless-bluetooth","status":"publish","type":"product","link":"https:\/\/ktech7.k-tech-services.com\/info568\/product\/chuot-khong-day-logitech-m650l-signature-graphite-910-006247-wireless-bluetooth\/","title":{"rendered":"Chu\u1ed9t kh\u00f4ng d\u00e2y Logitech M650L Signature Graphite &#8211; 910-006247 (Wireless\/Bluetooth)"},"content":{"rendered":"<p>Chu\u1ed9t kh\u00f4ng d\u00e2y Logitech M650 L Signature Graphite<br \/>\nPhi\u00ean b\u1ea3n M650 L d\u00e0nh cho ng\u01b0\u1eddi c\u00f3 k\u00edch c\u1ee1 tay to<br \/>\nChu\u1ea9n k\u1ebft n\u1ed1i: Bluetooth \/ Wireless 2.4Ghz (v\u1edbi \u0111\u1ea7u thu Logi Bolt)<br \/>\nT\u00ednh n\u0103ng cu\u1ed9n Smart Wheel nhanh v\u00e0 ch\u00ednh x\u00e1c<br \/>\nThi\u1ebft k\u1ebf \u0111\u1ed1i x\u1ee9ng v\u1edbi 2 b\u00ean h\u00f4ng c\u00f3 c\u00e1c vi\u1ec1n r\u00e3nh gi\u00fap c\u1ea7m n\u1eafm chu\u1ed9t ch\u1eafc ch\u1eafn h\u01a1n<br \/>\nN\u00fat b\u1ea5m SilentTouch gi\u1ea3m thi\u1ec3u ti\u1ebfng \u1ed3n khi nh\u1ea5n chu\u1ed9t<br \/>\nC\u00e1c n\u00fat ph\u1ee5 c\u00f3 th\u1ec3 tu\u1ef3 ch\u1ec9nh qua ph\u1ea7n m\u1ec1m Logitech Options+<br \/>\nTh\u1eddi l\u01b0\u1ee3ng pin l\u00ean \u0111\u1ebfn 24 th\u00e1ng<br \/>\nT\u01b0\u01a1ng th\u00edch v\u1edbi Windows\u00ae, macOS, Linux\u00ae, iPadOS, Android\u2122\u2014v\u00e0 \u0111\u01b0\u1ee3c ch\u1ee9ng nh\u1eadn Ho\u1ea1t \u0111\u1ed9ng v\u1edbi Chromebook<\/p>\n","protected":false},"excerpt":{"rendered":"<p>Chu\u1ed9t kh\u00f4ng d\u00e2y Logitech M650 L Signature Graphite Phi\u00ean b\u1ea3n M650 L d\u00e0nh cho ng\u01b0\u1eddi c\u00f3 k\u00edch c\u1ee1 tay to Chu\u1ea9n k\u1ebft n\u1ed1i: Bluetooth \/ Wireless 2.4Ghz (v\u1edbi \u0111\u1ea7u thu Logi Bolt) T\u00ednh n\u0103ng cu\u1ed9n Smart Wheel nhanh v\u00e0 ch\u00ednh x\u00e1c Thi\u1ebft k\u1ebf \u0111\u1ed1i x\u1ee9ng v\u1edbi 2 b\u00ean h\u00f4ng c\u00f3 c\u00e1c vi\u1ec1n r\u00e3nh gi\u00fap c\u1ea7m [&#8230;]\n","protected":false},"featured_media":0,"comment_status":"open","ping_status":"closed","template":"","meta":{"_acf_changed":false},"product_brand":[],"product_cat":[15],"product_tag":[],"class_list":{"0":"post-446","1":"product","2":"type-product","3":"status-publish","5":"product_cat-laptop","7":"first","8":"outofstock","9":"shipping-taxable","10":"purchasable","11":"product-type-simple"},"acf":[],"_links":{"self":[{"href":"https:\/\/ktech7.k-tech-services.com\/info568\/wp-json\/wp\/v2\/product\/446","targetHints":{"allow":["GET"]}}],"collection":[{"href":"https:\/\/ktech7.k-tech-services.com\/info568\/wp-json\/wp\/v2\/product"}],"about":[{"href":"https:\/\/ktech7.k-tech-services.com\/info568\/wp-json\/wp\/v2\/types\/product"}],"replies":[{"embeddable":true,"href":"https:\/\/ktech7.k-tech-services.com\/info568\/wp-json\/wp\/v2\/comments?post=446"}],"wp:attachment":[{"href":"https:\/\/ktech7.k-tech-services.com\/info568\/wp-json\/wp\/v2\/media?parent=446"}],"wp:term":[{"taxonomy":"product_brand","embeddable":true,"href":"https:\/\/ktech7.k-tech-services.com\/info568\/wp-json\/wp\/v2\/product_brand?post=446"},{"taxonomy":"product_cat","embeddable":true,"href":"https:\/\/ktech7.k-tech-services.com\/info568\/wp-json\/wp\/v2\/product_cat?post=446"},{"taxonomy":"product_tag","embeddable":true,"href":"https:\/\/ktech7.k-tech-services.com\/info568\/wp-json\/wp\/v2\/product_tag?post=446"}],"curies":[{"name":"wp","href":"https:\/\/api.w.org\/{rel}","templated":true}]}}