{"id":436,"date":"2026-03-25T04:25:33","date_gmt":"2026-03-25T04:25:33","guid":{"rendered":"https:\/\/ktech7.k-tech-services.com\/info568\/?post_type=product&#038;p=436"},"modified":"2026-03-25T04:25:35","modified_gmt":"2026-03-25T04:25:35","slug":"nguon-may-tinh-gx750-pro-80plus-bronze-active-pfc-fan12cm","status":"publish","type":"product","link":"https:\/\/ktech7.k-tech-services.com\/info568\/product\/nguon-may-tinh-gx750-pro-80plus-bronze-active-pfc-fan12cm\/","title":{"rendered":"Ngu\u1ed3n m\u00e1y t\u00ednh GX750 Pro 80Plus Bronze (ACTIVE PFC-Fan12cm)"},"content":{"rendered":"<p>+ \u0110i\u1ec7n \u00e1p \u0111\u1ea7u v\u00e0o: 180-264VAC<br \/>\n+ C\u00f4ng su\u1ea5t \u0111\u1ecbnh m\u1ee9c: 750W<br \/>\n+ Ti\u00eau chu\u1ea9n: 80 PLUS BROZE<br \/>\n+ K\u00edch th\u01b0\u1edbc qu\u1ea1t: 12cm<br \/>\n+ C\u1ea5u tr\u00fac Topology: LLC+DC-DC<br \/>\n+ ph\u00e2n chia \u0111\u01b0\u1eddng +12V 50A<br \/>\n+ s\u1ed1 l\u01b0\u1ee3ng cable: \u2013 CPU: 1*(4+4+4+4)P<br \/>\n\u2013 GPU PCI-E: 1*(6+2-6+2)P<br \/>\n\u2013 HDD: 4*SATA + 2*PATA<\/p>\n","protected":false},"excerpt":{"rendered":"<p>+ \u0110i\u1ec7n \u00e1p \u0111\u1ea7u v\u00e0o: 180-264VAC + C\u00f4ng su\u1ea5t \u0111\u1ecbnh m\u1ee9c: 750W + Ti\u00eau chu\u1ea9n: 80 PLUS BROZE + K\u00edch th\u01b0\u1edbc qu\u1ea1t: 12cm + C\u1ea5u tr\u00fac Topology: LLC+DC-DC + ph\u00e2n chia \u0111\u01b0\u1eddng +12V 50A + s\u1ed1 l\u01b0\u1ee3ng cable: \u2013 CPU: 1*(4+4+4+4)P \u2013 GPU PCI-E: 1*(6+2-6+2)P \u2013 HDD: 4*SATA + 2*PATA<\/p>\n","protected":false},"featured_media":0,"comment_status":"open","ping_status":"closed","template":"","meta":{"_acf_changed":false},"product_brand":[],"product_cat":[15],"product_tag":[],"class_list":{"0":"post-436","1":"product","2":"type-product","3":"status-publish","5":"product_cat-laptop","7":"first","8":"outofstock","9":"shipping-taxable","10":"purchasable","11":"product-type-simple"},"acf":[],"_links":{"self":[{"href":"https:\/\/ktech7.k-tech-services.com\/info568\/wp-json\/wp\/v2\/product\/436","targetHints":{"allow":["GET"]}}],"collection":[{"href":"https:\/\/ktech7.k-tech-services.com\/info568\/wp-json\/wp\/v2\/product"}],"about":[{"href":"https:\/\/ktech7.k-tech-services.com\/info568\/wp-json\/wp\/v2\/types\/product"}],"replies":[{"embeddable":true,"href":"https:\/\/ktech7.k-tech-services.com\/info568\/wp-json\/wp\/v2\/comments?post=436"}],"wp:attachment":[{"href":"https:\/\/ktech7.k-tech-services.com\/info568\/wp-json\/wp\/v2\/media?parent=436"}],"wp:term":[{"taxonomy":"product_brand","embeddable":true,"href":"https:\/\/ktech7.k-tech-services.com\/info568\/wp-json\/wp\/v2\/product_brand?post=436"},{"taxonomy":"product_cat","embeddable":true,"href":"https:\/\/ktech7.k-tech-services.com\/info568\/wp-json\/wp\/v2\/product_cat?post=436"},{"taxonomy":"product_tag","embeddable":true,"href":"https:\/\/ktech7.k-tech-services.com\/info568\/wp-json\/wp\/v2\/product_tag?post=436"}],"curies":[{"name":"wp","href":"https:\/\/api.w.org\/{rel}","templated":true}]}}