{"id":430,"date":"2026-03-25T04:25:27","date_gmt":"2026-03-25T04:25:27","guid":{"rendered":"https:\/\/ktech7.k-tech-services.com\/info568\/product\/ram-corsair-ddr4-3200ghz-16gb-vengeance-lpx-cmk16gx4m1e3200c16\/"},"modified":"2026-03-25T04:25:27","modified_gmt":"2026-03-25T04:25:27","slug":"ram-corsair-ddr4-3200ghz-16gb-vengeance-lpx-cmk16gx4m1e3200c16","status":"publish","type":"product","link":"https:\/\/ktech7.k-tech-services.com\/info568\/product\/ram-corsair-ddr4-3200ghz-16gb-vengeance-lpx-cmk16gx4m1e3200c16\/","title":{"rendered":"RAM CORSAIR DDR4 3200Ghz 16GB Vengeance LPX (CMK16GX4M1E3200C16)"},"content":{"rendered":"<p>Ch\u1ee7ng lo\u1ea1i: B\u1ed9 nh\u1edb trong<br \/>\nH\u00e3ng s\u1ea3n xu\u1ea5t: Corsair<br \/>\nSeries: VENGEANCE\u00ae LPX<br \/>\nLoa\u0323i RAM: DDR4<br \/>\n\u0110\u00f3ng g\u00f3i: 16GB (1x16GB)<br \/>\nBus: 3200MHz<br \/>\n\u0110\u00f4\u0323 tr\u00ea\u0303: 16-18-18-35<br \/>\n\u0110i\u00ea\u0323n a\u0301p: 1.2V<br \/>\nTa\u0309n nhi\u00ea\u0323t: Nh\u00f4m truy\u1ec1n th\u1ed1ng<\/p>\n","protected":false},"excerpt":{"rendered":"<p>Ch\u1ee7ng lo\u1ea1i: B\u1ed9 nh\u1edb trong H\u00e3ng s\u1ea3n xu\u1ea5t: Corsair Series: VENGEANCE\u00ae LPX Loa\u0323i RAM: DDR4 \u0110\u00f3ng g\u00f3i: 16GB (1x16GB) Bus: 3200MHz \u0110\u00f4\u0323 tr\u00ea\u0303: 16-18-18-35 \u0110i\u00ea\u0323n a\u0301p: 1.2V Ta\u0309n nhi\u00ea\u0323t: Nh\u00f4m truy\u1ec1n th\u1ed1ng<\/p>\n","protected":false},"featured_media":0,"comment_status":"open","ping_status":"closed","template":"","meta":{"_acf_changed":false},"product_brand":[],"product_cat":[15],"product_tag":[],"class_list":{"0":"post-430","1":"product","2":"type-product","3":"status-publish","5":"product_cat-laptop","7":"first","8":"outofstock","9":"shipping-taxable","10":"purchasable","11":"product-type-simple"},"acf":[],"_links":{"self":[{"href":"https:\/\/ktech7.k-tech-services.com\/info568\/wp-json\/wp\/v2\/product\/430","targetHints":{"allow":["GET"]}}],"collection":[{"href":"https:\/\/ktech7.k-tech-services.com\/info568\/wp-json\/wp\/v2\/product"}],"about":[{"href":"https:\/\/ktech7.k-tech-services.com\/info568\/wp-json\/wp\/v2\/types\/product"}],"replies":[{"embeddable":true,"href":"https:\/\/ktech7.k-tech-services.com\/info568\/wp-json\/wp\/v2\/comments?post=430"}],"wp:attachment":[{"href":"https:\/\/ktech7.k-tech-services.com\/info568\/wp-json\/wp\/v2\/media?parent=430"}],"wp:term":[{"taxonomy":"product_brand","embeddable":true,"href":"https:\/\/ktech7.k-tech-services.com\/info568\/wp-json\/wp\/v2\/product_brand?post=430"},{"taxonomy":"product_cat","embeddable":true,"href":"https:\/\/ktech7.k-tech-services.com\/info568\/wp-json\/wp\/v2\/product_cat?post=430"},{"taxonomy":"product_tag","embeddable":true,"href":"https:\/\/ktech7.k-tech-services.com\/info568\/wp-json\/wp\/v2\/product_tag?post=430"}],"curies":[{"name":"wp","href":"https:\/\/api.w.org\/{rel}","templated":true}]}}