{"id":429,"date":"2026-03-25T04:25:27","date_gmt":"2026-03-25T04:25:27","guid":{"rendered":"https:\/\/ktech7.k-tech-services.com\/info568\/product\/ram-corsair-vengeance-lpx-8gb-1x8gb-ddr4-3200mhz-cmk8gx4m1e3200c16\/"},"modified":"2026-03-25T04:25:27","modified_gmt":"2026-03-25T04:25:27","slug":"ram-corsair-vengeance-lpx-8gb-1x8gb-ddr4-3200mhz-cmk8gx4m1e3200c16","status":"publish","type":"product","link":"https:\/\/ktech7.k-tech-services.com\/info568\/product\/ram-corsair-vengeance-lpx-8gb-1x8gb-ddr4-3200mhz-cmk8gx4m1e3200c16\/","title":{"rendered":"RAM CORSAIR VENGEANCE\u00ae LPX 8GB (1x8GB) DDR4 3200Mhz (CMK8GX4M1E3200C16)"},"content":{"rendered":"<p>Dung l\u01b0\u1ee3ng c\u1ea5u h\u00ecnh: 1x8GB<br \/>\nChu\u1ea9n k\u1ebft n\u1ed1i: DDR4<br \/>\nT\u01b0\u01a1ng th\u00edch : Intel v\u00e0 AMD Chipset<br \/>\nBus XMP: 3200 Mhz<br \/>\n\u0110\u1ed9 tr\u1ec5 XMP: CL16-20-20-38<br \/>\n\u0110i\u1ec7n \u00e1p XMP: 1.25V<br \/>\nT\u1ef1 s\u1eeda l\u1ed7i ECC: Kh\u00f4ng<br \/>\nT\u1ea3n nhi\u1ec7t: C\u00f3<br \/>\nLED : Kh\u00f4ng<\/p>\n","protected":false},"excerpt":{"rendered":"<p>Dung l\u01b0\u1ee3ng c\u1ea5u h\u00ecnh: 1x8GB Chu\u1ea9n k\u1ebft n\u1ed1i: DDR4 T\u01b0\u01a1ng th\u00edch : Intel v\u00e0 AMD Chipset Bus XMP: 3200 Mhz \u0110\u1ed9 tr\u1ec5 XMP: CL16-20-20-38 \u0110i\u1ec7n \u00e1p XMP: 1.25V T\u1ef1 s\u1eeda l\u1ed7i ECC: Kh\u00f4ng T\u1ea3n nhi\u1ec7t: C\u00f3 LED : Kh\u00f4ng<\/p>\n","protected":false},"featured_media":0,"comment_status":"open","ping_status":"closed","template":"","meta":{"_acf_changed":false},"product_brand":[],"product_cat":[15],"product_tag":[],"class_list":{"0":"post-429","1":"product","2":"type-product","3":"status-publish","5":"product_cat-laptop","7":"first","8":"outofstock","9":"shipping-taxable","10":"purchasable","11":"product-type-simple"},"acf":[],"_links":{"self":[{"href":"https:\/\/ktech7.k-tech-services.com\/info568\/wp-json\/wp\/v2\/product\/429","targetHints":{"allow":["GET"]}}],"collection":[{"href":"https:\/\/ktech7.k-tech-services.com\/info568\/wp-json\/wp\/v2\/product"}],"about":[{"href":"https:\/\/ktech7.k-tech-services.com\/info568\/wp-json\/wp\/v2\/types\/product"}],"replies":[{"embeddable":true,"href":"https:\/\/ktech7.k-tech-services.com\/info568\/wp-json\/wp\/v2\/comments?post=429"}],"wp:attachment":[{"href":"https:\/\/ktech7.k-tech-services.com\/info568\/wp-json\/wp\/v2\/media?parent=429"}],"wp:term":[{"taxonomy":"product_brand","embeddable":true,"href":"https:\/\/ktech7.k-tech-services.com\/info568\/wp-json\/wp\/v2\/product_brand?post=429"},{"taxonomy":"product_cat","embeddable":true,"href":"https:\/\/ktech7.k-tech-services.com\/info568\/wp-json\/wp\/v2\/product_cat?post=429"},{"taxonomy":"product_tag","embeddable":true,"href":"https:\/\/ktech7.k-tech-services.com\/info568\/wp-json\/wp\/v2\/product_tag?post=429"}],"curies":[{"name":"wp","href":"https:\/\/api.w.org\/{rel}","templated":true}]}}