{"id":427,"date":"2026-03-25T04:25:26","date_gmt":"2026-03-25T04:25:26","guid":{"rendered":"https:\/\/ktech7.k-tech-services.com\/info568\/product\/ram-desktop-kingmax-hlh2hk1-16gb-ddr5-4800-mhz-non-ecc\/"},"modified":"2026-03-25T04:25:26","modified_gmt":"2026-03-25T04:25:26","slug":"ram-desktop-kingmax-hlh2hk1-16gb-ddr5-4800-mhz-non-ecc","status":"publish","type":"product","link":"https:\/\/ktech7.k-tech-services.com\/info568\/product\/ram-desktop-kingmax-hlh2hk1-16gb-ddr5-4800-mhz-non-ecc\/","title":{"rendered":"Ram desktop Kingmax HLH2HK1 16GB (DDR5\/ 4800 Mhz\/ Non-ECC)"},"content":{"rendered":"<p>Lo\u1ea1i RAM: DDR5<br \/>\nDung l\u01b0\u1ee3ng RAM: 16GB<br \/>\nBus ram: 4800 Mhz<br \/>\n\u0110\u00e8n led: Kh\u00f4ng LED<br \/>\nT\u1ea3n nhi\u1ec7t: Kh\u00f4ng<\/p>\n","protected":false},"excerpt":{"rendered":"<p>Lo\u1ea1i RAM: DDR5 Dung l\u01b0\u1ee3ng RAM: 16GB Bus ram: 4800 Mhz \u0110\u00e8n led: Kh\u00f4ng LED T\u1ea3n nhi\u1ec7t: Kh\u00f4ng<\/p>\n","protected":false},"featured_media":0,"comment_status":"open","ping_status":"closed","template":"","meta":{"_acf_changed":false},"product_brand":[],"product_cat":[15],"product_tag":[],"class_list":{"0":"post-427","1":"product","2":"type-product","3":"status-publish","5":"product_cat-laptop","7":"first","8":"outofstock","9":"shipping-taxable","10":"purchasable","11":"product-type-simple"},"acf":[],"_links":{"self":[{"href":"https:\/\/ktech7.k-tech-services.com\/info568\/wp-json\/wp\/v2\/product\/427","targetHints":{"allow":["GET"]}}],"collection":[{"href":"https:\/\/ktech7.k-tech-services.com\/info568\/wp-json\/wp\/v2\/product"}],"about":[{"href":"https:\/\/ktech7.k-tech-services.com\/info568\/wp-json\/wp\/v2\/types\/product"}],"replies":[{"embeddable":true,"href":"https:\/\/ktech7.k-tech-services.com\/info568\/wp-json\/wp\/v2\/comments?post=427"}],"wp:attachment":[{"href":"https:\/\/ktech7.k-tech-services.com\/info568\/wp-json\/wp\/v2\/media?parent=427"}],"wp:term":[{"taxonomy":"product_brand","embeddable":true,"href":"https:\/\/ktech7.k-tech-services.com\/info568\/wp-json\/wp\/v2\/product_brand?post=427"},{"taxonomy":"product_cat","embeddable":true,"href":"https:\/\/ktech7.k-tech-services.com\/info568\/wp-json\/wp\/v2\/product_cat?post=427"},{"taxonomy":"product_tag","embeddable":true,"href":"https:\/\/ktech7.k-tech-services.com\/info568\/wp-json\/wp\/v2\/product_tag?post=427"}],"curies":[{"name":"wp","href":"https:\/\/api.w.org\/{rel}","templated":true}]}}