{"id":417,"date":"2026-03-25T04:25:21","date_gmt":"2026-03-25T04:25:21","guid":{"rendered":"https:\/\/ktech7.k-tech-services.com\/info568\/?post_type=product&#038;p=417"},"modified":"2026-03-25T04:25:30","modified_gmt":"2026-03-25T04:25:30","slug":"nguon-may-tinh-xigmatek-thor-t650-en49561-650w-80-plus-bronze","status":"publish","type":"product","link":"https:\/\/ktech7.k-tech-services.com\/info568\/product\/nguon-may-tinh-xigmatek-thor-t650-en49561-650w-80-plus-bronze\/","title":{"rendered":"Ngu\u1ed3n M\u00e1y T\u00ednh Xigmatek THOR T650 EN49561 (650w, 80 Plus Bronze)"},"content":{"rendered":"<p>C\u00f4ng su\u1ea5t : 650W Qu\u1ea1t h\u1ec7 th\u1ed1ng : Ultra Silent 12cm Fan * 1 100% C\u00c1P D\u1eb8T \u0110EN Hi\u1ec7u su\u1ea5t: 80Plus Bronze Tu\u1ed5i th\u1ecd 100,000 gi\u1edd K\u00edch th\u01b0\u1edbc 150 x 85 x 140(mm) Output: +12V 54A (648W) C\u1ed4NG K\u1ebeT N\u1ed0I: 20+4pin * 1 \/ CPU 4+4pin * 2 \/ PCI-E 6+2pin * 4 \/ SATA * 5 \/ Molex 4pin * 3 <\/p>\n","protected":false},"excerpt":{"rendered":"<p>C\u00f4ng su\u1ea5t : 650W Qu\u1ea1t h\u1ec7 th\u1ed1ng : Ultra Silent 12cm Fan * 1 100% C\u00c1P D\u1eb8T \u0110EN Hi\u1ec7u su\u1ea5t: 80Plus Bronze Tu\u1ed5i th\u1ecd 100,000 gi\u1edd K\u00edch th\u01b0\u1edbc 150 x 85 x 140(mm) Output: +12V 54A (648W) C\u1ed4NG K\u1ebeT N\u1ed0I: 20+4pin * 1 \/ CPU 4+4pin * 2 \/ PCI-E 6+2pin * 4 \/ SATA [&#8230;]\n","protected":false},"featured_media":0,"comment_status":"open","ping_status":"closed","template":"","meta":{"_acf_changed":false},"product_brand":[],"product_cat":[15],"product_tag":[],"class_list":{"0":"post-417","1":"product","2":"type-product","3":"status-publish","5":"product_cat-laptop","7":"first","8":"outofstock","9":"shipping-taxable","10":"purchasable","11":"product-type-simple"},"acf":[],"_links":{"self":[{"href":"https:\/\/ktech7.k-tech-services.com\/info568\/wp-json\/wp\/v2\/product\/417","targetHints":{"allow":["GET"]}}],"collection":[{"href":"https:\/\/ktech7.k-tech-services.com\/info568\/wp-json\/wp\/v2\/product"}],"about":[{"href":"https:\/\/ktech7.k-tech-services.com\/info568\/wp-json\/wp\/v2\/types\/product"}],"replies":[{"embeddable":true,"href":"https:\/\/ktech7.k-tech-services.com\/info568\/wp-json\/wp\/v2\/comments?post=417"}],"wp:attachment":[{"href":"https:\/\/ktech7.k-tech-services.com\/info568\/wp-json\/wp\/v2\/media?parent=417"}],"wp:term":[{"taxonomy":"product_brand","embeddable":true,"href":"https:\/\/ktech7.k-tech-services.com\/info568\/wp-json\/wp\/v2\/product_brand?post=417"},{"taxonomy":"product_cat","embeddable":true,"href":"https:\/\/ktech7.k-tech-services.com\/info568\/wp-json\/wp\/v2\/product_cat?post=417"},{"taxonomy":"product_tag","embeddable":true,"href":"https:\/\/ktech7.k-tech-services.com\/info568\/wp-json\/wp\/v2\/product_tag?post=417"}],"curies":[{"name":"wp","href":"https:\/\/api.w.org\/{rel}","templated":true}]}}