{"id":415,"date":"2026-03-25T04:25:21","date_gmt":"2026-03-25T04:25:21","guid":{"rendered":"https:\/\/ktech7.k-tech-services.com\/info568\/?post_type=product&#038;p=415"},"modified":"2026-03-25T04:25:28","modified_gmt":"2026-03-25T04:25:28","slug":"ram-corsair-vengeance-rgb-rs-16gb-2x8gb-ddr4-3600mhz-cmg16gx4m2d3600c18","status":"publish","type":"product","link":"https:\/\/ktech7.k-tech-services.com\/info568\/product\/ram-corsair-vengeance-rgb-rs-16gb-2x8gb-ddr4-3600mhz-cmg16gx4m2d3600c18\/","title":{"rendered":"RAM CORSAIR VENGEANCE\u00ae RGB RS 16GB (2x8GB) DDR4 3600Mhz (CMG16GX4M2D3600C18)"},"content":{"rendered":"<p>Dung l\u01b0\u1ee3ng c\u1ea5u h\u00ecnh: 2x8GB<br \/>\nChu\u1ea9n k\u1ebft n\u1ed1i: DDR4<br \/>\nT\u01b0\u01a1ng th\u00edch : Intel v\u00e0 AMD Chipset<br \/>\nBus XMP: 3600 Mhz<br \/>\n\u0110\u1ed9 tr\u1ec5 XMP: CL18-22-22-42<br \/>\n\u0110i\u1ec7n \u00e1p XMP: 1.35V<br \/>\nT\u1ef1 s\u1eeda l\u1ed7i ECC: Kh\u00f4ng<br \/>\nT\u1ea3n nhi\u1ec7t: C\u00f3<br \/>\nLED : C\u00f3<\/p>\n","protected":false},"excerpt":{"rendered":"<p>Dung l\u01b0\u1ee3ng c\u1ea5u h\u00ecnh: 2x8GB Chu\u1ea9n k\u1ebft n\u1ed1i: DDR4 T\u01b0\u01a1ng th\u00edch : Intel v\u00e0 AMD Chipset Bus XMP: 3600 Mhz \u0110\u1ed9 tr\u1ec5 XMP: CL18-22-22-42 \u0110i\u1ec7n \u00e1p XMP: 1.35V T\u1ef1 s\u1eeda l\u1ed7i ECC: Kh\u00f4ng T\u1ea3n nhi\u1ec7t: C\u00f3 LED : C\u00f3<\/p>\n","protected":false},"featured_media":0,"comment_status":"open","ping_status":"closed","template":"","meta":{"_acf_changed":false},"product_brand":[],"product_cat":[15],"product_tag":[],"class_list":{"0":"post-415","1":"product","2":"type-product","3":"status-publish","5":"product_cat-laptop","7":"first","8":"outofstock","9":"shipping-taxable","10":"purchasable","11":"product-type-simple"},"acf":[],"_links":{"self":[{"href":"https:\/\/ktech7.k-tech-services.com\/info568\/wp-json\/wp\/v2\/product\/415","targetHints":{"allow":["GET"]}}],"collection":[{"href":"https:\/\/ktech7.k-tech-services.com\/info568\/wp-json\/wp\/v2\/product"}],"about":[{"href":"https:\/\/ktech7.k-tech-services.com\/info568\/wp-json\/wp\/v2\/types\/product"}],"replies":[{"embeddable":true,"href":"https:\/\/ktech7.k-tech-services.com\/info568\/wp-json\/wp\/v2\/comments?post=415"}],"wp:attachment":[{"href":"https:\/\/ktech7.k-tech-services.com\/info568\/wp-json\/wp\/v2\/media?parent=415"}],"wp:term":[{"taxonomy":"product_brand","embeddable":true,"href":"https:\/\/ktech7.k-tech-services.com\/info568\/wp-json\/wp\/v2\/product_brand?post=415"},{"taxonomy":"product_cat","embeddable":true,"href":"https:\/\/ktech7.k-tech-services.com\/info568\/wp-json\/wp\/v2\/product_cat?post=415"},{"taxonomy":"product_tag","embeddable":true,"href":"https:\/\/ktech7.k-tech-services.com\/info568\/wp-json\/wp\/v2\/product_tag?post=415"}],"curies":[{"name":"wp","href":"https:\/\/api.w.org\/{rel}","templated":true}]}}