{"id":386,"date":"2026-03-25T04:25:06","date_gmt":"2026-03-25T04:25:06","guid":{"rendered":"https:\/\/ktech7.k-tech-services.com\/info568\/?post_type=product&#038;p=386"},"modified":"2026-03-25T04:25:13","modified_gmt":"2026-03-25T04:25:13","slug":"ram-desktop-lexar-8gb-3200mhz-ddr4-ld4bu008g-r3200gsxg","status":"publish","type":"product","link":"https:\/\/ktech7.k-tech-services.com\/info568\/product\/ram-desktop-lexar-8gb-3200mhz-ddr4-ld4bu008g-r3200gsxg\/","title":{"rendered":"Ram desktop Lexar 8GB 3200MHz DDR4 (LD4BU008G-R3200GSXG)"},"content":{"rendered":"<p>Lo\u1ea1i RAM: DDR4<br \/>\nDung l\u01b0\u1ee3ng RAM: 8GB<br \/>\nBus ram: 3200 Mhz<br \/>\n\u0110\u00e8n led: Kh\u00f4ng LED<\/p>\n","protected":false},"excerpt":{"rendered":"<p>Lo\u1ea1i RAM: DDR4 Dung l\u01b0\u1ee3ng RAM: 8GB Bus ram: 3200 Mhz \u0110\u00e8n led: Kh\u00f4ng LED<\/p>\n","protected":false},"featured_media":0,"comment_status":"open","ping_status":"closed","template":"","meta":{"_acf_changed":false},"product_brand":[],"product_cat":[15],"product_tag":[],"class_list":{"0":"post-386","1":"product","2":"type-product","3":"status-publish","5":"product_cat-laptop","7":"first","8":"outofstock","9":"shipping-taxable","10":"purchasable","11":"product-type-simple"},"acf":[],"_links":{"self":[{"href":"https:\/\/ktech7.k-tech-services.com\/info568\/wp-json\/wp\/v2\/product\/386","targetHints":{"allow":["GET"]}}],"collection":[{"href":"https:\/\/ktech7.k-tech-services.com\/info568\/wp-json\/wp\/v2\/product"}],"about":[{"href":"https:\/\/ktech7.k-tech-services.com\/info568\/wp-json\/wp\/v2\/types\/product"}],"replies":[{"embeddable":true,"href":"https:\/\/ktech7.k-tech-services.com\/info568\/wp-json\/wp\/v2\/comments?post=386"}],"wp:attachment":[{"href":"https:\/\/ktech7.k-tech-services.com\/info568\/wp-json\/wp\/v2\/media?parent=386"}],"wp:term":[{"taxonomy":"product_brand","embeddable":true,"href":"https:\/\/ktech7.k-tech-services.com\/info568\/wp-json\/wp\/v2\/product_brand?post=386"},{"taxonomy":"product_cat","embeddable":true,"href":"https:\/\/ktech7.k-tech-services.com\/info568\/wp-json\/wp\/v2\/product_cat?post=386"},{"taxonomy":"product_tag","embeddable":true,"href":"https:\/\/ktech7.k-tech-services.com\/info568\/wp-json\/wp\/v2\/product_tag?post=386"}],"curies":[{"name":"wp","href":"https:\/\/api.w.org\/{rel}","templated":true}]}}