{"id":375,"date":"2026-03-25T04:24:59","date_gmt":"2026-03-25T04:24:59","guid":{"rendered":"https:\/\/ktech7.k-tech-services.com\/info568\/product\/o-cung-ssd-kingston-snv3s-1tb-nvme-m-2-2280-pcie-gen-4x4-doc-6000mb-s-ghi-4000mb-s-snv3s-1000g\/"},"modified":"2026-03-25T04:24:59","modified_gmt":"2026-03-25T04:24:59","slug":"o-cung-ssd-kingston-snv3s-1tb-nvme-m-2-2280-pcie-gen-4x4-doc-6000mb-s-ghi-4000mb-s-snv3s-1000g","status":"publish","type":"product","link":"https:\/\/ktech7.k-tech-services.com\/info568\/product\/o-cung-ssd-kingston-snv3s-1tb-nvme-m-2-2280-pcie-gen-4x4-doc-6000mb-s-ghi-4000mb-s-snv3s-1000g\/","title":{"rendered":"\u1ed4 c\u1ee9ng SSD Kingston SNV3S 1TB NVMe M.2 2280 PCIe Gen 4&#215;4 (\u0110\u1ecdc 6000MB\/s &#8211; Ghi 4000MB\/s) &#8211; (SNV3S\/1000G)"},"content":{"rendered":"<p>\u1ed4 c\u1ee9ng SSD NVMe PCIe Gen 4&#215;4<br \/>\nDung l\u01b0\u1ee3ng 1TB<br \/>\nBao g\u1ed3m ph\u1ea7n m\u1ec1m sao ch\u00e9p Acronis<br \/>\nT\u00f3c \u0111\u1ed9 \u0110\u1ecdc \u0111\u1ebfn 6.000 MB\/gi\u00e2y, Ghi \u0111\u1ebfn 5.000 MB\/gi\u00e2y<\/p>\n","protected":false},"excerpt":{"rendered":"<p>\u1ed4 c\u1ee9ng SSD NVMe PCIe Gen 4&#215;4 Dung l\u01b0\u1ee3ng 1TB Bao g\u1ed3m ph\u1ea7n m\u1ec1m sao ch\u00e9p Acronis T\u00f3c \u0111\u1ed9 \u0110\u1ecdc \u0111\u1ebfn 6.000 MB\/gi\u00e2y, Ghi \u0111\u1ebfn 5.000 MB\/gi\u00e2y<\/p>\n","protected":false},"featured_media":0,"comment_status":"open","ping_status":"closed","template":"","meta":{"_acf_changed":false},"product_brand":[],"product_cat":[15],"product_tag":[],"class_list":{"0":"post-375","1":"product","2":"type-product","3":"status-publish","5":"product_cat-laptop","7":"first","8":"outofstock","9":"shipping-taxable","10":"purchasable","11":"product-type-simple"},"acf":[],"_links":{"self":[{"href":"https:\/\/ktech7.k-tech-services.com\/info568\/wp-json\/wp\/v2\/product\/375","targetHints":{"allow":["GET"]}}],"collection":[{"href":"https:\/\/ktech7.k-tech-services.com\/info568\/wp-json\/wp\/v2\/product"}],"about":[{"href":"https:\/\/ktech7.k-tech-services.com\/info568\/wp-json\/wp\/v2\/types\/product"}],"replies":[{"embeddable":true,"href":"https:\/\/ktech7.k-tech-services.com\/info568\/wp-json\/wp\/v2\/comments?post=375"}],"wp:attachment":[{"href":"https:\/\/ktech7.k-tech-services.com\/info568\/wp-json\/wp\/v2\/media?parent=375"}],"wp:term":[{"taxonomy":"product_brand","embeddable":true,"href":"https:\/\/ktech7.k-tech-services.com\/info568\/wp-json\/wp\/v2\/product_brand?post=375"},{"taxonomy":"product_cat","embeddable":true,"href":"https:\/\/ktech7.k-tech-services.com\/info568\/wp-json\/wp\/v2\/product_cat?post=375"},{"taxonomy":"product_tag","embeddable":true,"href":"https:\/\/ktech7.k-tech-services.com\/info568\/wp-json\/wp\/v2\/product_tag?post=375"}],"curies":[{"name":"wp","href":"https:\/\/api.w.org\/{rel}","templated":true}]}}