{"id":369,"date":"2026-03-25T04:24:55","date_gmt":"2026-03-25T04:24:55","guid":{"rendered":"https:\/\/ktech7.k-tech-services.com\/info568\/product\/o-cung-ssd-kingston-skc600-1024gb-sata-3-0-skc600-1024g\/"},"modified":"2026-03-25T04:24:55","modified_gmt":"2026-03-25T04:24:55","slug":"o-cung-ssd-kingston-skc600-1024gb-sata-3-0-skc600-1024g","status":"publish","type":"product","link":"https:\/\/ktech7.k-tech-services.com\/info568\/product\/o-cung-ssd-kingston-skc600-1024gb-sata-3-0-skc600-1024g\/","title":{"rendered":"\u1ed4 c\u1ee9ng SSD Kingston SKC600 1024GB SATA 3.0 (SKC600\/1024G)"},"content":{"rendered":"<p>&#8211; K\u00edch th\u01b0\u1edbc: 2.5&#8243;<br \/>\n&#8211; Giao di\u1ec7n: SATA 3.0 (6Gb\/gi\u00e2y)<br \/>\n&#8211; Dung l\u01b0\u1ee3ng: 1024GB<br \/>\n&#8211; T\u1ed1c \u0111\u1ed9 \u0111\u1ecdc\/ghi: 550\/520MB\/s<br \/>\n&#8211; T\u1ed1c \u0111\u1ed9 \u0111\u1ecdc\/ghi 4K (T\u1ed1i \u0111a): l\u00ean \u0111\u1ebfn 90.000\/80.000 IOPS<br \/>\n&#8211; Ki\u1ec3u Flash: 3D TLC<\/p>\n","protected":false},"excerpt":{"rendered":"<p>&#8211; K\u00edch th\u01b0\u1edbc: 2.5&#8243; &#8211; Giao di\u1ec7n: SATA 3.0 (6Gb\/gi\u00e2y) &#8211; Dung l\u01b0\u1ee3ng: 1024GB &#8211; T\u1ed1c \u0111\u1ed9 \u0111\u1ecdc\/ghi: 550\/520MB\/s &#8211; T\u1ed1c \u0111\u1ed9 \u0111\u1ecdc\/ghi 4K (T\u1ed1i \u0111a): l\u00ean \u0111\u1ebfn 90.000\/80.000 IOPS &#8211; Ki\u1ec3u Flash: 3D TLC<\/p>\n","protected":false},"featured_media":0,"comment_status":"open","ping_status":"closed","template":"","meta":{"_acf_changed":false},"product_brand":[],"product_cat":[15],"product_tag":[],"class_list":{"0":"post-369","1":"product","2":"type-product","3":"status-publish","5":"product_cat-laptop","7":"first","8":"outofstock","9":"shipping-taxable","10":"purchasable","11":"product-type-simple"},"acf":[],"_links":{"self":[{"href":"https:\/\/ktech7.k-tech-services.com\/info568\/wp-json\/wp\/v2\/product\/369","targetHints":{"allow":["GET"]}}],"collection":[{"href":"https:\/\/ktech7.k-tech-services.com\/info568\/wp-json\/wp\/v2\/product"}],"about":[{"href":"https:\/\/ktech7.k-tech-services.com\/info568\/wp-json\/wp\/v2\/types\/product"}],"replies":[{"embeddable":true,"href":"https:\/\/ktech7.k-tech-services.com\/info568\/wp-json\/wp\/v2\/comments?post=369"}],"wp:attachment":[{"href":"https:\/\/ktech7.k-tech-services.com\/info568\/wp-json\/wp\/v2\/media?parent=369"}],"wp:term":[{"taxonomy":"product_brand","embeddable":true,"href":"https:\/\/ktech7.k-tech-services.com\/info568\/wp-json\/wp\/v2\/product_brand?post=369"},{"taxonomy":"product_cat","embeddable":true,"href":"https:\/\/ktech7.k-tech-services.com\/info568\/wp-json\/wp\/v2\/product_cat?post=369"},{"taxonomy":"product_tag","embeddable":true,"href":"https:\/\/ktech7.k-tech-services.com\/info568\/wp-json\/wp\/v2\/product_tag?post=369"}],"curies":[{"name":"wp","href":"https:\/\/api.w.org\/{rel}","templated":true}]}}