{"id":345,"date":"2026-03-25T04:24:42","date_gmt":"2026-03-25T04:24:42","guid":{"rendered":"https:\/\/ktech7.k-tech-services.com\/info568\/product\/switch-tp-link-24p-tl-sg1024d-gigabite-100-1000\/"},"modified":"2026-03-25T04:24:42","modified_gmt":"2026-03-25T04:24:42","slug":"switch-tp-link-24p-tl-sg1024d-gigabite-100-1000","status":"publish","type":"product","link":"https:\/\/ktech7.k-tech-services.com\/info568\/product\/switch-tp-link-24p-tl-sg1024d-gigabite-100-1000\/","title":{"rendered":"Switch TP-Link 24P TL-SG1024D Gigabite 100\/1000"},"content":{"rendered":"<p>24 c\u1ed5ng 10\/100\/1000Mbps<br \/>\nC\u00f3 tai \u0111\u1ec3 g\u1eafn t\u1ee7 Rack 19 inch<br \/>\nC\u00f4ng ngh\u1ec7 n\u0103ng l\u01b0\u1ee3ng hi\u1ec7u qu\u1ea3 s\u00e1ng t\u1ea1o ti\u1ebft ki\u1ec7m n\u0103ng l\u01b0\u1ee3ng l\u00ean \u0111\u1ebfn 40%<br \/>\nH\u1ed7 tr\u1ee3 t\u1ef1 h\u1ecdc \u0111\u1ecba ch\u1ec9 MAC, t\u1ef1 \u0111\u1ed9ng MDI\/MDIX v\u00e0 \u0111\u00e0m ph\u00e1n t\u1ef1 \u0111\u1ed9ng<br \/>\nThi\u1ebft k\u1ebf c\u1eafm v\u00e0o v\u00e0 s\u1eed d\u1ee5ng<br \/>\nC\u00f4ng ngh\u1ec7 n\u0103ng l\u01b0\u1ee3ng hi\u1ec7u qu\u1ea3 s\u00e1ng t\u1ea1o ti\u1ebft ki\u1ec7m \u0111i\u1ec7n n\u0103ng l\u00ean t\u1edbi 40%<br \/>\nH\u1ed7 tr\u1ee3 IEEE 802.3x h\u1ed7 tr\u1ee3 \u0111i\u1ec1u khi\u1ec3n lu\u1ed3ng cho ch\u1ebf \u0111\u1ed9 song c\u00f4ng v\u00e0 backpressure cho ch\u1ebf \u0111\u1ed9 b\u00e1n song c\u00f4ng<br \/>\nNon-blocking chuy\u1ec3n sang ki\u1ebfn tr\u00fac chuy\u1ec3n ti\u1ebfp v\u00e0 l\u1ecdc g\u00f3i tin \u0111\u1ec3 \u0111\u1ea1t \u0111\u01b0\u1ee3c t\u1ed1t \u0111\u1ed9 cao nh\u1ea5t<br \/>\n48Gbps Switching<br \/>\nFrame Jumbo 10K c\u1ea3i thi\u1ec7n hi\u1ec7u su\u1ea5t chuy\u1ec3n d\u1eef li\u1ec7u l\u1edbn.<br \/>\nMDI\/MDIX lo\u1ea1i b\u1ecf s\u1ef1 c\u1ea7n thi\u1ebft c\u1ee7a c\u00e1p ch\u00e9o<br \/>\nH\u1ed7 tr\u1ee3 ch\u1ee9c n\u0103ng t\u1ef1 \u0111\u1ed9ng h\u1ecdc \u0111\u1ecba ch\u1ec9 MAC v\u00e0 x\u00f3a \u0111i khi kh\u00f4ng c\u00f2n s\u1eed d\u1ee5ng<br \/>\nCh\u01b0\u01a1ng tr\u00ecnh chuy\u1ec3n m\u1ea1ch l\u01b0u tr\u1eef v\u00e0 chuy\u1ec3n ti\u1ebfp<br \/>\nT\u1ef1 \u0111\u1ed9ng \u0111\u00e0m ph\u00e1n c\u1ed5ng t\u00edch h\u1ee3p th\u00f4ng minh ph\u1ea7n c\u1ee9ng gi\u1eefa 10Mbps, 100Mbps v\u00e0 1000Mbps<br \/>\nThi\u1ebft k\u1ebf d\u00e0nh cho m\u00e1y t\u00ednh \u0111\u1ec3 b\u00e0n v\u00e0 \u0111\u1eb7t tr\u00ean t\u1ee7 Rack<br \/>\nThi\u1ebft k\u1ebf \u0111\u01a1n gi\u1ea3n, ch\u1ec9 c\u1ea7n c\u1eafm v\u00e0o v\u00e0 s\u1eed d\u1ee5ng<\/p>\n","protected":false},"excerpt":{"rendered":"<p>24 c\u1ed5ng 10\/100\/1000Mbps C\u00f3 tai \u0111\u1ec3 g\u1eafn t\u1ee7 Rack 19 inch C\u00f4ng ngh\u1ec7 n\u0103ng l\u01b0\u1ee3ng hi\u1ec7u qu\u1ea3 s\u00e1ng t\u1ea1o ti\u1ebft ki\u1ec7m n\u0103ng l\u01b0\u1ee3ng l\u00ean \u0111\u1ebfn 40% H\u1ed7 tr\u1ee3 t\u1ef1 h\u1ecdc \u0111\u1ecba ch\u1ec9 MAC, t\u1ef1 \u0111\u1ed9ng MDI\/MDIX v\u00e0 \u0111\u00e0m ph\u00e1n t\u1ef1 \u0111\u1ed9ng Thi\u1ebft k\u1ebf c\u1eafm v\u00e0o v\u00e0 s\u1eed d\u1ee5ng C\u00f4ng ngh\u1ec7 n\u0103ng l\u01b0\u1ee3ng hi\u1ec7u qu\u1ea3 s\u00e1ng [&#8230;]\n","protected":false},"featured_media":0,"comment_status":"open","ping_status":"closed","template":"","meta":{"_acf_changed":false},"product_brand":[],"product_cat":[15],"product_tag":[],"class_list":{"0":"post-345","1":"product","2":"type-product","3":"status-publish","5":"product_cat-laptop","7":"first","8":"outofstock","9":"shipping-taxable","10":"purchasable","11":"product-type-simple"},"acf":[],"_links":{"self":[{"href":"https:\/\/ktech7.k-tech-services.com\/info568\/wp-json\/wp\/v2\/product\/345","targetHints":{"allow":["GET"]}}],"collection":[{"href":"https:\/\/ktech7.k-tech-services.com\/info568\/wp-json\/wp\/v2\/product"}],"about":[{"href":"https:\/\/ktech7.k-tech-services.com\/info568\/wp-json\/wp\/v2\/types\/product"}],"replies":[{"embeddable":true,"href":"https:\/\/ktech7.k-tech-services.com\/info568\/wp-json\/wp\/v2\/comments?post=345"}],"wp:attachment":[{"href":"https:\/\/ktech7.k-tech-services.com\/info568\/wp-json\/wp\/v2\/media?parent=345"}],"wp:term":[{"taxonomy":"product_brand","embeddable":true,"href":"https:\/\/ktech7.k-tech-services.com\/info568\/wp-json\/wp\/v2\/product_brand?post=345"},{"taxonomy":"product_cat","embeddable":true,"href":"https:\/\/ktech7.k-tech-services.com\/info568\/wp-json\/wp\/v2\/product_cat?post=345"},{"taxonomy":"product_tag","embeddable":true,"href":"https:\/\/ktech7.k-tech-services.com\/info568\/wp-json\/wp\/v2\/product_tag?post=345"}],"curies":[{"name":"wp","href":"https:\/\/api.w.org\/{rel}","templated":true}]}}