{"id":343,"date":"2026-03-25T04:24:40","date_gmt":"2026-03-25T04:24:40","guid":{"rendered":"https:\/\/ktech7.k-tech-services.com\/info568\/product\/card-man-hinh-vga-asus-dual-rtx-3060-12gb-oc-2-fan-v2-dual-rtx3060-o12g-v2\/"},"modified":"2026-03-25T04:24:40","modified_gmt":"2026-03-25T04:24:40","slug":"card-man-hinh-vga-asus-dual-rtx-3060-12gb-oc-2-fan-v2-dual-rtx3060-o12g-v2","status":"publish","type":"product","link":"https:\/\/ktech7.k-tech-services.com\/info568\/product\/card-man-hinh-vga-asus-dual-rtx-3060-12gb-oc-2-fan-v2-dual-rtx3060-o12g-v2\/","title":{"rendered":"Card m\u00e0n h\u00ecnh VGA ASUS Dual RTX 3060 12GB OC 2 Fan V2 (DUAL-RTX3060-O12G-V2)"},"content":{"rendered":"<p>Nh\u00e2n \u0111\u1ed3 h\u1ecda Nvidia RTX 3060<br \/>\nB\u1ed9 nh\u1edb Vram: 12GB GDDR6<br \/>\nXung nh\u1ecbp GPU t\u1ed1i \u0111a: 1807 Mhz<br \/>\nPhi\u00ean b\u1ea3n Low Hash Rate (LHR): H\u1ea1n ch\u1ebf kh\u1ea3 n\u0103ng \u0111\u00e0o coin<\/p>\n","protected":false},"excerpt":{"rendered":"<p>Nh\u00e2n \u0111\u1ed3 h\u1ecda Nvidia RTX 3060 B\u1ed9 nh\u1edb Vram: 12GB GDDR6 Xung nh\u1ecbp GPU t\u1ed1i \u0111a: 1807 Mhz Phi\u00ean b\u1ea3n Low Hash Rate (LHR): H\u1ea1n ch\u1ebf kh\u1ea3 n\u0103ng \u0111\u00e0o coin<\/p>\n","protected":false},"featured_media":0,"comment_status":"open","ping_status":"closed","template":"","meta":{"_acf_changed":false},"product_brand":[],"product_cat":[15],"product_tag":[],"class_list":{"0":"post-343","1":"product","2":"type-product","3":"status-publish","5":"product_cat-laptop","7":"first","8":"outofstock","9":"shipping-taxable","10":"purchasable","11":"product-type-simple"},"acf":[],"_links":{"self":[{"href":"https:\/\/ktech7.k-tech-services.com\/info568\/wp-json\/wp\/v2\/product\/343","targetHints":{"allow":["GET"]}}],"collection":[{"href":"https:\/\/ktech7.k-tech-services.com\/info568\/wp-json\/wp\/v2\/product"}],"about":[{"href":"https:\/\/ktech7.k-tech-services.com\/info568\/wp-json\/wp\/v2\/types\/product"}],"replies":[{"embeddable":true,"href":"https:\/\/ktech7.k-tech-services.com\/info568\/wp-json\/wp\/v2\/comments?post=343"}],"wp:attachment":[{"href":"https:\/\/ktech7.k-tech-services.com\/info568\/wp-json\/wp\/v2\/media?parent=343"}],"wp:term":[{"taxonomy":"product_brand","embeddable":true,"href":"https:\/\/ktech7.k-tech-services.com\/info568\/wp-json\/wp\/v2\/product_brand?post=343"},{"taxonomy":"product_cat","embeddable":true,"href":"https:\/\/ktech7.k-tech-services.com\/info568\/wp-json\/wp\/v2\/product_cat?post=343"},{"taxonomy":"product_tag","embeddable":true,"href":"https:\/\/ktech7.k-tech-services.com\/info568\/wp-json\/wp\/v2\/product_tag?post=343"}],"curies":[{"name":"wp","href":"https:\/\/api.w.org\/{rel}","templated":true}]}}