{"id":331,"date":"2026-03-25T04:24:34","date_gmt":"2026-03-25T04:24:34","guid":{"rendered":"https:\/\/ktech7.k-tech-services.com\/info568\/?post_type=product&#038;p=331"},"modified":"2026-03-25T04:24:41","modified_gmt":"2026-03-25T04:24:41","slug":"card-man-hinh-vga-asus-dual-geforce-rtx-3050-6gb-gddr6","status":"publish","type":"product","link":"https:\/\/ktech7.k-tech-services.com\/info568\/product\/card-man-hinh-vga-asus-dual-geforce-rtx-3050-6gb-gddr6\/","title":{"rendered":"Card m\u00e0n h\u00ecnh VGA ASUS Dual GeForce RTX 3050 6GB GDDR6"},"content":{"rendered":"<p>Nh\u00e2n \u0111\u1ed3 h\u1ecda: NVIDIA\u00ae GeForce RTX\u2122 3050<br \/>\nNh\u00e2n CUDA: 230<br \/>\nB\u1ed9 nh\u1edb: 6GB GDDR6<br \/>\nGiao th\u1ee9c b\u1ed9 nh\u1edb: 96-bit<br \/>\nNgu\u1ed3n khuy\u1ebfn ngh\u1ecb: 550W<\/p>\n","protected":false},"excerpt":{"rendered":"<p>Nh\u00e2n \u0111\u1ed3 h\u1ecda: NVIDIA\u00ae GeForce RTX\u2122 3050 Nh\u00e2n CUDA: 230 B\u1ed9 nh\u1edb: 6GB GDDR6 Giao th\u1ee9c b\u1ed9 nh\u1edb: 96-bit Ngu\u1ed3n khuy\u1ebfn ngh\u1ecb: 550W<\/p>\n","protected":false},"featured_media":0,"comment_status":"open","ping_status":"closed","template":"","meta":{"_acf_changed":false},"product_brand":[],"product_cat":[15],"product_tag":[],"class_list":{"0":"post-331","1":"product","2":"type-product","3":"status-publish","5":"product_cat-laptop","7":"first","8":"outofstock","9":"shipping-taxable","10":"purchasable","11":"product-type-simple"},"acf":[],"_links":{"self":[{"href":"https:\/\/ktech7.k-tech-services.com\/info568\/wp-json\/wp\/v2\/product\/331","targetHints":{"allow":["GET"]}}],"collection":[{"href":"https:\/\/ktech7.k-tech-services.com\/info568\/wp-json\/wp\/v2\/product"}],"about":[{"href":"https:\/\/ktech7.k-tech-services.com\/info568\/wp-json\/wp\/v2\/types\/product"}],"replies":[{"embeddable":true,"href":"https:\/\/ktech7.k-tech-services.com\/info568\/wp-json\/wp\/v2\/comments?post=331"}],"wp:attachment":[{"href":"https:\/\/ktech7.k-tech-services.com\/info568\/wp-json\/wp\/v2\/media?parent=331"}],"wp:term":[{"taxonomy":"product_brand","embeddable":true,"href":"https:\/\/ktech7.k-tech-services.com\/info568\/wp-json\/wp\/v2\/product_brand?post=331"},{"taxonomy":"product_cat","embeddable":true,"href":"https:\/\/ktech7.k-tech-services.com\/info568\/wp-json\/wp\/v2\/product_cat?post=331"},{"taxonomy":"product_tag","embeddable":true,"href":"https:\/\/ktech7.k-tech-services.com\/info568\/wp-json\/wp\/v2\/product_tag?post=331"}],"curies":[{"name":"wp","href":"https:\/\/api.w.org\/{rel}","templated":true}]}}