{"id":327,"date":"2026-03-25T04:24:34","date_gmt":"2026-03-25T04:24:34","guid":{"rendered":"https:\/\/ktech7.k-tech-services.com\/info568\/?post_type=product&#038;p=327"},"modified":"2026-03-25T04:24:37","modified_gmt":"2026-03-25T04:24:37","slug":"card-man-hinh-asus-dual-rx-6500-xt-o4g","status":"publish","type":"product","link":"https:\/\/ktech7.k-tech-services.com\/info568\/product\/card-man-hinh-asus-dual-rx-6500-xt-o4g\/","title":{"rendered":"Card m\u00e0n h\u00ecnh Asus DUAL-RX 6500 XT-O4G"},"content":{"rendered":"<p>Nh\u00e2n \u0111\u1ed3 h\u1ecda: AMD RX 6500 XT<br \/>\nDung l\u01b0\u1ee3ng VRAM: 4GB GDDR6<br \/>\nS\u1ed1 nh\u00e2n Stream: 1024<br \/>\nC\u00f4ng su\u1ea5t ngu\u1ed3n y\u00eau c\u1ea7u: T\u1eeb 400W<\/p>\n","protected":false},"excerpt":{"rendered":"<p>Nh\u00e2n \u0111\u1ed3 h\u1ecda: AMD RX 6500 XT Dung l\u01b0\u1ee3ng VRAM: 4GB GDDR6 S\u1ed1 nh\u00e2n Stream: 1024 C\u00f4ng su\u1ea5t ngu\u1ed3n y\u00eau c\u1ea7u: T\u1eeb 400W<\/p>\n","protected":false},"featured_media":0,"comment_status":"open","ping_status":"closed","template":"","meta":{"_acf_changed":false},"product_brand":[],"product_cat":[15],"product_tag":[],"class_list":{"0":"post-327","1":"product","2":"type-product","3":"status-publish","5":"product_cat-laptop","7":"first","8":"outofstock","9":"shipping-taxable","10":"purchasable","11":"product-type-simple"},"acf":[],"_links":{"self":[{"href":"https:\/\/ktech7.k-tech-services.com\/info568\/wp-json\/wp\/v2\/product\/327","targetHints":{"allow":["GET"]}}],"collection":[{"href":"https:\/\/ktech7.k-tech-services.com\/info568\/wp-json\/wp\/v2\/product"}],"about":[{"href":"https:\/\/ktech7.k-tech-services.com\/info568\/wp-json\/wp\/v2\/types\/product"}],"replies":[{"embeddable":true,"href":"https:\/\/ktech7.k-tech-services.com\/info568\/wp-json\/wp\/v2\/comments?post=327"}],"wp:attachment":[{"href":"https:\/\/ktech7.k-tech-services.com\/info568\/wp-json\/wp\/v2\/media?parent=327"}],"wp:term":[{"taxonomy":"product_brand","embeddable":true,"href":"https:\/\/ktech7.k-tech-services.com\/info568\/wp-json\/wp\/v2\/product_brand?post=327"},{"taxonomy":"product_cat","embeddable":true,"href":"https:\/\/ktech7.k-tech-services.com\/info568\/wp-json\/wp\/v2\/product_cat?post=327"},{"taxonomy":"product_tag","embeddable":true,"href":"https:\/\/ktech7.k-tech-services.com\/info568\/wp-json\/wp\/v2\/product_tag?post=327"}],"curies":[{"name":"wp","href":"https:\/\/api.w.org\/{rel}","templated":true}]}}