{"id":241,"date":"2026-03-16T08:23:15","date_gmt":"2026-03-16T08:23:15","guid":{"rendered":"http:\/\/triviet.local\/?page_id=241"},"modified":"2026-03-29T06:56:58","modified_gmt":"2026-03-29T06:56:58","slug":"xay-dung-cau-hinh","status":"publish","type":"page","link":"https:\/\/ktech7.k-tech-services.com\/info568\/xay-dung-cau-hinh\/","title":{"rendered":"X\u00e2y d\u1ef1ng c\u1ea5u h\u00ecnh"},"content":{"rendered":"<h2 style=\"text-align: center;\">Build PC Online\u00a0T\u1ef1 Ch\u1ecdn C\u1ea5u H\u00ecnh M\u00e1y T\u00ednh Theo Nhu C\u1ea7u<\/h2>\n<p><img loading=\"lazy\" decoding=\"async\" class=\"aligncenter wp-image-247 size-full\" src=\"http:\/\/triviet.local\/wp-content\/uploads\/2026\/03\/image-1740.png\" alt=\"\" width=\"1360\" height=\"420\" srcset=\"https:\/\/ktech7.k-tech-services.com\/info568\/wp-content\/uploads\/2026\/03\/image-1740.png 1360w, https:\/\/ktech7.k-tech-services.com\/info568\/wp-content\/uploads\/2026\/03\/image-1740-300x93.png 300w, https:\/\/ktech7.k-tech-services.com\/info568\/wp-content\/uploads\/2026\/03\/image-1740-1024x316.png 1024w, https:\/\/ktech7.k-tech-services.com\/info568\/wp-content\/uploads\/2026\/03\/image-1740-768x237.png 768w, https:\/\/ktech7.k-tech-services.com\/info568\/wp-content\/uploads\/2026\/03\/image-1740-600x185.png 600w\" sizes=\"auto, (max-width: 1360px) 100vw, 1360px\" \/><\/p>\n","protected":false},"excerpt":{"rendered":"<p>Build PC Online\u00a0T\u1ef1 Ch\u1ecdn C\u1ea5u H\u00ecnh M\u00e1y T\u00ednh Theo Nhu C\u1ea7u<\/p>\n","protected":false},"author":1,"featured_media":0,"parent":0,"menu_order":0,"comment_status":"closed","ping_status":"closed","template":"templates\/buildpc.php","meta":{"_acf_changed":false,"footnotes":""},"class_list":["post-241","page","type-page","status-publish","hentry"],"acf":[],"_links":{"self":[{"href":"https:\/\/ktech7.k-tech-services.com\/info568\/wp-json\/wp\/v2\/pages\/241","targetHints":{"allow":["GET"]}}],"collection":[{"href":"https:\/\/ktech7.k-tech-services.com\/info568\/wp-json\/wp\/v2\/pages"}],"about":[{"href":"https:\/\/ktech7.k-tech-services.com\/info568\/wp-json\/wp\/v2\/types\/page"}],"author":[{"embeddable":true,"href":"https:\/\/ktech7.k-tech-services.com\/info568\/wp-json\/wp\/v2\/users\/1"}],"replies":[{"embeddable":true,"href":"https:\/\/ktech7.k-tech-services.com\/info568\/wp-json\/wp\/v2\/comments?post=241"}],"version-history":[{"count":4,"href":"https:\/\/ktech7.k-tech-services.com\/info568\/wp-json\/wp\/v2\/pages\/241\/revisions"}],"predecessor-version":[{"id":633,"href":"https:\/\/ktech7.k-tech-services.com\/info568\/wp-json\/wp\/v2\/pages\/241\/revisions\/633"}],"wp:attachment":[{"href":"https:\/\/ktech7.k-tech-services.com\/info568\/wp-json\/wp\/v2\/media?parent=241"}],"curies":[{"name":"wp","href":"https:\/\/api.w.org\/{rel}","templated":true}]}}